{"id":55769,"date":"2024-02-28T06:01:20","date_gmt":"2024-02-28T06:01:20","guid":{"rendered":"https:\/\/staging.nbg.eu\/product\/fox-classic-hunter-9-3-mm-220-gr\/"},"modified":"2024-09-13T13:17:00","modified_gmt":"2024-09-13T13:17:00","slug":"fox-classic-hunter-93-mm-220-gr","status":"publish","type":"product","link":"https:\/\/staging.nbg.eu\/cs\/produkt\/fox-classic-hunter-93-mm-220-gr\/","title":{"rendered":"Fox Classic Hunter 9.3 mm (220 gr)"},"content":{"rendered":"<div class=\"product-description\">\n<h2>Fox Classic Hunter<\/h2>\n<p>Fox Classic Hunter je st\u0159ela bez obsahu olova ur\u010den\u00e1 pro evropsk\u00e9 lovce. Je vhodn\u00e1 pro r\u016fzn\u00e9 loveck\u00e9 situace, v\u010detn\u011b lovu divok\u00fdch prasat nebo kamz\u00edk\u016f v hor\u00e1ch. Tato st\u0159ela je vyrobena ze slitiny m\u011bdi a zinku.<\/p>\n<ul>\n<li>Slo\u017een\u00ed bez obsahu olova<\/li>\n<li>Deformace p\u0159i ni\u017e\u0161\u00edch n\u00e1razov\u00fdch rychlostech (500 m\/s)<\/li>\n<li>Dr\u00e1\u017ekovan\u00fd design pro sn\u00ed\u017een\u00ed tlaku v hlavni a zv\u00fd\u0161en\u00ed rychlosti<\/li>\n<li>Plastov\u00e1 \u0161pi\u010dka odoln\u00e1 v\u016f\u010di teplot\u00e1m zlep\u0161uje balistiku a termin\u00e1ln\u00ed efekt<\/li>\n<li>Kontrolovan\u00e1 expanze pro optim\u00e1ln\u00ed p\u0159enos energie<\/li>\n<li>Deformace ve tvaru h\u0159ibu a\u017e na dvojn\u00e1sobek pr\u016fm\u011bru kalibru<\/li>\n<li>Vysok\u00e1 zastavovac\u00ed schopnost s minim\u00e1ln\u00edm po\u0161kozen\u00edm masa<\/li>\n<\/ul>\n<p>Fox Classic Hunter je vhodn\u00fd pro lov v Evrop\u011b.<\/p>\n<\/div>\n","protected":false},"excerpt":{"rendered":"<p>Bezolovnat\u00e1 m\u011bd\u011bno-zinkov\u00e1 st\u0159ela pro v\u0161estrann\u00fd lov. Rychl\u00e1 expanze, vysok\u00e1 p\u0159esnost.<\/p>\n","protected":false},"featured_media":55770,"template":"","meta":{"_acf_changed":false},"product_brand":[11334],"product_cat":[12705,12688],"product_tag":[],"class_list":{"0":"post-55769","1":"product","2":"type-product","3":"status-publish","4":"has-post-thumbnail","6":"product_brand-fox-bullets","7":"product_cat-prebijeni","8":"product_cat-strely","10":"first","11":"instock","12":"taxable","13":"shipping-taxable","14":"purchasable","15":"product-type-simple"},"acf":[],"_links":{"self":[{"href":"https:\/\/staging.nbg.eu\/cs\/wp-json\/wp\/v2\/product\/55769","targetHints":{"allow":["GET"]}}],"collection":[{"href":"https:\/\/staging.nbg.eu\/cs\/wp-json\/wp\/v2\/product"}],"about":[{"href":"https:\/\/staging.nbg.eu\/cs\/wp-json\/wp\/v2\/types\/product"}],"wp:featuredmedia":[{"embeddable":true,"href":"https:\/\/staging.nbg.eu\/cs\/wp-json\/wp\/v2\/media\/55770"}],"wp:attachment":[{"href":"https:\/\/staging.nbg.eu\/cs\/wp-json\/wp\/v2\/media?parent=55769"}],"wp:term":[{"taxonomy":"product_brand","embeddable":true,"href":"https:\/\/staging.nbg.eu\/cs\/wp-json\/wp\/v2\/product_brand?post=55769"},{"taxonomy":"product_cat","embeddable":true,"href":"https:\/\/staging.nbg.eu\/cs\/wp-json\/wp\/v2\/product_cat?post=55769"},{"taxonomy":"product_tag","embeddable":true,"href":"https:\/\/staging.nbg.eu\/cs\/wp-json\/wp\/v2\/product_tag?post=55769"}],"curies":[{"name":"wp","href":"https:\/\/api.w.org\/{rel}","templated":true}]}}