{"id":554446,"date":"2025-09-05T18:19:19","date_gmt":"2025-09-05T15:19:19","guid":{"rendered":"https:\/\/staging.nbg.eu\/product\/magpul-enhanced-ejection-port-cover-for-ar-15\/"},"modified":"2025-10-01T16:37:15","modified_gmt":"2025-10-01T13:37:15","slug":"magpul-vylepseny-kryt-vyhozoveho-otvoru-pro-ar-15","status":"publish","type":"product","link":"https:\/\/staging.nbg.eu\/cs\/produkt\/magpul-vylepseny-kryt-vyhozoveho-otvoru-pro-ar-15\/","title":{"rendered":"MAGPUL VYLEP\u0160EN\u00dd KRYT V\u00ddHOZOV\u00c9HO OTVORU PRO AR-15"},"content":{"rendered":"<div class=\"product-description\">\n<h2>Magpul Vylep\u0161en\u00fd kryt vyhazovac\u00edho ok\u00e9nka pro AR-15<\/h2>\n<p>Magpul Vylep\u0161en\u00fd kryt vyhazovac\u00edho ok\u00e9nka je sou\u010d\u00e1st pro AR-15. Tento kryt obsahuje:<\/p>\n<ul>\n<li>Konstruk\u010dn\u00ed materi\u00e1l odoln\u00fd v\u016f\u010di korozi a n\u00e1raz\u016fm z vst\u0159ikovan\u00e9ho polymeru<\/li>\n<li>Snadn\u00e1 instalace bez nutnosti odstra\u0148ovat p\u0159edpa\u017eb\u00ed, matici hlavn\u011b, c-svorky nebo pru\u017einy<\/li>\n<li>Kompatibilita s platformami AR-15 r\u00e1\u017ee .223 Remington\/5.56<\/li>\n<li>\u010cern\u00e1 povrchov\u00e1 \u00faprava<\/li>\n<\/ul>\n<p>Magpul Vylep\u0161en\u00fd kryt vyhazovac\u00edho ok\u00e9nka nab\u00edz\u00ed snadnou instalaci a \u00fadr\u017ebu pro va\u0161i pu\u0161ku AR-15.<\/p>\n<\/div>\n","protected":false},"excerpt":{"rendered":"<p>Nasazovac\u00ed, korozivzdorn\u00fd kryt z\u00e1v\u011bru pro AR-15. Snadn\u00e1 instalace.<\/p>\n","protected":false},"featured_media":499439,"template":"","meta":{"_acf_changed":false},"product_brand":[],"product_cat":[12670,12709,12658],"product_tag":[],"class_list":{"0":"post-554446","1":"product","2":"type-product","3":"status-publish","4":"has-post-thumbnail","6":"product_cat-ar-tuning","7":"product_cat-puska","8":"product_cat-rifle-tuning","10":"first","11":"instock","12":"taxable","13":"shipping-taxable","14":"purchasable","15":"product-type-simple"},"acf":[],"_links":{"self":[{"href":"https:\/\/staging.nbg.eu\/cs\/wp-json\/wp\/v2\/product\/554446","targetHints":{"allow":["GET"]}}],"collection":[{"href":"https:\/\/staging.nbg.eu\/cs\/wp-json\/wp\/v2\/product"}],"about":[{"href":"https:\/\/staging.nbg.eu\/cs\/wp-json\/wp\/v2\/types\/product"}],"wp:featuredmedia":[{"embeddable":true,"href":"https:\/\/staging.nbg.eu\/cs\/wp-json\/wp\/v2\/media\/499439"}],"wp:attachment":[{"href":"https:\/\/staging.nbg.eu\/cs\/wp-json\/wp\/v2\/media?parent=554446"}],"wp:term":[{"taxonomy":"product_brand","embeddable":true,"href":"https:\/\/staging.nbg.eu\/cs\/wp-json\/wp\/v2\/product_brand?post=554446"},{"taxonomy":"product_cat","embeddable":true,"href":"https:\/\/staging.nbg.eu\/cs\/wp-json\/wp\/v2\/product_cat?post=554446"},{"taxonomy":"product_tag","embeddable":true,"href":"https:\/\/staging.nbg.eu\/cs\/wp-json\/wp\/v2\/product_tag?post=554446"}],"curies":[{"name":"wp","href":"https:\/\/api.w.org\/{rel}","templated":true}]}}