{"id":554253,"date":"2025-09-06T16:21:27","date_gmt":"2025-09-06T13:21:27","guid":{"rendered":"https:\/\/staging.nbg.eu\/product\/armazone-q-r-viper-30mm\/"},"modified":"2025-10-01T16:25:52","modified_gmt":"2025-10-01T13:25:52","slug":"obruc-q-r-viper-30mm","status":"publish","type":"product","link":"https:\/\/staging.nbg.eu\/cs\/produkt\/obruc-q-r-viper-30mm\/","title":{"rendered":"Obru\u010d Q-R Viper 30mm"},"content":{"rendered":"<h2>Armazone Q-R Viper 30mm<\/h2>\n<p>Armazone Q-R Viper 30mm je adapt\u00e9r QR navr\u017een\u00fd pro za\u0159\u00edzen\u00ed se z\u00e1vitem M33.5\u00d70.75. Tento jednod\u00edln\u00fd up\u00ednac\u00ed adapt\u00e9r umo\u017e\u0148uje p\u0159ipojen\u00ed no\u010dn\u00edho vid\u011bn\u00ed nebo termovizn\u00edch za\u0159\u00edzen\u00ed k denn\u00edm zam\u011b\u0159ova\u010d\u016fm.<\/p>\n<h2>Hlavn\u00ed vlastnosti:<\/h2>\n<ul>\n<li>Rychloup\u00ednac\u00ed p\u00e1ka pro snadn\u00e9 p\u0159ipevn\u011bn\u00ed a odstran\u011bn\u00ed<\/li>\n<li>Nastaven\u00ed a instalace bez n\u00e1stroj\u016f<\/li>\n<li>Speci\u00e1ln\u00ed p\u00e1ska ArmaZone pro sn\u00ed\u017een\u00ed hluku p\u0159i mont\u00e1\u017ei a st\u0159elb\u011b<\/li>\n<li>Kompatibiln\u00ed s termovizn\u00edmi p\u0159\u00edstroji Nitehog<\/li>\n<li>Kompenzuje a\u017e 1mm prohnut\u00ed sm\u011brem dol\u016f<\/li>\n<\/ul>\n<p>Armazone Q-R Viper 30mm je \u0159e\u0161en\u00ed pro st\u0159elce a lovce, kte\u0159\u00ed pot\u0159ebuj\u00ed zlep\u0161it no\u010dn\u00ed vid\u011bn\u00ed.<\/p>\n","protected":false},"excerpt":{"rendered":"<p>Rychloup\u00ednac\u00ed adapt\u00e9r pro term\u00e1ln\u00ed za\u0159\u00edzen\u00ed na pu\u0161kohledech Nitehog. Bez nutnosti n\u00e1\u0159ad\u00ed.<\/p>\n","protected":false},"featured_media":499528,"template":"","meta":{"_acf_changed":false},"product_brand":[],"product_cat":[12685,12642,12640],"product_tag":[],"class_list":{"0":"post-554253","1":"product","2":"type-product","3":"status-publish","4":"has-post-thumbnail","6":"product_cat-mireni","7":"product_cat-prislusenstvi-pro-mireni","8":"product_cat-termalni","10":"first","11":"instock","12":"taxable","13":"shipping-taxable","14":"purchasable","15":"product-type-simple"},"acf":[],"_links":{"self":[{"href":"https:\/\/staging.nbg.eu\/cs\/wp-json\/wp\/v2\/product\/554253","targetHints":{"allow":["GET"]}}],"collection":[{"href":"https:\/\/staging.nbg.eu\/cs\/wp-json\/wp\/v2\/product"}],"about":[{"href":"https:\/\/staging.nbg.eu\/cs\/wp-json\/wp\/v2\/types\/product"}],"wp:featuredmedia":[{"embeddable":true,"href":"https:\/\/staging.nbg.eu\/cs\/wp-json\/wp\/v2\/media\/499528"}],"wp:attachment":[{"href":"https:\/\/staging.nbg.eu\/cs\/wp-json\/wp\/v2\/media?parent=554253"}],"wp:term":[{"taxonomy":"product_brand","embeddable":true,"href":"https:\/\/staging.nbg.eu\/cs\/wp-json\/wp\/v2\/product_brand?post=554253"},{"taxonomy":"product_cat","embeddable":true,"href":"https:\/\/staging.nbg.eu\/cs\/wp-json\/wp\/v2\/product_cat?post=554253"},{"taxonomy":"product_tag","embeddable":true,"href":"https:\/\/staging.nbg.eu\/cs\/wp-json\/wp\/v2\/product_tag?post=554253"}],"curies":[{"name":"wp","href":"https:\/\/api.w.org\/{rel}","templated":true}]}}