{"id":55321,"date":"2024-02-28T08:15:21","date_gmt":"2024-09-13T13:11:59","guid":{"rendered":"https:\/\/staging.nbg.eu\/product\/fox-ammunition-65x55se-123-gr\/"},"modified":"2024-09-13T13:12:46","modified_gmt":"2024-09-13T13:12:46","slug":"fox-ammunition-65x55se-123-gr","status":"publish","type":"product","link":"https:\/\/staging.nbg.eu\/cs\/produkt\/fox-ammunition-65x55se-123-gr\/","title":{"rendered":"Fox Ammunition 6,5x55SE (123 gr)"},"content":{"rendered":"<div class=\"product-description\">\n<h2>St\u0159elivo Fox Classic Hunter<\/h2>\n<p>St\u0159ely Fox Classic Hunter jsou bez obsahu olova, ur\u010den\u00e9 pro v\u0161echny evropsk\u00e9 loveck\u00e9 sc\u00e9n\u00e1\u0159e. Vyroben\u00e9 ze slitiny m\u011bdi a zinku, nab\u00edzej\u00ed:<\/p>\n<ul>\n<li>\u00da\u010dinnost p\u0159i lovu divo\u010d\u00e1k\u016f na kr\u00e1tkou vzd\u00e1lenost i p\u0159i st\u0159elb\u011b na velk\u00e9 vzd\u00e1lenosti v hor\u00e1ch<\/li>\n<li>Spolehlivou deformaci p\u0159i ni\u017e\u0161\u00edch n\u00e1razov\u00fdch rychlostech (500 m\/s)<\/li>\n<li>Dr\u00e1\u017ekovan\u00fd design pro sn\u00ed\u017een\u00ed tlaku v hlavni a zv\u00fd\u0161en\u00ed rychlosti<\/li>\n<li>Termostabiln\u00ed plastovou \u0161pi\u010dku pro lep\u0161\u00ed balistiku a koncov\u00fd \u00fa\u010dinek<\/li>\n<li>Kontrolovanou expanzi pro efektivn\u00ed p\u0159enos energie a zastavovac\u00ed s\u00edlu<\/li>\n<li>Houbovitou deformaci a\u017e na dvojn\u00e1sobek pr\u016fm\u011bru kalibru<\/li>\n<li>Zachov\u00e1n\u00ed 95%+ hmoty p\u0159i b\u011b\u017en\u00fdch podm\u00ednk\u00e1ch pr\u016fniku<\/li>\n<li>Zachov\u00e1n\u00ed kvality masa<\/li>\n<\/ul>\n<p>St\u0159elivo Fox Classic Hunter poskytuje vysok\u00fd v\u00fdkon a etick\u00fd lov.<\/p>\n<\/div>\n","protected":false},"excerpt":{"rendered":"<p>Bezolovnat\u00e9 st\u0159elivo pro v\u0161estrann\u00fd evropsk\u00fd lov. P\u0159esn\u00e9 a \u00fa\u010dinn\u00e9.<\/p>\n","protected":false},"featured_media":55322,"template":"","meta":{"_acf_changed":false},"product_brand":[11334],"product_cat":[12684,12721],"product_tag":[],"class_list":{"0":"post-55321","1":"product","2":"type-product","3":"status-publish","4":"has-post-thumbnail","6":"product_brand-fox-bullets","7":"product_cat-munice","8":"product_cat-puskove-strelivo","10":"first","11":"instock","12":"taxable","13":"shipping-taxable","14":"purchasable","15":"product-type-simple"},"acf":[],"_links":{"self":[{"href":"https:\/\/staging.nbg.eu\/cs\/wp-json\/wp\/v2\/product\/55321","targetHints":{"allow":["GET"]}}],"collection":[{"href":"https:\/\/staging.nbg.eu\/cs\/wp-json\/wp\/v2\/product"}],"about":[{"href":"https:\/\/staging.nbg.eu\/cs\/wp-json\/wp\/v2\/types\/product"}],"wp:featuredmedia":[{"embeddable":true,"href":"https:\/\/staging.nbg.eu\/cs\/wp-json\/wp\/v2\/media\/55322"}],"wp:attachment":[{"href":"https:\/\/staging.nbg.eu\/cs\/wp-json\/wp\/v2\/media?parent=55321"}],"wp:term":[{"taxonomy":"product_brand","embeddable":true,"href":"https:\/\/staging.nbg.eu\/cs\/wp-json\/wp\/v2\/product_brand?post=55321"},{"taxonomy":"product_cat","embeddable":true,"href":"https:\/\/staging.nbg.eu\/cs\/wp-json\/wp\/v2\/product_cat?post=55321"},{"taxonomy":"product_tag","embeddable":true,"href":"https:\/\/staging.nbg.eu\/cs\/wp-json\/wp\/v2\/product_tag?post=55321"}],"curies":[{"name":"wp","href":"https:\/\/api.w.org\/{rel}","templated":true}]}}