{"id":55068,"date":"2024-01-30T18:04:43","date_gmt":"2024-09-13T13:10:47","guid":{"rendered":"https:\/\/staging.nbg.eu\/product\/fox-ammunition-308win\/"},"modified":"2024-09-13T13:11:38","modified_gmt":"2024-09-13T13:11:38","slug":"fox-ammunition-308win","status":"publish","type":"product","link":"https:\/\/staging.nbg.eu\/cs\/produkt\/fox-ammunition-308win\/","title":{"rendered":"Fox Ammunition 308win"},"content":{"rendered":"<div class=\"product-description\">\n<h2>St\u0159elivo Fox Classic Hunter<\/h2>\n<p>St\u0159ely Fox Classic Hunter jsou bezolovnat\u00e9, ur\u010den\u00e9 pro v\u0161echny evropsk\u00e9 loveck\u00e9 sc\u00e9n\u00e1\u0159e. Vyroben\u00e9 ze slitiny m\u011bdi a zinku, nab\u00edzej\u00ed:<\/p>\n<ul>\n<li>\u00da\u010dinnost od lovu divo\u010d\u00e1k\u016f na kr\u00e1tkou vzd\u00e1lenost po st\u0159elbu na dlouh\u00e9 vzd\u00e1lenosti v hor\u00e1ch<\/li>\n<li>Spolehlivou deformaci p\u0159i ni\u017e\u0161\u00edch dopadov\u00fdch rychlostech (500 m\/s)<\/li>\n<li>Dr\u00e1\u017ekovan\u00fd design pro sn\u00ed\u017een\u00ed tlaku v hlavni a zv\u00fd\u0161en\u00ed rychlosti<\/li>\n<li>Termostabiln\u00ed plastovou \u0161pi\u010dku pro zlep\u0161en\u00ed balistiky a termin\u00e1ln\u00edho \u00fa\u010dinku<\/li>\n<li>Kontrolovanou expanzi pro efektivn\u00ed p\u0159enos energie a zastavovac\u00ed s\u00edlu<\/li>\n<li>Deformaci do h\u0159ibovit\u00e9ho tvaru a\u017e na dvojn\u00e1sobek pr\u016fm\u011bru kalibru<\/li>\n<li>95%+ retence hmotnosti za norm\u00e1ln\u00edch podm\u00ednek pr\u016fniku<\/li>\n<li>Zachov\u00e1n\u00ed kvality masa<\/li>\n<\/ul>\n<p>St\u0159elivo Fox Classic Hunter pro lov.<\/p>\n<\/div>\n","protected":false},"excerpt":{"rendered":"<p>Bezolovnat\u00e9 st\u0159elivo pro v\u0161estrann\u00fd evropsk\u00fd lov. P\u0159esn\u00e9 a \u00fa\u010dinn\u00e9.<\/p>\n","protected":false},"featured_media":55069,"template":"","meta":{"_acf_changed":false},"product_brand":[11334],"product_cat":[12684,12721],"product_tag":[],"class_list":{"0":"post-55068","1":"product","2":"type-product","3":"status-publish","4":"has-post-thumbnail","6":"product_brand-fox-bullets","7":"product_cat-munice","8":"product_cat-puskove-strelivo","10":"first","11":"instock","12":"taxable","13":"shipping-taxable","14":"purchasable","15":"product-type-variable","16":"wvs-archive-product-wrapper"},"acf":[],"_links":{"self":[{"href":"https:\/\/staging.nbg.eu\/cs\/wp-json\/wp\/v2\/product\/55068","targetHints":{"allow":["GET"]}}],"collection":[{"href":"https:\/\/staging.nbg.eu\/cs\/wp-json\/wp\/v2\/product"}],"about":[{"href":"https:\/\/staging.nbg.eu\/cs\/wp-json\/wp\/v2\/types\/product"}],"wp:featuredmedia":[{"embeddable":true,"href":"https:\/\/staging.nbg.eu\/cs\/wp-json\/wp\/v2\/media\/55069"}],"wp:attachment":[{"href":"https:\/\/staging.nbg.eu\/cs\/wp-json\/wp\/v2\/media?parent=55068"}],"wp:term":[{"taxonomy":"product_brand","embeddable":true,"href":"https:\/\/staging.nbg.eu\/cs\/wp-json\/wp\/v2\/product_brand?post=55068"},{"taxonomy":"product_cat","embeddable":true,"href":"https:\/\/staging.nbg.eu\/cs\/wp-json\/wp\/v2\/product_cat?post=55068"},{"taxonomy":"product_tag","embeddable":true,"href":"https:\/\/staging.nbg.eu\/cs\/wp-json\/wp\/v2\/product_tag?post=55068"}],"curies":[{"name":"wp","href":"https:\/\/api.w.org\/{rel}","templated":true}]}}