{"id":547100,"date":"2025-09-05T18:15:58","date_gmt":"2025-09-05T15:15:58","guid":{"rendered":"https:\/\/staging.nbg.eu\/product\/mount-arta435-34-34mm\/"},"modified":"2025-10-01T11:12:10","modified_gmt":"2025-10-01T08:12:10","slug":"montaz-arta435-34-34mm","status":"publish","type":"product","link":"https:\/\/staging.nbg.eu\/cs\/produkt\/montaz-arta435-34-34mm\/","title":{"rendered":"Mont\u00e1\u017e ARTA435-34, 34mm"},"content":{"rendered":"<div class=\"product-description\">\n<h2>XSKEL34TW Gen 2 Prodlou\u017een\u00fd skeletonizovan\u00fd 34mm MSR dr\u017e\u00e1k<\/h2>\n<p>XSKEL34TW Gen 2 je prodlou\u017een\u00fd skeletonizovan\u00fd 34mm MSR dr\u017e\u00e1k navr\u017een\u00fd pro pou\u017eit\u00ed na pu\u0161k\u00e1ch typu AR15, AR10 a sportovn\u00edch pu\u0161k\u00e1ch s Picatinny li\u0161tou dlouhou 2,75&#8243; nebo v\u00edce.<\/p>\n<h2>Hlavn\u00ed vlastnosti:<\/h2>\n<ul>\n<li>MSR ide\u00e1ln\u00ed v\u00fd\u0161ka pro spr\u00e1vn\u00e9 zarovn\u00e1n\u00ed<\/li>\n<li>V\u00edce ne\u017e 2 palce dop\u0159edn\u00e9ho p\u0159evisu pro lep\u0161\u00ed vyv\u00e1\u017een\u00ed<\/li>\n<li>Ocelov\u00e9 z\u00e1vitov\u00e9 vlo\u017eky pro \u0161rouby<\/li>\n<li>Lehk\u00fd a odoln\u00fd skeletonizovan\u00fd design<\/li>\n<li>Vyroben z hlin\u00edku 6061 pomoc\u00ed CNC obr\u00e1b\u011bn\u00ed<\/li>\n<li>Jednod\u00edln\u00fd bo\u010dn\u00ed up\u00ednac\u00ed design pro zv\u00fd\u0161enou pevnost<\/li>\n<\/ul>\n<p>XSKEL34TW je navr\u017een pro v\u011bt\u0161\u00ed a t\u011b\u017e\u0161\u00ed pu\u0161kohledy s 34mm tubusem, v\u010detn\u011b optiky s n\u00edzk\u00fdm zv\u011bt\u0161en\u00edm a optiky pro dlouh\u00e9 vzd\u00e1lenosti s objektivy a\u017e do 56 mm. Umis\u0165uje optiku do ide\u00e1ln\u00ed v\u00fd\u0161ky a polohy na platform\u011b AR.<\/p>\n<p>Kompatibiln\u00ed s AR-15, M-4, SR-25, LR308, PTR-91 a dal\u0161\u00edmi MSR s Picatinny li\u0161tou dlouhou alespo\u0148 3 palce. Pou\u017e\u00edv\u00e1 se tak\u00e9 na taktick\u00fdch p\u00e1kov\u00fdch pu\u0161k\u00e1ch.<\/p>\n<p>XSKEL34TW MSR\/AR dr\u017e\u00e1k je pou\u017e\u00edv\u00e1n st\u0159elci v 3-gun sout\u011b\u017e\u00edch, z\u00e1vodn\u00edmi st\u0159elci a taktick\u00fdmi nad\u0161enci pro sout\u011b\u017ee, taktick\u00e9 mise a lov s AR.<\/p>\n<p>XSKEL34TW Gen 2 prodlou\u017een\u00fd skeletonizovan\u00fd 34mm MSR dr\u017e\u00e1k kombinuje lehk\u00fd design a odolnost.<\/p>\n<\/div>\n","protected":false},"excerpt":{"rendered":"<p>Lehk\u00fd, odoln\u00fd 34mm dr\u017e\u00e1k na pu\u0161kohledy AR. Ide\u00e1ln\u00ed v\u00fd\u0161ka, 2&#8243; p\u0159edsunut\u00ed.<\/p>\n","protected":false},"featured_media":499244,"template":"","meta":{"_acf_changed":false},"product_brand":[],"product_cat":[12685,12642,12640],"product_tag":[],"class_list":{"0":"post-547100","1":"product","2":"type-product","3":"status-publish","4":"has-post-thumbnail","6":"product_cat-mireni","7":"product_cat-prislusenstvi-pro-mireni","8":"product_cat-termalni","10":"first","11":"instock","12":"taxable","13":"shipping-taxable","14":"purchasable","15":"product-type-simple"},"acf":[],"_links":{"self":[{"href":"https:\/\/staging.nbg.eu\/cs\/wp-json\/wp\/v2\/product\/547100","targetHints":{"allow":["GET"]}}],"collection":[{"href":"https:\/\/staging.nbg.eu\/cs\/wp-json\/wp\/v2\/product"}],"about":[{"href":"https:\/\/staging.nbg.eu\/cs\/wp-json\/wp\/v2\/types\/product"}],"wp:featuredmedia":[{"embeddable":true,"href":"https:\/\/staging.nbg.eu\/cs\/wp-json\/wp\/v2\/media\/499244"}],"wp:attachment":[{"href":"https:\/\/staging.nbg.eu\/cs\/wp-json\/wp\/v2\/media?parent=547100"}],"wp:term":[{"taxonomy":"product_brand","embeddable":true,"href":"https:\/\/staging.nbg.eu\/cs\/wp-json\/wp\/v2\/product_brand?post=547100"},{"taxonomy":"product_cat","embeddable":true,"href":"https:\/\/staging.nbg.eu\/cs\/wp-json\/wp\/v2\/product_cat?post=547100"},{"taxonomy":"product_tag","embeddable":true,"href":"https:\/\/staging.nbg.eu\/cs\/wp-json\/wp\/v2\/product_tag?post=547100"}],"curies":[{"name":"wp","href":"https:\/\/api.w.org\/{rel}","templated":true}]}}