{"id":54699,"date":"2024-03-01T10:55:25","date_gmt":"2024-09-13T13:04:57","guid":{"rendered":"https:\/\/staging.nbg.eu\/product\/fox-ammunition-30-06-spring-165-180-gr\/"},"modified":"2024-09-13T13:05:43","modified_gmt":"2024-09-13T13:05:43","slug":"fox-ammunition-30-06-spring-165180-gr","status":"publish","type":"product","link":"https:\/\/staging.nbg.eu\/cs\/produkt\/fox-ammunition-30-06-spring-165180-gr\/","title":{"rendered":"Fox Ammunition 30-06 Spring. (165\/180 gr)"},"content":{"rendered":"<div class=\"product-description\">\n<h2>St\u0159elivo Fox Classic Hunter<\/h2>\n<p>St\u0159ely Fox Classic Hunter jsou bezolovnat\u00e9, ur\u010den\u00e9 pro v\u0161echny evropsk\u00e9 loveck\u00e9 sc\u00e9n\u00e1\u0159e. Vyroben\u00e9 ze slitiny m\u011bdi a zinku, nab\u00edzej\u00ed:<\/p>\n<ul>\n<li>V\u00fdkon od lovu divo\u010d\u00e1k\u016f na kr\u00e1tkou vzd\u00e1lenost po horsk\u00e9 st\u0159ely na dlouhou vzd\u00e1lenost<\/li>\n<li>Deformaci p\u0159i ni\u017e\u0161\u00edch n\u00e1razov\u00fdch rychlostech (500 m\/s)<\/li>\n<li>Dr\u00e1\u017ekovan\u00fd design pro sn\u00ed\u017een\u00ed tlaku v hlavni a zv\u00fd\u0161en\u00ed rychlosti<\/li>\n<li>Plastovou \u0161pi\u010dku pro zlep\u0161en\u00ed balistiky a koncov\u00e9ho \u00fa\u010dinku<\/li>\n<li>Kontrolovanou expanzi pro p\u0159enos energie a zastavovac\u00ed schopnost<\/li>\n<li>Deformaci do h\u0159ibovit\u00e9ho tvaru a\u017e na dvojn\u00e1sobek pr\u016fm\u011bru kalibru<\/li>\n<li>Zachov\u00e1n\u00ed v\u00edce ne\u017e 95 % hmotnosti p\u0159i b\u011b\u017en\u00fdch podm\u00ednk\u00e1ch pr\u016fniku<\/li>\n<li>Zachov\u00e1n\u00ed kvality masa<\/li>\n<\/ul>\n<p>St\u0159elivo Fox Classic Hunter pro lov.<\/p>\n<\/div>\n","protected":false},"excerpt":{"rendered":"<p>Bezolovnat\u00e9 st\u0159elivo pro v\u0161estrann\u00fd evropsk\u00fd lov. P\u0159esn\u00e9 a \u00fa\u010dinn\u00e9.<\/p>\n","protected":false},"featured_media":54700,"template":"","meta":{"_acf_changed":false},"product_brand":[11334],"product_cat":[12694,12684,12721],"product_tag":[],"class_list":{"0":"post-54699","1":"product","2":"type-product","3":"status-publish","4":"has-post-thumbnail","6":"product_brand-fox-bullets","7":"product_cat-licencovany","8":"product_cat-munice","9":"product_cat-puskove-strelivo","11":"first","12":"instock","13":"taxable","14":"shipping-taxable","15":"purchasable","16":"product-type-variable","17":"wvs-archive-product-wrapper"},"acf":[],"_links":{"self":[{"href":"https:\/\/staging.nbg.eu\/cs\/wp-json\/wp\/v2\/product\/54699","targetHints":{"allow":["GET"]}}],"collection":[{"href":"https:\/\/staging.nbg.eu\/cs\/wp-json\/wp\/v2\/product"}],"about":[{"href":"https:\/\/staging.nbg.eu\/cs\/wp-json\/wp\/v2\/types\/product"}],"wp:featuredmedia":[{"embeddable":true,"href":"https:\/\/staging.nbg.eu\/cs\/wp-json\/wp\/v2\/media\/54700"}],"wp:attachment":[{"href":"https:\/\/staging.nbg.eu\/cs\/wp-json\/wp\/v2\/media?parent=54699"}],"wp:term":[{"taxonomy":"product_brand","embeddable":true,"href":"https:\/\/staging.nbg.eu\/cs\/wp-json\/wp\/v2\/product_brand?post=54699"},{"taxonomy":"product_cat","embeddable":true,"href":"https:\/\/staging.nbg.eu\/cs\/wp-json\/wp\/v2\/product_cat?post=54699"},{"taxonomy":"product_tag","embeddable":true,"href":"https:\/\/staging.nbg.eu\/cs\/wp-json\/wp\/v2\/product_tag?post=54699"}],"curies":[{"name":"wp","href":"https:\/\/api.w.org\/{rel}","templated":true}]}}