{"id":546085,"date":"2025-09-05T18:15:45","date_gmt":"2025-09-05T15:15:45","guid":{"rendered":"https:\/\/staging.nbg.eu\/product\/rrs-sc-arc-harris-bipod-adapter-black\/"},"modified":"2025-10-01T10:57:53","modified_gmt":"2025-10-01T07:57:53","slug":"rrs-sc-arc-adapter-pro-bipod-harris-cerny","status":"publish","type":"product","link":"https:\/\/staging.nbg.eu\/cs\/produkt\/rrs-sc-arc-adapter-pro-bipod-harris-cerny\/","title":{"rendered":"RRS SC-ARC adapt\u00e9r pro bipod Harris \u010dern\u00fd"},"content":{"rendered":"<div class=\"product-description\">\n<h2>RRS SC-ARC Harris Bipod Adapt\u00e9r \u010cern\u00fd<\/h2>\n<h2>Harris Bipod Adapt\u00e9r<\/h2>\n<p>RRS SC-ARC Harris Bipod Adapt\u00e9r se integruje s Harris &#8218;S&#8216; Bipody a poskytuje roz\u0161\u00ed\u0159enou funk\u010dnost a v\u00fdhody.<\/p>\n<h3>Hlavn\u00ed v\u00fdhody:<\/h3>\n<ul>\n<li><strong>Rychl\u00e9 zm\u011bny vybaven\u00ed:<\/strong> Umo\u017e\u0148uje rychl\u00fd p\u0159echod mezi nastaven\u00edmi.<\/li>\n<li><strong>Pevn\u011bj\u0161\u00ed podpora:<\/strong> Zvy\u0161uje stabilitu a spolehlivost.<\/li>\n<li><strong>\u0160irok\u00e1 kompatibilita:<\/strong> Funguje s RRS svorkami jako BTC-Pro a SC-ARC.<\/li>\n<\/ul>\n<p>Harris Bipod Adapt\u00e9r spojuje va\u0161e sou\u010dasn\u00e9 vybaven\u00ed s RRS za\u0159\u00edzen\u00edm.<\/p>\n<h3>Specifikace:<\/h3>\n<table>\n<tr>\n<td><strong>D\u00e9lka:<\/strong><\/td>\n<td>1,4 palce (35,6 mm)<\/td>\n<\/tr>\n<tr>\n<td><strong>\u0160\u00ed\u0159ka:<\/strong><\/td>\n<td>1,3 palce (33,8 mm)<\/td>\n<\/tr>\n<tr>\n<td><strong>V\u00fd\u0161ka:<\/strong><\/td>\n<td>1,35 palce (34,3 mm)<\/td>\n<\/tr>\n<tr>\n<td><strong>Hmotnost:<\/strong><\/td>\n<td>1,2 unce (34,7 g)<\/td>\n<\/tr>\n<\/table>\n<p>RRS SC-ARC Harris Bipod Adapt\u00e9r je p\u0159\u00edslu\u0161enstv\u00ed navr\u017een\u00e9 pro zlep\u0161en\u00ed funk\u010dnosti Harris &#8218;S&#8216; Bipod\u016f, umo\u017e\u0148uj\u00edc\u00ed integraci s RRS svorkami. Tento adapt\u00e9r nab\u00edz\u00ed v\u0161estrannost a stabilitu pro p\u0159esn\u00e9 st\u0159elby a rychl\u00e9 \u00fapravy v ter\u00e9nu.<\/p>\n<\/div>\n","protected":false},"excerpt":{"rendered":"<p>Zvy\u0161te stabilitu a v\u0161estrannost s t\u00edmto lehk\u00fdm adapt\u00e9rem pro dvojno\u017eku Harris.<\/p>\n","protected":false},"featured_media":499221,"template":"","meta":{"_acf_changed":false},"product_brand":[],"product_cat":[12702,12709],"product_tag":[],"class_list":{"0":"post-546085","1":"product","2":"type-product","3":"status-publish","4":"has-post-thumbnail","6":"product_cat-dvojnozky","7":"product_cat-puska","9":"first","10":"instock","11":"taxable","12":"shipping-taxable","13":"purchasable","14":"product-type-simple"},"acf":[],"_links":{"self":[{"href":"https:\/\/staging.nbg.eu\/cs\/wp-json\/wp\/v2\/product\/546085","targetHints":{"allow":["GET"]}}],"collection":[{"href":"https:\/\/staging.nbg.eu\/cs\/wp-json\/wp\/v2\/product"}],"about":[{"href":"https:\/\/staging.nbg.eu\/cs\/wp-json\/wp\/v2\/types\/product"}],"wp:featuredmedia":[{"embeddable":true,"href":"https:\/\/staging.nbg.eu\/cs\/wp-json\/wp\/v2\/media\/499221"}],"wp:attachment":[{"href":"https:\/\/staging.nbg.eu\/cs\/wp-json\/wp\/v2\/media?parent=546085"}],"wp:term":[{"taxonomy":"product_brand","embeddable":true,"href":"https:\/\/staging.nbg.eu\/cs\/wp-json\/wp\/v2\/product_brand?post=546085"},{"taxonomy":"product_cat","embeddable":true,"href":"https:\/\/staging.nbg.eu\/cs\/wp-json\/wp\/v2\/product_cat?post=546085"},{"taxonomy":"product_tag","embeddable":true,"href":"https:\/\/staging.nbg.eu\/cs\/wp-json\/wp\/v2\/product_tag?post=546085"}],"curies":[{"name":"wp","href":"https:\/\/api.w.org\/{rel}","templated":true}]}}