{"id":545978,"date":"2025-09-05T18:15:44","date_gmt":"2025-09-05T15:15:44","guid":{"rendered":"https:\/\/staging.nbg.eu\/product\/area-419-diving-board-for-tactical-one-piece-scope-mount\/"},"modified":"2025-10-01T10:48:53","modified_gmt":"2025-10-01T07:48:53","slug":"area-419-mustek-pro-taktickou-jednodilnou-montaz-optiky","status":"publish","type":"product","link":"https:\/\/staging.nbg.eu\/cs\/produkt\/area-419-mustek-pro-taktickou-jednodilnou-montaz-optiky\/","title":{"rendered":"AREA 419 m\u016fstek pro taktickou jednod\u00edlnou mont\u00e1\u017e optiky"},"content":{"rendered":"<div class=\"product-description\">\n<h2>AREA 419 N\u00c1STAVEC PRO TAKTICKOU JEDNOD\u00cdLNOU MONT\u00c1\u017d PU\u0160KOHLEDU<\/h2>\n<p>AREA 419 n\u00e1stavec pro taktickou jednod\u00edlnou mont\u00e1\u017e pu\u0161kohledu.<\/p>\n<h2>Hlavn\u00ed vlastnosti:<\/h2>\n<ul>\n<li>Patentovan\u00fd dvouk\u00f3nick\u00fd mont\u00e1\u017en\u00ed bod pro bezpe\u010dn\u00e9 p\u0159ipevn\u011bn\u00ed<\/li>\n<li>Platforma pro vodov\u00e1hy, balistick\u00e9 tabulky, kolim\u00e1tory a laserov\u00e9 d\u00e1lkom\u011bry<\/li>\n<li>Odolnost a tuhost pro zlep\u0161en\u00fd n\u00e1vrat do nulov\u00e9 polohy<\/li>\n<li>Dostupn\u00e9 ve standardn\u00ed a n\u00edzk\u00e9 v\u00fd\u0161ce<\/li>\n<li>MIL-STD-1913 li\u0161ta (10 slot\u016f pro standardn\u00ed, 6 pro n\u00edzkou v\u00fd\u0161ku)<\/li>\n<li>Povrchov\u00e1 \u00faprava tvrd\u00fdm eloxov\u00e1n\u00edm typu III v \u010dern\u00e9 barv\u011b<\/li>\n<li>CNC fr\u00e9zov\u00e1no v Americe z americk\u00e9ho hlin\u00edku 7075<\/li>\n<li>\u0160rouby s pojistkou pro snadnou instalaci<\/li>\n<\/ul>\n<p>Na v\u00fdb\u011br standardn\u00ed v\u00fd\u0161ka (1,11&#8243; vysok\u00e1, 2,5 oz) nebo n\u00edzk\u00e1 v\u00fd\u0161ka (0,70&#8243; vysok\u00e1, 1,5 oz). Ob\u011b varianty maj\u00ed n\u011bkolik otvor\u016f 1\/4 x 20 pro mont\u00e1\u017e p\u0159\u00edslu\u0161enstv\u00ed.<\/p>\n<p>AREA 419 n\u00e1stavec pro mont\u00e1\u017e pu\u0161kohledu.<\/p>\n<\/div>\n","protected":false},"excerpt":{"rendered":"<p>Bezpe\u010dn\u00e1, univerz\u00e1ln\u00ed li\u0161ta pro taktickou jednod\u00edlnou mont\u00e1\u017e pu\u0161kohledu.<\/p>\n","protected":false},"featured_media":499152,"template":"","meta":{"_acf_changed":false},"product_brand":[11032],"product_cat":[12685,12642],"product_tag":[],"class_list":{"0":"post-545978","1":"product","2":"type-product","3":"status-publish","4":"has-post-thumbnail","6":"product_brand-area-419","7":"product_cat-mireni","8":"product_cat-prislusenstvi-pro-mireni","10":"first","11":"instock","12":"taxable","13":"shipping-taxable","14":"purchasable","15":"product-type-simple"},"acf":[],"_links":{"self":[{"href":"https:\/\/staging.nbg.eu\/cs\/wp-json\/wp\/v2\/product\/545978","targetHints":{"allow":["GET"]}}],"collection":[{"href":"https:\/\/staging.nbg.eu\/cs\/wp-json\/wp\/v2\/product"}],"about":[{"href":"https:\/\/staging.nbg.eu\/cs\/wp-json\/wp\/v2\/types\/product"}],"wp:featuredmedia":[{"embeddable":true,"href":"https:\/\/staging.nbg.eu\/cs\/wp-json\/wp\/v2\/media\/499152"}],"wp:attachment":[{"href":"https:\/\/staging.nbg.eu\/cs\/wp-json\/wp\/v2\/media?parent=545978"}],"wp:term":[{"taxonomy":"product_brand","embeddable":true,"href":"https:\/\/staging.nbg.eu\/cs\/wp-json\/wp\/v2\/product_brand?post=545978"},{"taxonomy":"product_cat","embeddable":true,"href":"https:\/\/staging.nbg.eu\/cs\/wp-json\/wp\/v2\/product_cat?post=545978"},{"taxonomy":"product_tag","embeddable":true,"href":"https:\/\/staging.nbg.eu\/cs\/wp-json\/wp\/v2\/product_tag?post=545978"}],"curies":[{"name":"wp","href":"https:\/\/api.w.org\/{rel}","templated":true}]}}