{"id":545055,"date":"2025-09-05T18:09:58","date_gmt":"2025-09-05T15:09:58","guid":{"rendered":"https:\/\/staging.nbg.eu\/product\/muzzle-break-vanward-pro-break-for-qd55\/"},"modified":"2025-10-01T10:23:28","modified_gmt":"2025-10-01T07:23:28","slug":"ustova-brzda-vanward-pro-break-pro-qd55","status":"publish","type":"product","link":"https:\/\/staging.nbg.eu\/cs\/produkt\/ustova-brzda-vanward-pro-break-pro-qd55\/","title":{"rendered":"\u00das\u0165ov\u00e1 brzda Vanward Pro-Break pro QD55"},"content":{"rendered":"<div class=\"product-description\">\n<h2>Tlumi\u010d zp\u011btn\u00e9ho r\u00e1zu Vanward Pro-Break pro QD55<\/h2>\n<p>Vanward Pro-Brake je vylep\u0161en\u00e1 verze modelu Fafnir od Salamander Tactical. Tento tlumi\u010d zp\u011btn\u00e9ho r\u00e1zu nab\u00edz\u00ed:<\/p>\n<ul>\n<li>78% sn\u00ed\u017een\u00ed zp\u011btn\u00e9ho r\u00e1zu (testov\u00e1no Vaapentidingen)<\/li>\n<li>Kompatibilita s tlumi\u010dem hluku Vanward QD55<\/li>\n<li>Snadn\u00e1 mont\u00e1\u017e a nastaven\u00ed pomoc\u00ed p\u0159ilo\u017een\u00e9 pojistn\u00e9 matice<\/li>\n<li>Hmotnost 174 gram\u016f<\/li>\n<\/ul>\n<p>Dok\u00e1\u017ee udr\u017eet n\u00e1bojnici v rovnov\u00e1ze b\u011bhem v\u00fdst\u0159elu r\u00e1\u017ee 6.5&#215;47. Vhodn\u00fd pro p\u0159esnou st\u0159elbu a pou\u017eit\u00ed s tlumi\u010di hluku.<\/p>\n<\/div>\n","protected":false},"excerpt":{"rendered":"<p>Pokro\u010dil\u00e1 zp\u011btn\u00e1 brzda pro QD55, 78% redukce. Kompatibiln\u00ed s tlumi\u010dem.<\/p>\n","protected":false},"featured_media":498968,"template":"","meta":{"_acf_changed":false},"product_brand":[],"product_cat":[12681,12709,12658,12662],"product_tag":[],"class_list":{"0":"post-545055","1":"product","2":"type-product","3":"status-publish","4":"has-post-thumbnail","6":"product_cat-prislusenstvi-tlumicu","7":"product_cat-puska","8":"product_cat-rifle-tuning","9":"product_cat-tlumic-pro-pusky","11":"first","12":"outofstock","13":"taxable","14":"shipping-taxable","15":"product-type-simple"},"acf":[],"_links":{"self":[{"href":"https:\/\/staging.nbg.eu\/cs\/wp-json\/wp\/v2\/product\/545055","targetHints":{"allow":["GET"]}}],"collection":[{"href":"https:\/\/staging.nbg.eu\/cs\/wp-json\/wp\/v2\/product"}],"about":[{"href":"https:\/\/staging.nbg.eu\/cs\/wp-json\/wp\/v2\/types\/product"}],"wp:featuredmedia":[{"embeddable":true,"href":"https:\/\/staging.nbg.eu\/cs\/wp-json\/wp\/v2\/media\/498968"}],"wp:attachment":[{"href":"https:\/\/staging.nbg.eu\/cs\/wp-json\/wp\/v2\/media?parent=545055"}],"wp:term":[{"taxonomy":"product_brand","embeddable":true,"href":"https:\/\/staging.nbg.eu\/cs\/wp-json\/wp\/v2\/product_brand?post=545055"},{"taxonomy":"product_cat","embeddable":true,"href":"https:\/\/staging.nbg.eu\/cs\/wp-json\/wp\/v2\/product_cat?post=545055"},{"taxonomy":"product_tag","embeddable":true,"href":"https:\/\/staging.nbg.eu\/cs\/wp-json\/wp\/v2\/product_tag?post=545055"}],"curies":[{"name":"wp","href":"https:\/\/api.w.org\/{rel}","templated":true}]}}