{"id":544876,"date":"2025-09-05T18:09:58","date_gmt":"2025-09-05T15:09:58","guid":{"rendered":"https:\/\/staging.nbg.eu\/product\/magpul-rubber-butt-pad-0-70\/"},"modified":"2025-10-01T10:15:29","modified_gmt":"2025-10-01T07:15:29","slug":"magpul-gumova-botka-pazby-070","status":"publish","type":"product","link":"https:\/\/staging.nbg.eu\/cs\/produkt\/magpul-gumova-botka-pazby-070\/","title":{"rendered":"Magpul &#8211; gumov\u00e1 botka pa\u017eby &#8211; 0.70&#8243;"},"content":{"rendered":"<div class=\"product-description\">\n<h2>Magpul gumov\u00e1 zadn\u00ed op\u011brka &#8211; 0,70&#8243;<\/h2>\n<p>Gumov\u00e1 zadn\u00ed op\u011brka Magpul o tlou\u0161\u0165ce 0,70&#8243; je kompatibiln\u00ed s r\u016fzn\u00fdmi pa\u017ebami Magpul, v\u010detn\u011b model\u016f CTR\u00ae, MOE\u00ae Carbine Mil-Spec, UBR\u00ae, STR\u00ae, ACS-L\u2122 a ACS.<\/p>\n<ul>\n<li>Zlep\u0161en\u00e1 opora ramene a sn\u00ed\u017een\u00ed zp\u011btn\u00e9ho r\u00e1zu<\/li>\n<li>Siln\u011bj\u0161\u00ed, v\u011btran\u00e1 konstrukce<\/li>\n<li>Obsahuje ve\u0161ker\u00fd mont\u00e1\u017en\u00ed materi\u00e1l<\/li>\n<li>Rozm\u011bry: p\u0159ibli\u017en\u011b 13 x 4 x 1,6 cm<\/li>\n<li>Hmotnost: p\u0159ibli\u017en\u011b 62 g<\/li>\n<li>Vyrobeno v USA<\/li>\n<\/ul>\n<p><strong>Pozn\u00e1mka:<\/strong> Nen\u00ed kompatibiln\u00ed s MOE\u00ae Fixed Carbine Stock. M\u016f\u017ee omezit \u00fapln\u00e9 slo\u017een\u00ed u komer\u010dn\u00edch pa\u017eeb MOE\u00ae\/CTR\u00ae kv\u016fli prodlou\u017een\u00e9mu, zkosen\u00e9mu zadn\u00edmu konci.<\/p>\n<\/div>\n","protected":false},"excerpt":{"rendered":"<p>Vylep\u0161en\u00e1 0,70&#8243; gumov\u00e1 patka pro pa\u017eby Magpul. Zlep\u0161en\u00e1 opora.<\/p>\n","protected":false},"featured_media":498943,"template":"","meta":{"_acf_changed":false},"product_brand":[11538],"product_cat":[12676],"product_tag":[],"class_list":{"0":"post-544876","1":"product","2":"type-product","3":"status-publish","4":"has-post-thumbnail","6":"product_brand-magpul","7":"product_cat-vybaveni","9":"first","10":"instock","11":"taxable","12":"shipping-taxable","13":"purchasable","14":"product-type-simple"},"acf":[],"_links":{"self":[{"href":"https:\/\/staging.nbg.eu\/cs\/wp-json\/wp\/v2\/product\/544876","targetHints":{"allow":["GET"]}}],"collection":[{"href":"https:\/\/staging.nbg.eu\/cs\/wp-json\/wp\/v2\/product"}],"about":[{"href":"https:\/\/staging.nbg.eu\/cs\/wp-json\/wp\/v2\/types\/product"}],"wp:featuredmedia":[{"embeddable":true,"href":"https:\/\/staging.nbg.eu\/cs\/wp-json\/wp\/v2\/media\/498943"}],"wp:attachment":[{"href":"https:\/\/staging.nbg.eu\/cs\/wp-json\/wp\/v2\/media?parent=544876"}],"wp:term":[{"taxonomy":"product_brand","embeddable":true,"href":"https:\/\/staging.nbg.eu\/cs\/wp-json\/wp\/v2\/product_brand?post=544876"},{"taxonomy":"product_cat","embeddable":true,"href":"https:\/\/staging.nbg.eu\/cs\/wp-json\/wp\/v2\/product_cat?post=544876"},{"taxonomy":"product_tag","embeddable":true,"href":"https:\/\/staging.nbg.eu\/cs\/wp-json\/wp\/v2\/product_tag?post=544876"}],"curies":[{"name":"wp","href":"https:\/\/api.w.org\/{rel}","templated":true}]}}