{"id":54188,"date":"2024-03-02T07:29:43","date_gmt":"2024-09-13T13:01:42","guid":{"rendered":"https:\/\/staging.nbg.eu\/product\/bore-tech-proof-positive-rifle-jag-multiple-calibers\/"},"modified":"2024-09-13T13:02:48","modified_gmt":"2024-09-13T13:02:48","slug":"bore-tech-proof-positive-rifle-jag-vice-razi","status":"publish","type":"product","link":"https:\/\/staging.nbg.eu\/cs\/produkt\/bore-tech-proof-positive-rifle-jag-vice-razi\/","title":{"rendered":"Bore Tech Proof-Positive Rifle Jag (V\u00edce r\u00e1\u017e\u00ed)"},"content":{"rendered":"<div class=\"product-description\">\n<h2>Bore Tech Proof-Positive \u010dist\u00edc\u00ed trn pro pu\u0161ky (v\u00edce kalibr\u016f)<\/h2>\n<p>Odstra\u0148te fale\u0161n\u00e9 indikace m\u011bd\u011bn\u00e9ho zne\u010di\u0161t\u011bn\u00ed s \u010dist\u00edc\u00edmi trny Bore Tech Proof-Positive. Vyrobeny ze slitiny bez obsahu mosazi, jsou bezpe\u010dn\u00e9 pro hlave\u0148 a maj\u00ed vysokou pevnost v tahu. Vlastnosti zahrnuj\u00ed:<\/p>\n<ul>\n<li>Dv\u011b sady se 4 kontaktn\u00edmi krou\u017eky pro lep\u0161\u00ed \u010di\u0161t\u011bn\u00ed<\/li>\n<li>P\u0159esn\u011b obroben\u00e9 pro rovnom\u011brn\u00fd tlak<\/li>\n<li>Reverzn\u00ed k\u00f3nick\u00fd design pro ochranu \u00fast\u00ed hlavn\u011b<\/li>\n<\/ul>\n<p>Dos\u00e1hn\u011bte \u010dist\u00fdch hlavn\u00ed s men\u0161\u00edm pl\u00fdtv\u00e1n\u00edm.<\/p>\n<\/div>\n","protected":false},"excerpt":{"rendered":"<p>Inovativn\u00ed \u010dist\u00edc\u00ed kart\u00e1\u010d na pu\u0161ku eliminuje fale\u0161n\u00e9 indikace m\u011bd\u011bn\u00e9ho zne\u010di\u0161t\u011bn\u00ed.<\/p>\n","protected":false},"featured_media":54189,"template":"","meta":{"_acf_changed":false},"product_brand":[11146],"product_cat":[12690,12715,12717],"product_tag":[],"class_list":{"0":"post-54188","1":"product","2":"type-product","3":"status-publish","4":"has-post-thumbnail","6":"product_brand-boretech","7":"product_cat-cisteni-zbrani","8":"product_cat-jehly-na-cisteni","9":"product_cat-kartace","11":"first","12":"instock","13":"taxable","14":"shipping-taxable","15":"purchasable","16":"product-type-variable","17":"wvs-archive-product-wrapper"},"acf":[],"_links":{"self":[{"href":"https:\/\/staging.nbg.eu\/cs\/wp-json\/wp\/v2\/product\/54188","targetHints":{"allow":["GET"]}}],"collection":[{"href":"https:\/\/staging.nbg.eu\/cs\/wp-json\/wp\/v2\/product"}],"about":[{"href":"https:\/\/staging.nbg.eu\/cs\/wp-json\/wp\/v2\/types\/product"}],"wp:featuredmedia":[{"embeddable":true,"href":"https:\/\/staging.nbg.eu\/cs\/wp-json\/wp\/v2\/media\/54189"}],"wp:attachment":[{"href":"https:\/\/staging.nbg.eu\/cs\/wp-json\/wp\/v2\/media?parent=54188"}],"wp:term":[{"taxonomy":"product_brand","embeddable":true,"href":"https:\/\/staging.nbg.eu\/cs\/wp-json\/wp\/v2\/product_brand?post=54188"},{"taxonomy":"product_cat","embeddable":true,"href":"https:\/\/staging.nbg.eu\/cs\/wp-json\/wp\/v2\/product_cat?post=54188"},{"taxonomy":"product_tag","embeddable":true,"href":"https:\/\/staging.nbg.eu\/cs\/wp-json\/wp\/v2\/product_tag?post=54188"}],"curies":[{"name":"wp","href":"https:\/\/api.w.org\/{rel}","templated":true}]}}