{"id":541207,"date":"2025-09-05T18:09:57","date_gmt":"2025-09-05T15:09:57","guid":{"rendered":"https:\/\/staging.nbg.eu\/product\/ase-utra-borelock-30-338-muzzle-brake-5-8x24-unef\/"},"modified":"2025-09-30T17:55:00","modified_gmt":"2025-09-30T14:55:00","slug":"ase-utra-borelock-30338-ustova-brzda-58x24-unef","status":"publish","type":"product","link":"https:\/\/staging.nbg.eu\/cs\/produkt\/ase-utra-borelock-30338-ustova-brzda-58x24-unef\/","title":{"rendered":"ASE UTRA BoreLock .30\/.338 \u00fas\u0165ov\u00e1 brzda 5\/8&#8243;x24 UNEF"},"content":{"rendered":"<h2>ASE UTRA BoreLock .30\/.338 \u00das\u0165ov\u00e1 brzda 5\/8&#8243;x24 UNEF<\/h2>\n<p>ASE UTRA BoreLock .30\/.338 \u00das\u0165ov\u00e1 brzda (K\u00f3d: 365P-AU761). Dvoud\u00edln\u00fd design umo\u017e\u0148uje instalaci bez podlo\u017eek nebo vymezovac\u00edch podlo\u017eek a zaji\u0161\u0165uje p\u0159esn\u00e9 zarovn\u00e1n\u00ed.<\/p>\n<h2>Hlavn\u00ed vlastnosti:<\/h2>\n<ul>\n<li>Kompatibiln\u00ed s pu\u0161kami r\u00e1\u017ee .30 a .338<\/li>\n<li>Z\u00e1vit 5\/8&#8243;x24 UNEF<\/li>\n<li>Dvoud\u00edln\u00fd design BoreLock pro snadnou instalaci<\/li>\n<li>Nen\u00ed pot\u0159eba podlo\u017eek ani vymezovac\u00edch podlo\u017eek<\/li>\n<li>P\u0159esn\u00e9 zarovn\u00e1n\u00ed pro zlep\u0161enou p\u0159esnost<\/li>\n<li>Sni\u017euje zp\u011btn\u00fd r\u00e1z a zdvih hlavn\u011b<\/li>\n<\/ul>\n<p>ASE UTRA BoreLock \u00fas\u0165ov\u00e1 brzda je navr\u017eena pro snadn\u00e9 pou\u017eit\u00ed.<\/p>\n","protected":false},"excerpt":{"rendered":"<p>Tlumi\u010d v\u00fd\u0161lehu ASE UTRA BoreLock .30\/.338: Rychl\u00e1 a bezpe\u010dn\u00e1 instalace bez nutnosti pou\u017eit\u00ed podlo\u017eek.<\/p>\n","protected":false},"featured_media":498913,"template":"","meta":{"_acf_changed":false},"product_brand":[],"product_cat":[12681,12709,12658,12662],"product_tag":[],"class_list":{"0":"post-541207","1":"product","2":"type-product","3":"status-publish","4":"has-post-thumbnail","6":"product_cat-prislusenstvi-tlumicu","7":"product_cat-puska","8":"product_cat-rifle-tuning","9":"product_cat-tlumic-pro-pusky","11":"first","12":"instock","13":"taxable","14":"shipping-taxable","15":"purchasable","16":"product-type-simple"},"acf":[],"_links":{"self":[{"href":"https:\/\/staging.nbg.eu\/cs\/wp-json\/wp\/v2\/product\/541207","targetHints":{"allow":["GET"]}}],"collection":[{"href":"https:\/\/staging.nbg.eu\/cs\/wp-json\/wp\/v2\/product"}],"about":[{"href":"https:\/\/staging.nbg.eu\/cs\/wp-json\/wp\/v2\/types\/product"}],"wp:featuredmedia":[{"embeddable":true,"href":"https:\/\/staging.nbg.eu\/cs\/wp-json\/wp\/v2\/media\/498913"}],"wp:attachment":[{"href":"https:\/\/staging.nbg.eu\/cs\/wp-json\/wp\/v2\/media?parent=541207"}],"wp:term":[{"taxonomy":"product_brand","embeddable":true,"href":"https:\/\/staging.nbg.eu\/cs\/wp-json\/wp\/v2\/product_brand?post=541207"},{"taxonomy":"product_cat","embeddable":true,"href":"https:\/\/staging.nbg.eu\/cs\/wp-json\/wp\/v2\/product_cat?post=541207"},{"taxonomy":"product_tag","embeddable":true,"href":"https:\/\/staging.nbg.eu\/cs\/wp-json\/wp\/v2\/product_tag?post=541207"}],"curies":[{"name":"wp","href":"https:\/\/api.w.org\/{rel}","templated":true}]}}