{"id":540808,"date":"2025-09-05T18:09:45","date_gmt":"2025-09-05T15:09:45","guid":{"rendered":"https:\/\/staging.nbg.eu\/product\/bullet-berger-cal-6-5-creedmoor-elite-hunter-140gr-100pcs\/"},"modified":"2025-09-30T17:22:04","modified_gmt":"2025-09-30T14:22:04","slug":"strela-berger-raze-65-creedmoor-elite-hunter-140gr100ks","status":"publish","type":"product","link":"https:\/\/staging.nbg.eu\/cs\/produkt\/strela-berger-raze-65-creedmoor-elite-hunter-140gr100ks\/","title":{"rendered":"St\u0159ela Berger r\u00e1\u017ee 6.5 Creedmoor Elite Hunter 140gr.\/100ks"},"content":{"rendered":"<h2>St\u0159ela Berger r\u00e1\u017ee 6.5 Creedmoor Elite Hunter 140gr.\/100ks.<\/h2>\n<p>Berger 6.5 Creedmoor 140 Grain Elite Hunter pu\u0161kov\u00e9 st\u0159elivo. Ur\u010deno pro lov st\u0159edn\u011b velk\u00e9 zv\u011b\u0159e, tato st\u0159ela nab\u00edz\u00ed:<\/p>\n<ul>\n<li><strong>Konzistence:<\/strong> Vyu\u017e\u00edv\u00e1 J4 Precision Bullet Jackets s celkov\u00fdm indikovan\u00fdm h\u00e1zen\u00edm (TIR) +\/-.0003&#8243;<\/li>\n<li><strong>Hybridn\u00ed ogiva:<\/strong> Kombinuje tangenci\u00e1ln\u00ed a sekantov\u00fd tvar nosu pro snadn\u00e9 lad\u011bn\u00ed a plo\u0161\u0161\u00ed trajektorii<\/li>\n<li><strong>Konzistentn\u00ed j\u00e1dro:<\/strong> Odstra\u0148uje pot\u0159ebu t\u0159\u00edd\u011bn\u00ed podle hmotnosti, zaji\u0161\u0165uje spolehliv\u00fd pokles a konzistentn\u00ed BC<\/li>\n<li><strong>Design s \u010dlunov\u00fdm zakon\u010den\u00edm:<\/strong> Poskytuje aerodynamickou v\u00fdhodu na del\u0161\u00ed vzd\u00e1lenosti<\/li>\n<li><strong>J4 loveck\u00fd pl\u00e1\u0161\u0165:<\/strong> Umo\u017e\u0148uje penetraci 2-3&#8243; p\u0159ed rychlou expanz\u00ed<\/li>\n<\/ul>\n<p>Vhodn\u00e9 pro sout\u011b\u017en\u00ed st\u0159elbu i lov, 6.5 Creedmoor Elite Hunter nab\u00edz\u00ed vn\u011bj\u0161\u00ed balistiku, termin\u00e1ln\u00ed v\u00fdkon a optim\u00e1ln\u00ed zp\u011btn\u00fd r\u00e1z. S G1 BC 0.606 a \u00fas\u0165ovou rychlost\u00ed 2750 fps, toto st\u0159elivo poskytuje p\u0159esnost na dlouh\u00e9 vzd\u00e1lenosti.<\/p>\n<p>Specifikace:<\/p>\n<ul>\n<li>Hmotnost: 140 Grain<\/li>\n<li>G7 BC: 0.31<\/li>\n<li>Minim\u00e1ln\u00ed stoup\u00e1n\u00ed v\u00fdvrtu: 1:8&#8243; nebo rychlej\u0161\u00ed<\/li>\n<li>Maxim\u00e1ln\u00ed COAL: 2.825&#8243;<\/li>\n<li>\u00das\u0165ov\u00e1 energie: 2351 ft-lb<\/li>\n<\/ul>\n<p>Berger Elite Hunter je vhodn\u00fd pro lov nebo sout\u011b\u017en\u00ed st\u0159elbu.<\/p>\n","protected":false},"excerpt":{"rendered":"<p>Elite Hunter 6,5 Creedmoor: P\u0159esn\u00e1, spolehliv\u00e1 st\u0159ela o hmotnosti 140 grain\u016f pro st\u0159edn\u011b velkou zv\u011b\u0159.<\/p>\n","protected":false},"featured_media":498843,"template":"","meta":{"_acf_changed":false},"product_brand":[],"product_cat":[12684,12705,12688],"product_tag":[],"class_list":{"0":"post-540808","1":"product","2":"type-product","3":"status-publish","4":"has-post-thumbnail","6":"product_cat-munice","7":"product_cat-prebijeni","8":"product_cat-strely","10":"first","11":"instock","12":"taxable","13":"shipping-taxable","14":"product-type-simple"},"acf":[],"_links":{"self":[{"href":"https:\/\/staging.nbg.eu\/cs\/wp-json\/wp\/v2\/product\/540808","targetHints":{"allow":["GET"]}}],"collection":[{"href":"https:\/\/staging.nbg.eu\/cs\/wp-json\/wp\/v2\/product"}],"about":[{"href":"https:\/\/staging.nbg.eu\/cs\/wp-json\/wp\/v2\/types\/product"}],"wp:featuredmedia":[{"embeddable":true,"href":"https:\/\/staging.nbg.eu\/cs\/wp-json\/wp\/v2\/media\/498843"}],"wp:attachment":[{"href":"https:\/\/staging.nbg.eu\/cs\/wp-json\/wp\/v2\/media?parent=540808"}],"wp:term":[{"taxonomy":"product_brand","embeddable":true,"href":"https:\/\/staging.nbg.eu\/cs\/wp-json\/wp\/v2\/product_brand?post=540808"},{"taxonomy":"product_cat","embeddable":true,"href":"https:\/\/staging.nbg.eu\/cs\/wp-json\/wp\/v2\/product_cat?post=540808"},{"taxonomy":"product_tag","embeddable":true,"href":"https:\/\/staging.nbg.eu\/cs\/wp-json\/wp\/v2\/product_tag?post=540808"}],"curies":[{"name":"wp","href":"https:\/\/api.w.org\/{rel}","templated":true}]}}