{"id":53976,"date":"2024-03-02T10:05:47","date_gmt":"2024-09-13T12:57:49","guid":{"rendered":"https:\/\/staging.nbg.eu\/product\/bore-tech-proof-positive-shotgun-jag-12-16-20-ga\/"},"modified":"2024-09-13T12:58:35","modified_gmt":"2024-09-13T12:58:35","slug":"bore-tech-proof-positive-shotgun-jag-121620-ga","status":"publish","type":"product","link":"https:\/\/staging.nbg.eu\/cs\/produkt\/bore-tech-proof-positive-shotgun-jag-121620-ga\/","title":{"rendered":"Bore Tech Proof-Positive Shotgun Jag (12\/16\/20 GA)"},"content":{"rendered":"<div class=\"product-description\">\n<h2>Bore Tech \u010distic\u00ed kart\u00e1\u010d na brokovnici (12\/16\/20 GA)<\/h2>\n<p>Patentovan\u00fd kart\u00e1\u010d Bore Tech. Vlastnosti:<\/p>\n<ul>\n<li>4 ohebn\u00e9 pl\u00e1tky pro p\u0159izp\u016fsoben\u00ed hlavni<\/li>\n<li>Vyrobeno z odoln\u00e9ho nylonu<\/li>\n<li>Stla\u010diteln\u00fd pro pr\u016fchod v\u00fdm\u011bnn\u00fdmi zahrdlen\u00edmi<\/li>\n<li>Kompatibiln\u00ed se standardn\u00edmi ty\u010demi se z\u00e1vitem 5\/16-27<\/li>\n<\/ul>\n<p>Pro \u00fadr\u017ebu brokovnice. Vhodn\u00e9 pro u\u017eivatele brokovnic.<\/p>\n<p><strong>Cena: 14,99 $<\/strong><\/p>\n<\/div>\n","protected":false},"excerpt":{"rendered":"<p>Flexibiln\u00ed \u010dty\u0159l\u00edstkov\u00fd \u010disti\u010d pro efektivn\u00ed \u010di\u0161t\u011bn\u00ed brokovnice. Vhodn\u00fd pro pou\u017eit\u00ed s r\u016fzn\u00fdmi zahrdlen\u00edmi.<\/p>\n","protected":false},"featured_media":53977,"template":"","meta":{"_acf_changed":false},"product_brand":[11146],"product_cat":[12690,12715,12717],"product_tag":[],"class_list":{"0":"post-53976","1":"product","2":"type-product","3":"status-publish","4":"has-post-thumbnail","6":"product_brand-boretech","7":"product_cat-cisteni-zbrani","8":"product_cat-jehly-na-cisteni","9":"product_cat-kartace","11":"first","12":"instock","13":"taxable","14":"shipping-taxable","15":"purchasable","16":"product-type-variable","17":"wvs-archive-product-wrapper"},"acf":[],"_links":{"self":[{"href":"https:\/\/staging.nbg.eu\/cs\/wp-json\/wp\/v2\/product\/53976","targetHints":{"allow":["GET"]}}],"collection":[{"href":"https:\/\/staging.nbg.eu\/cs\/wp-json\/wp\/v2\/product"}],"about":[{"href":"https:\/\/staging.nbg.eu\/cs\/wp-json\/wp\/v2\/types\/product"}],"wp:featuredmedia":[{"embeddable":true,"href":"https:\/\/staging.nbg.eu\/cs\/wp-json\/wp\/v2\/media\/53977"}],"wp:attachment":[{"href":"https:\/\/staging.nbg.eu\/cs\/wp-json\/wp\/v2\/media?parent=53976"}],"wp:term":[{"taxonomy":"product_brand","embeddable":true,"href":"https:\/\/staging.nbg.eu\/cs\/wp-json\/wp\/v2\/product_brand?post=53976"},{"taxonomy":"product_cat","embeddable":true,"href":"https:\/\/staging.nbg.eu\/cs\/wp-json\/wp\/v2\/product_cat?post=53976"},{"taxonomy":"product_tag","embeddable":true,"href":"https:\/\/staging.nbg.eu\/cs\/wp-json\/wp\/v2\/product_tag?post=53976"}],"curies":[{"name":"wp","href":"https:\/\/api.w.org\/{rel}","templated":true}]}}