{"id":539536,"date":"2025-09-05T17:38:18","date_gmt":"2025-09-05T14:38:18","guid":{"rendered":"https:\/\/staging.nbg.eu\/product\/or-leupold-delta-point-mounting-kit-for-l-02-w-02-steel-black\/"},"modified":"2025-09-30T14:23:46","modified_gmt":"2025-09-30T11:23:46","slug":"or-leupold-delta-point-montazni-sada-pro-l-02-w-02-ocel-cerna","status":"publish","type":"product","link":"https:\/\/staging.nbg.eu\/cs\/produkt\/or-leupold-delta-point-montazni-sada-pro-l-02-w-02-ocel-cerna\/","title":{"rendered":"OR LEUPOLD DELTA POINT mont\u00e1\u017en\u00ed sada pro L-02, W-02, ocel \u010dern\u00e1"},"content":{"rendered":"<div class=\"product-description\">\n<h2>OR LEUPOLD DELTA POINT PRO MONT\u00c1\u017dN\u00cd SADA LW64<\/h2>\n<p><strong>Reference:<\/strong> 0091-01207-0001<\/p>\n<p><strong>Zna\u010dka:<\/strong> KMR Precision Arms<\/p>\n<h2>Popis<\/h2>\n<p>Mont\u00e1\u017en\u00ed sada OR LEUPOLD DELTA POINT PRO LW64 pro pistole KMR L-02 nebo W-02. Tato z\u00e1kladna je navr\u017eena pro modely pistol\u00ed KMR L-02 a W-02 p\u0159ipraven\u00e9 pro optiku (OR) a je kompatibiln\u00ed s optikou s mont\u00e1\u017en\u00edm standardem Leupold DeltaPoint Pro.<\/p>\n<h2>Detaily produktu<\/h2>\n<ul>\n<li>Materi\u00e1l: Ocel<\/li>\n<li>Barva: \u010cern\u00e1<\/li>\n<li>Obsahuje dva mont\u00e1\u017en\u00ed \u0161rouby M4<\/li>\n<\/ul>\n<h2>Instalace<\/h2>\n<ol>\n<li>Od\u0161roubujte p\u016fvodn\u00ed z\u00e1kladnu z pistole<\/li>\n<li>Pe\u010dliv\u011b o\u010dist\u011bte mont\u00e1\u017en\u00ed plochu<\/li>\n<li>Nainstalujte novou z\u00e1kladnu<\/li>\n<li>Ut\u00e1hn\u011bte dva p\u0159ilo\u017een\u00e9 \u0161rouby M4 pomoc\u00ed zaji\u0161\u0165ova\u010de z\u00e1vit\u016f<\/li>\n<\/ol>\n<p><strong>D\u016fle\u017eit\u00e9:<\/strong> NEPOU\u017d\u00cdVEJTE \u010cERVEN\u00dd LOCTITE!<\/p>\n<h2>Kompatibiln\u00ed kolim\u00e1tory<\/h2>\n<p>Tato mont\u00e1\u017en\u00ed sada je kompatibiln\u00ed s r\u016fzn\u00fdmi kolim\u00e1tory, kter\u00e9 sd\u00edlej\u00ed mont\u00e1\u017en\u00ed standard Leupold DeltaPoint Pro, v\u010detn\u011b:<\/p>\n<ul>\n<li>Leupold DeltaPoint Pro<\/li>\n<li>Vortex Defender XL<\/li>\n<li>Eotech Eflx<\/li>\n<li>Holosun SCS 320<\/li>\n<li>A mnoho dal\u0161\u00edch<\/li>\n<\/ul>\n<p>Tato mont\u00e1\u017en\u00ed sada umo\u017e\u0148uje p\u0159ipevnit kolim\u00e1tor na pistole KMR L-02 nebo W-02.<\/p>\n<\/div>\n","protected":false},"excerpt":{"rendered":"<p>Ocelov\u00e1 z\u00e1kladn\u00ed deska pro pistole KMR L-02\/W-02, kompatibiln\u00ed s optikou DeltaPoint Pro<\/p>\n","protected":false},"featured_media":497542,"template":"","meta":{"_acf_changed":false},"product_brand":[11490],"product_cat":[12661],"product_tag":[],"class_list":{"0":"post-539536","1":"product","2":"type-product","3":"status-publish","4":"has-post-thumbnail","6":"product_brand-kmr-precision","7":"product_cat-kmr-dily","9":"first","10":"instock","11":"taxable","12":"shipping-taxable","13":"purchasable","14":"product-type-simple"},"acf":[],"_links":{"self":[{"href":"https:\/\/staging.nbg.eu\/cs\/wp-json\/wp\/v2\/product\/539536","targetHints":{"allow":["GET"]}}],"collection":[{"href":"https:\/\/staging.nbg.eu\/cs\/wp-json\/wp\/v2\/product"}],"about":[{"href":"https:\/\/staging.nbg.eu\/cs\/wp-json\/wp\/v2\/types\/product"}],"wp:featuredmedia":[{"embeddable":true,"href":"https:\/\/staging.nbg.eu\/cs\/wp-json\/wp\/v2\/media\/497542"}],"wp:attachment":[{"href":"https:\/\/staging.nbg.eu\/cs\/wp-json\/wp\/v2\/media?parent=539536"}],"wp:term":[{"taxonomy":"product_brand","embeddable":true,"href":"https:\/\/staging.nbg.eu\/cs\/wp-json\/wp\/v2\/product_brand?post=539536"},{"taxonomy":"product_cat","embeddable":true,"href":"https:\/\/staging.nbg.eu\/cs\/wp-json\/wp\/v2\/product_cat?post=539536"},{"taxonomy":"product_tag","embeddable":true,"href":"https:\/\/staging.nbg.eu\/cs\/wp-json\/wp\/v2\/product_tag?post=539536"}],"curies":[{"name":"wp","href":"https:\/\/api.w.org\/{rel}","templated":true}]}}