{"id":537965,"date":"2025-09-05T17:25:46","date_gmt":"2025-09-05T14:25:46","guid":{"rendered":"https:\/\/staging.nbg.eu\/product\/recoil-spring-kmr-45-extra-extrasoft-8\/"},"modified":"2025-09-30T12:19:58","modified_gmt":"2025-09-30T09:19:58","slug":"vratna-pruzina-kmr-45-extra-extrasoft-8","status":"publish","type":"product","link":"https:\/\/staging.nbg.eu\/cs\/produkt\/vratna-pruzina-kmr-45-extra-extrasoft-8\/","title":{"rendered":"Vratn\u00e1 pru\u017eina KMR 4,5&#8243; EXTRA EXTRASOFT (8)"},"content":{"rendered":"<h2>VRATN\u00c1 PRU\u017dINA KMR 4,5&#8243; EXTRA EXTRAM\u011aKK\u00c1 (8)<\/h2>\n<p>VRATN\u00c1 PRU\u017dINA KMR 4,5&#8243; EXTRA EXTRAM\u011aKK\u00c1 (8) od KMR Precision Arms je ur\u010dena pro optim\u00e1ln\u00ed v\u00fdkon va\u0161\u00ed 4,5palcov\u00e9 zbran\u011b.<\/p>\n<h2>Vlastnosti produktu:<\/h2>\n<ul>\n<li>Zna\u010dka: KMR Precision Arms<\/li>\n<li>Reference: 0730-05801-0000<\/li>\n<li>D\u00e9lka: 4,5 palce<\/li>\n<li>Typ: Extra Extram\u011bkk\u00e1<\/li>\n<li>Mno\u017estv\u00ed: 8 pru\u017ein v balen\u00ed<\/li>\n<\/ul>\n<p>Tato extra extram\u011bkk\u00e1 vratn\u00e1 pru\u017eina je navr\u017eena pro sn\u00ed\u017een\u00ed zp\u011btn\u00e9ho r\u00e1zu a zlep\u0161en\u00ed pohodl\u00ed p\u0159i st\u0159elb\u011b. Je vhodn\u00e1 pro z\u00e1vodn\u00ed st\u0159elce a nad\u0161ence, kte\u0159\u00ed cht\u011bj\u00ed vyladit v\u00fdkon sv\u00e9 zbran\u011b. Pru\u017eina KMR 4,5&#8243; EXTRA EXTRAM\u011aKK\u00c1 zaji\u0161\u0165uje plynul\u00fd cyklus a spolehliv\u00fd provoz.<\/p>\n","protected":false},"excerpt":{"rendered":"<p>Extra m\u011bkk\u00e1 vratn\u00e1 pru\u017eina pro p\u0159esn\u00e9 zbran\u011b KMR 4,5&#8243;. Hladk\u00fd chod.<\/p>\n","protected":false},"featured_media":496950,"template":"","meta":{"_acf_changed":false},"product_brand":[11490],"product_cat":[12661],"product_tag":[],"class_list":{"0":"post-537965","1":"product","2":"type-product","3":"status-publish","4":"has-post-thumbnail","6":"product_brand-kmr-precision","7":"product_cat-kmr-dily","9":"first","10":"instock","11":"taxable","12":"shipping-taxable","13":"purchasable","14":"product-type-simple"},"acf":[],"_links":{"self":[{"href":"https:\/\/staging.nbg.eu\/cs\/wp-json\/wp\/v2\/product\/537965","targetHints":{"allow":["GET"]}}],"collection":[{"href":"https:\/\/staging.nbg.eu\/cs\/wp-json\/wp\/v2\/product"}],"about":[{"href":"https:\/\/staging.nbg.eu\/cs\/wp-json\/wp\/v2\/types\/product"}],"wp:featuredmedia":[{"embeddable":true,"href":"https:\/\/staging.nbg.eu\/cs\/wp-json\/wp\/v2\/media\/496950"}],"wp:attachment":[{"href":"https:\/\/staging.nbg.eu\/cs\/wp-json\/wp\/v2\/media?parent=537965"}],"wp:term":[{"taxonomy":"product_brand","embeddable":true,"href":"https:\/\/staging.nbg.eu\/cs\/wp-json\/wp\/v2\/product_brand?post=537965"},{"taxonomy":"product_cat","embeddable":true,"href":"https:\/\/staging.nbg.eu\/cs\/wp-json\/wp\/v2\/product_cat?post=537965"},{"taxonomy":"product_tag","embeddable":true,"href":"https:\/\/staging.nbg.eu\/cs\/wp-json\/wp\/v2\/product_tag?post=537965"}],"curies":[{"name":"wp","href":"https:\/\/api.w.org\/{rel}","templated":true}]}}