{"id":537858,"date":"2025-09-05T17:25:45","date_gmt":"2025-09-05T14:25:45","guid":{"rendered":"https:\/\/staging.nbg.eu\/product\/sons-of-liberty-gun-works-ar-15-bolt-catch-spring\/"},"modified":"2025-09-30T12:10:51","modified_gmt":"2025-09-30T09:10:51","slug":"sons-of-liberty-gun-works-ar-15-pruzina-zachytu-zaveru","status":"publish","type":"product","link":"https:\/\/staging.nbg.eu\/cs\/produkt\/sons-of-liberty-gun-works-ar-15-pruzina-zachytu-zaveru\/","title":{"rendered":"SONS OF LIBERTY GUN WORKS AR-15 pru\u017eina z\u00e1chytu z\u00e1v\u011bru"},"content":{"rendered":"<div class=\"product-description\">\n<h2>SONS OF LIBERTY GUN WORKS AR-15 PRU\u017dINA Z\u00c1CHYTU Z\u00c1V\u011aRU (10 kus\u016f)<\/h2>\n<p>Pru\u017eina z\u00e1chytu z\u00e1v\u011bru pro AR-15. Vyrobeno v USA, tento komponent zaji\u0161\u0165uje fungov\u00e1n\u00ed mechanismu z\u00e1chytu z\u00e1v\u011bru va\u0161\u00ed st\u0159eln\u00e9 zbran\u011b.<\/p>\n<h2>Hlavn\u00ed vlastnosti:<\/h2>\n<ul>\n<li>Navr\u017eeno pro platformy AR-15<\/li>\n<li>Kvalitn\u00ed konstrukce<\/li>\n<li>Zaji\u0161\u0165uje funk\u010dnost z\u00e1chytu z\u00e1v\u011bru<\/li>\n<li>Vyrobeno v USA<\/li>\n<li>Prod\u00e1v\u00e1no v balen\u00ed po 10 kusech<\/li>\n<\/ul>\n<p>Detaily produktu:<\/p>\n<ul>\n<li>Hmotnost: 0,01 lbs<\/li>\n<\/ul>\n<p>Pru\u017eina z\u00e1chytu z\u00e1v\u011bru pro AR-15 vyroben\u00e1 v USA.<\/p>\n<\/div>\n","protected":false},"excerpt":{"rendered":"<p>Pru\u017eina z\u00e1chytu z\u00e1v\u011bru AR-15 vyroben\u00e1 v USA. Nezbytn\u00e1, odoln\u00e1 n\u00e1hradn\u00ed sou\u010d\u00e1stka.<\/p>\n","protected":false},"featured_media":496927,"template":"","meta":{"_acf_changed":false},"product_brand":[],"product_cat":[12658],"product_tag":[],"class_list":{"0":"post-537858","1":"product","2":"type-product","3":"status-publish","4":"has-post-thumbnail","6":"product_cat-rifle-tuning","8":"first","9":"instock","10":"taxable","11":"shipping-taxable","12":"purchasable","13":"product-type-simple"},"acf":[],"_links":{"self":[{"href":"https:\/\/staging.nbg.eu\/cs\/wp-json\/wp\/v2\/product\/537858","targetHints":{"allow":["GET"]}}],"collection":[{"href":"https:\/\/staging.nbg.eu\/cs\/wp-json\/wp\/v2\/product"}],"about":[{"href":"https:\/\/staging.nbg.eu\/cs\/wp-json\/wp\/v2\/types\/product"}],"wp:featuredmedia":[{"embeddable":true,"href":"https:\/\/staging.nbg.eu\/cs\/wp-json\/wp\/v2\/media\/496927"}],"wp:attachment":[{"href":"https:\/\/staging.nbg.eu\/cs\/wp-json\/wp\/v2\/media?parent=537858"}],"wp:term":[{"taxonomy":"product_brand","embeddable":true,"href":"https:\/\/staging.nbg.eu\/cs\/wp-json\/wp\/v2\/product_brand?post=537858"},{"taxonomy":"product_cat","embeddable":true,"href":"https:\/\/staging.nbg.eu\/cs\/wp-json\/wp\/v2\/product_cat?post=537858"},{"taxonomy":"product_tag","embeddable":true,"href":"https:\/\/staging.nbg.eu\/cs\/wp-json\/wp\/v2\/product_tag?post=537858"}],"curies":[{"name":"wp","href":"https:\/\/api.w.org\/{rel}","templated":true}]}}