{"id":537723,"date":"2025-09-05T00:17:22","date_gmt":"2025-09-04T21:17:22","guid":{"rendered":"https:\/\/staging.nbg.eu\/product\/badger-ordnance-34mm-condition-one-accessory-ring-cap-tan-700-34\/"},"modified":"2025-09-30T11:50:02","modified_gmt":"2025-09-30T08:50:02","slug":"badger-ordnance-34mm-condition-one-krytka-krouzku-prislusenstvi-tan-700-34","status":"publish","type":"product","link":"https:\/\/staging.nbg.eu\/cs\/produkt\/badger-ordnance-34mm-condition-one-krytka-krouzku-prislusenstvi-tan-700-34\/","title":{"rendered":"BADGER ORDNANCE 34MM CONDITION ONE krytka krou\u017eku p\u0159\u00edslu\u0161enstv\u00ed TAN (700-34)"},"content":{"rendered":"<div class=\"product-description\">\n<h2>BADGER ORDNANCE 34MM P\u0158\u00cdSLU\u0160ENSTV\u00cd KROU\u017dKU CONDITION ONE HN\u011aD\u00c9 (700-34)<\/h2>\n<p>Dopl\u0148te sv\u016fj modul\u00e1rn\u00ed dr\u017e\u00e1k Condition One p\u0159\u00edslu\u0161enstv\u00edm Badger Ordnance Condition One Accessory Ring Cap (C1 ARC). Toto p\u0159\u00edslu\u0161enstv\u00ed nab\u00edz\u00ed:<\/p>\n<ul>\n<li>Integrace s modul\u00e1rn\u00edmi dr\u017e\u00e1ky Condition One<\/li>\n<li>Mo\u017enost p\u0159ipevn\u011bn\u00ed vp\u0159edu nebo vzadu<\/li>\n<li>Kompatibilita s r\u016fzn\u00fdm p\u0159\u00edslu\u0161enstv\u00edm, v\u010detn\u011b li\u0161t pro laserov\u00e9 d\u00e1lkom\u011bry a \u010derven\u00fdch te\u010dkov\u00fdch zam\u011b\u0159ova\u010d\u016f na pozici 12 hodin<\/li>\n<li>Snadn\u00e9 p\u0159ipevn\u011bn\u00ed\/odpojen\u00ed bez naru\u0161en\u00ed nast\u0159elen\u00ed hlavn\u00ed optiky<\/li>\n<li>Hn\u011bd\u00e1 povrchov\u00e1 \u00faprava pro taktick\u00e9 pou\u017eit\u00ed<\/li>\n<\/ul>\n<p>C1 ARC je navr\u017een pro maxim\u00e1ln\u00ed p\u0159izp\u016fsoben\u00ed a funk\u010dnost pro st\u0159elce a profesion\u00e1ly.<\/p>\n<\/div>\n","protected":false},"excerpt":{"rendered":"<p>P\u0159izp\u016fsobiteln\u00fd 34mm krou\u017ekov\u00fd uz\u00e1v\u011br pro dr\u017e\u00e1ky Condition One. V\u0161estrann\u00e9 p\u0159\u00edslu\u0161enstv\u00ed pro upevn\u011bn\u00ed.<\/p>\n","protected":false},"featured_media":496474,"template":"","meta":{"_acf_changed":false},"product_brand":[11083],"product_cat":[12685,12642],"product_tag":[],"class_list":{"0":"post-537723","1":"product","2":"type-product","3":"status-publish","4":"has-post-thumbnail","6":"product_brand-badger-ordnance","7":"product_cat-mireni","8":"product_cat-prislusenstvi-pro-mireni","10":"first","11":"instock","12":"taxable","13":"shipping-taxable","14":"purchasable","15":"product-type-simple"},"acf":[],"_links":{"self":[{"href":"https:\/\/staging.nbg.eu\/cs\/wp-json\/wp\/v2\/product\/537723","targetHints":{"allow":["GET"]}}],"collection":[{"href":"https:\/\/staging.nbg.eu\/cs\/wp-json\/wp\/v2\/product"}],"about":[{"href":"https:\/\/staging.nbg.eu\/cs\/wp-json\/wp\/v2\/types\/product"}],"wp:featuredmedia":[{"embeddable":true,"href":"https:\/\/staging.nbg.eu\/cs\/wp-json\/wp\/v2\/media\/496474"}],"wp:attachment":[{"href":"https:\/\/staging.nbg.eu\/cs\/wp-json\/wp\/v2\/media?parent=537723"}],"wp:term":[{"taxonomy":"product_brand","embeddable":true,"href":"https:\/\/staging.nbg.eu\/cs\/wp-json\/wp\/v2\/product_brand?post=537723"},{"taxonomy":"product_cat","embeddable":true,"href":"https:\/\/staging.nbg.eu\/cs\/wp-json\/wp\/v2\/product_cat?post=537723"},{"taxonomy":"product_tag","embeddable":true,"href":"https:\/\/staging.nbg.eu\/cs\/wp-json\/wp\/v2\/product_tag?post=537723"}],"curies":[{"name":"wp","href":"https:\/\/api.w.org\/{rel}","templated":true}]}}