{"id":53668,"date":"2024-03-04T08:23:25","date_gmt":"2024-09-13T12:53:53","guid":{"rendered":"https:\/\/staging.nbg.eu\/product\/bore-tech-bronze-rifle-brush-3-pack-multiple-calibers\/"},"modified":"2024-09-13T12:54:50","modified_gmt":"2024-09-13T12:54:50","slug":"bore-tech-bronzovy-puskovy-kartac-3-kusy-vice-razi","status":"publish","type":"product","link":"https:\/\/staging.nbg.eu\/cs\/produkt\/bore-tech-bronzovy-puskovy-kartac-3-kusy-vice-razi\/","title":{"rendered":"Bore Tech Bronzov\u00fd pu\u0161kov\u00fd kart\u00e1\u010d (3 kusy, v\u00edce r\u00e1\u017e\u00ed)"},"content":{"rendered":"<p>\nPu\u0161kov\u00fd kart\u00e1\u010dek Bore Tech Bronze m\u00e1 dvojn\u00e1sobn\u00fd po\u010det fosforov\u00fdch bronzov\u00fdch \u0161t\u011btin pro lep\u0161\u00ed \u010di\u0161t\u011bn\u00ed. Tyto kart\u00e1\u010dky nab\u00edzej\u00ed:<\/p>\n<ul>\n<li>Smy\u010dkov\u00e9 zakon\u010den\u00ed a dvojit\u011b vinut\u00e9 j\u00e1dro pro bezpe\u010dnost hlavn\u011b<\/li>\n<li>Hlin\u00edkov\u00e9 \u010depy leteck\u00e9 kvality<\/li>\n<li>Pr\u016fm\u011bry \u0161t\u011btin specifick\u00e9 pro jednotliv\u00e9 r\u00e1\u017ee<\/li>\n<li>K dispozici v r\u00e1\u017e\u00edch od .17 do .50<\/li>\n<\/ul>\n<p>Kart\u00e1\u010dky Bore Tech umo\u017e\u0148uj\u00ed rychlej\u0161\u00ed a \u00fa\u010dinn\u011bj\u0161\u00ed \u010di\u0161t\u011bn\u00ed.<\/p>\n","protected":false},"excerpt":{"rendered":"<p>Pr\u00e9miov\u00fd bronzov\u00fd kart\u00e1\u010dek na pu\u0161ku pro efektivn\u00ed a bezpe\u010dn\u00e9 \u010di\u0161t\u011bn\u00ed hlavn\u011b.<\/p>\n","protected":false},"featured_media":53669,"template":"","meta":{"_acf_changed":false},"product_brand":[11146],"product_cat":[12690,12717],"product_tag":[],"class_list":{"0":"post-53668","1":"product","2":"type-product","3":"status-publish","4":"has-post-thumbnail","6":"product_brand-boretech","7":"product_cat-cisteni-zbrani","8":"product_cat-kartace","10":"first","11":"instock","12":"taxable","13":"shipping-taxable","14":"purchasable","15":"product-type-variable","16":"wvs-archive-product-wrapper"},"acf":[],"_links":{"self":[{"href":"https:\/\/staging.nbg.eu\/cs\/wp-json\/wp\/v2\/product\/53668","targetHints":{"allow":["GET"]}}],"collection":[{"href":"https:\/\/staging.nbg.eu\/cs\/wp-json\/wp\/v2\/product"}],"about":[{"href":"https:\/\/staging.nbg.eu\/cs\/wp-json\/wp\/v2\/types\/product"}],"wp:featuredmedia":[{"embeddable":true,"href":"https:\/\/staging.nbg.eu\/cs\/wp-json\/wp\/v2\/media\/53669"}],"wp:attachment":[{"href":"https:\/\/staging.nbg.eu\/cs\/wp-json\/wp\/v2\/media?parent=53668"}],"wp:term":[{"taxonomy":"product_brand","embeddable":true,"href":"https:\/\/staging.nbg.eu\/cs\/wp-json\/wp\/v2\/product_brand?post=53668"},{"taxonomy":"product_cat","embeddable":true,"href":"https:\/\/staging.nbg.eu\/cs\/wp-json\/wp\/v2\/product_cat?post=53668"},{"taxonomy":"product_tag","embeddable":true,"href":"https:\/\/staging.nbg.eu\/cs\/wp-json\/wp\/v2\/product_tag?post=53668"}],"curies":[{"name":"wp","href":"https:\/\/api.w.org\/{rel}","templated":true}]}}