{"id":535815,"date":"2025-09-05T00:02:56","date_gmt":"2025-09-04T21:02:56","guid":{"rendered":"https:\/\/staging.nbg.eu\/product\/ismi-11-lb-spring-glock-17-gl11\/"},"modified":"2025-09-29T16:29:52","modified_gmt":"2025-09-29T13:29:52","slug":"ismi-11-lb-pruzina-glock-17-gl11","status":"publish","type":"product","link":"https:\/\/staging.nbg.eu\/cs\/produkt\/ismi-11-lb-pruzina-glock-17-gl11\/","title":{"rendered":"ISMI 11 lb. pru\u017eina Glock 17 (GL11)"},"content":{"rendered":"<h2>ISMI 11 lb. pru\u017eina pro Glock 17 (GL11)<\/h2>\n<p>Pru\u017eina ISMI 11 lb. (GL11) pro Glock 17 je ur\u010dena k:<\/p>\n<ul>\n<li>Zv\u00fd\u0161en\u00ed rychlosti z\u00e1v\u011bru<\/li>\n<li>Sn\u00ed\u017een\u00ed zp\u011btn\u00e9ho r\u00e1zu<\/li>\n<li>Zlep\u0161en\u00ed spolehlivosti s r\u016fzn\u00fdmi typy munice<\/li>\n<li>Zaji\u0161t\u011bn\u00ed konzistentn\u00edho v\u00fdkonu v r\u016fzn\u00fdch pov\u011btrnostn\u00edch podm\u00ednk\u00e1ch<\/li>\n<\/ul>\n<p>Vyrobeno z chrom-k\u0159em\u00edkov\u00e9ho dr\u00e1tu. Pru\u017eina s hodnocen\u00edm 11 lb. je vhodn\u00e1 pro st\u0159elce sout\u011b\u017e\u00edc\u00ed a ty, kte\u0159\u00ed hledaj\u00ed plynulej\u0161\u00ed st\u0159elbu.<\/p>\n<p>Kompatibiln\u00ed s modely Glock 17 a podobn\u00fdmi r\u00e1my. Snadn\u00e1 instalace.<\/p>\n<p><strong>Specifikace:<\/strong><\/p>\n<ul>\n<li>Hmotnost: 11 lb<\/li>\n<li>Materi\u00e1l: Chrom-k\u0159em\u00edk<\/li>\n<li>Vhodn\u00e9 pro: Glock 17 a podobn\u00e9 modely<\/li>\n<li>Vyrobeno v USA<\/li>\n<\/ul>\n","protected":false},"excerpt":{"rendered":"<p>Zes\u00edlen\u00e1 5kg pru\u017eina pro Glock 17. Zlep\u0161uje odpor spou\u0161t\u011b a reset.<\/p>\n","protected":false},"featured_media":0,"template":"","meta":{"_acf_changed":false},"product_brand":[],"product_cat":[12710,12666],"product_tag":[],"class_list":{"0":"post-535815","1":"product","2":"type-product","3":"status-publish","5":"product_cat-dily-na-pistole","6":"product_cat-pistole","8":"first","9":"outofstock","10":"taxable","11":"shipping-taxable","12":"purchasable","13":"product-type-simple"},"acf":[],"_links":{"self":[{"href":"https:\/\/staging.nbg.eu\/cs\/wp-json\/wp\/v2\/product\/535815","targetHints":{"allow":["GET"]}}],"collection":[{"href":"https:\/\/staging.nbg.eu\/cs\/wp-json\/wp\/v2\/product"}],"about":[{"href":"https:\/\/staging.nbg.eu\/cs\/wp-json\/wp\/v2\/types\/product"}],"wp:attachment":[{"href":"https:\/\/staging.nbg.eu\/cs\/wp-json\/wp\/v2\/media?parent=535815"}],"wp:term":[{"taxonomy":"product_brand","embeddable":true,"href":"https:\/\/staging.nbg.eu\/cs\/wp-json\/wp\/v2\/product_brand?post=535815"},{"taxonomy":"product_cat","embeddable":true,"href":"https:\/\/staging.nbg.eu\/cs\/wp-json\/wp\/v2\/product_cat?post=535815"},{"taxonomy":"product_tag","embeddable":true,"href":"https:\/\/staging.nbg.eu\/cs\/wp-json\/wp\/v2\/product_tag?post=535815"}],"curies":[{"name":"wp","href":"https:\/\/api.w.org\/{rel}","templated":true}]}}