{"id":535699,"date":"2025-09-05T00:01:54","date_gmt":"2025-09-04T21:01:54","guid":{"rendered":"https:\/\/staging.nbg.eu\/product\/vortex-defender-xl-red-dot-2moa-sight-dfxl-mrd2\/"},"modified":"2025-09-29T16:20:44","modified_gmt":"2025-09-29T13:20:44","slug":"vortex-defender-xl-kolimator-2moa-dfxl-mrd2","status":"publish","type":"product","link":"https:\/\/staging.nbg.eu\/cs\/produkt\/vortex-defender-xl-kolimator-2moa-dfxl-mrd2\/","title":{"rendered":"Vortex Defender-XL kolim\u00e1tor 2MOA &#8211; DFXL-MRD2"},"content":{"rendered":"<div class=\"product-description\">\n<h2>Vortex Defender-XL Red Dot 2MOA Sight &#8211; DFXL-MRD2<\/h2>\n<p>Vortex Defender-XL 2 MOA Red Dot Sight je kompaktn\u00ed optika navr\u017een\u00e1 pro rychl\u00e9 zam\u011b\u0159en\u00ed c\u00edle. Je vhodn\u00e1 pro sportovn\u00ed st\u0159elce, taktick\u00e9 oper\u00e1tory a nad\u0161ence do st\u0159eln\u00fdch zbran\u00ed.<\/p>\n<h2>Hlavn\u00ed vlastnosti:<\/h2>\n<ul>\n<li>2 MOA \u010derven\u00fd bod viditeln\u00fd za denn\u00edho sv\u011btla<\/li>\n<li>10 \u00farovn\u00ed jasu, v\u010detn\u011b 2 re\u017eim\u016f kompatibiln\u00edch s no\u010dn\u00edm vid\u011bn\u00edm<\/li>\n<li>Velk\u00e1 asf\u00e9rick\u00e1 \u010do\u010dka pro nezkreslen\u00fd obraz<\/li>\n<li>Polymerov\u00e1 vlo\u017eka ShockShield pro zv\u00fd\u0161enou odolnost proti n\u00e1raz\u016fm<\/li>\n<li>Textura Fast-Rack pro manipulaci se z\u00e1v\u011brem<\/li>\n<li>Aktivace pohybem s automatick\u00fdm vypnut\u00edm po 10 minut\u00e1ch<\/li>\n<li>Z\u00e1mek tla\u010d\u00edtek pro prevenci n\u00e1hodn\u00fdch \u00faprav<\/li>\n<li>Syst\u00e9m v\u00fdm\u011bny baterie shora bez ztr\u00e1ty nastaven\u00e9ho zam\u011b\u0159en\u00ed<\/li>\n<li>Matn\u00e1 povrchov\u00e1 \u00faprava s n\u00edzk\u00fdm odrazem sv\u011btla<\/li>\n<\/ul>\n<p>Defender-XL je navr\u017een pro odolnost v n\u00e1ro\u010dn\u00fdch podm\u00ednk\u00e1ch p\u0159i zachov\u00e1n\u00ed p\u0159esn\u00e9ho v\u00fdkonu. Je vhodnou volbou pro st\u0159elce, kte\u0159\u00ed vy\u017eaduj\u00ed spolehlivost a v\u0161estrannost.<\/p>\n<\/div>\n","protected":false},"excerpt":{"rendered":"<p>Kompaktn\u00ed, odoln\u00fd kolim\u00e1tor s \u010derven\u00fdm bodem o velikosti 2 MOA a aktivac\u00ed pohybem.<\/p>\n","protected":false},"featured_media":496165,"template":"","meta":{"_acf_changed":false},"product_brand":[],"product_cat":[12686,12719,12685,12665],"product_tag":[],"class_list":{"0":"post-535699","1":"product","2":"type-product","3":"status-publish","4":"has-post-thumbnail","6":"product_cat-kolimatory","7":"product_cat-kolimatory-na-pusky","8":"product_cat-mireni","9":"product_cat-pistolove-kolimatory","11":"first","12":"instock","13":"taxable","14":"shipping-taxable","15":"purchasable","16":"product-type-simple"},"acf":[],"_links":{"self":[{"href":"https:\/\/staging.nbg.eu\/cs\/wp-json\/wp\/v2\/product\/535699","targetHints":{"allow":["GET"]}}],"collection":[{"href":"https:\/\/staging.nbg.eu\/cs\/wp-json\/wp\/v2\/product"}],"about":[{"href":"https:\/\/staging.nbg.eu\/cs\/wp-json\/wp\/v2\/types\/product"}],"wp:featuredmedia":[{"embeddable":true,"href":"https:\/\/staging.nbg.eu\/cs\/wp-json\/wp\/v2\/media\/496165"}],"wp:attachment":[{"href":"https:\/\/staging.nbg.eu\/cs\/wp-json\/wp\/v2\/media?parent=535699"}],"wp:term":[{"taxonomy":"product_brand","embeddable":true,"href":"https:\/\/staging.nbg.eu\/cs\/wp-json\/wp\/v2\/product_brand?post=535699"},{"taxonomy":"product_cat","embeddable":true,"href":"https:\/\/staging.nbg.eu\/cs\/wp-json\/wp\/v2\/product_cat?post=535699"},{"taxonomy":"product_tag","embeddable":true,"href":"https:\/\/staging.nbg.eu\/cs\/wp-json\/wp\/v2\/product_tag?post=535699"}],"curies":[{"name":"wp","href":"https:\/\/api.w.org\/{rel}","templated":true}]}}