{"id":535274,"date":"2025-09-04T23:53:23","date_gmt":"2025-09-04T20:53:23","guid":{"rendered":"https:\/\/staging.nbg.eu\/product\/bravo-company-bcmgunfighter-quick-detach-sling-swivel-heavy-duty-design-bcm-qdss-2\/"},"modified":"2025-09-29T15:42:24","modified_gmt":"2025-09-29T12:42:24","slug":"bravo-company-bcmgunfighter-rychloupinaci-otocny-zaves-pro-popruh-robustni-provedeni-bcm-qdss-2","status":"publish","type":"product","link":"https:\/\/staging.nbg.eu\/cs\/produkt\/bravo-company-bcmgunfighter-rychloupinaci-otocny-zaves-pro-popruh-robustni-provedeni-bcm-qdss-2\/","title":{"rendered":"BRAVO COMPANY BCMGUNFIGHTER rychloup\u00ednac\u00ed oto\u010dn\u00fd z\u00e1v\u011bs pro popruh robustn\u00ed proveden\u00ed (BCM-QDSs-2)"},"content":{"rendered":"<h2>BCMGUNFIGHTER\u2122 Rychle odpojiteln\u00fd popruh (Odoln\u00e9 proveden\u00ed)<\/h2>\n<p>BCMGUNFIGHTER\u2122 Rychle odpojiteln\u00fd popruh (BCM-QDSs-2) je ur\u010den pro 1-1\/4&#8243; popruhy.<\/p>\n<ul>\n<li>Zapu\u0161t\u011bn\u00fd p\u00edst zabra\u0148uje n\u00e1hodn\u00e9mu uvoln\u011bn\u00ed<\/li>\n<li>Povrch je obrou\u0161en a otrysk\u00e1n p\u0159ed pokoven\u00edm<\/li>\n<li>Vyroben z uhl\u00edkov\u00e9 oceli s manganov\u00fdm fosf\u00e1tov\u00fdm povrchem<\/li>\n<li>Kompatibiln\u00ed s 1-1\/4&#8243; popruhy<\/li>\n<\/ul>\n<p>Tento popruh je vyroben v USA.<\/p>\n","protected":false},"excerpt":{"rendered":"<p>Odoln\u00fd oto\u010dn\u00fd z\u00e1v\u011bs QD vyroben\u00fd v USA pro popruhy o \u0161\u00ed\u0159ce 1,25&#8243;. Bezpe\u010dn\u00fd a trvanliv\u00fd.<\/p>\n","protected":false},"featured_media":495885,"template":"","meta":{"_acf_changed":false},"product_brand":[11055],"product_cat":[12709,12672,12658],"product_tag":[],"class_list":{"0":"post-535274","1":"product","2":"type-product","3":"status-publish","4":"has-post-thumbnail","6":"product_brand-bcm","7":"product_cat-puska","8":"product_cat-remeny","9":"product_cat-rifle-tuning","11":"first","12":"outofstock","13":"taxable","14":"shipping-taxable","15":"purchasable","16":"product-type-simple"},"acf":[],"_links":{"self":[{"href":"https:\/\/staging.nbg.eu\/cs\/wp-json\/wp\/v2\/product\/535274","targetHints":{"allow":["GET"]}}],"collection":[{"href":"https:\/\/staging.nbg.eu\/cs\/wp-json\/wp\/v2\/product"}],"about":[{"href":"https:\/\/staging.nbg.eu\/cs\/wp-json\/wp\/v2\/types\/product"}],"wp:featuredmedia":[{"embeddable":true,"href":"https:\/\/staging.nbg.eu\/cs\/wp-json\/wp\/v2\/media\/495885"}],"wp:attachment":[{"href":"https:\/\/staging.nbg.eu\/cs\/wp-json\/wp\/v2\/media?parent=535274"}],"wp:term":[{"taxonomy":"product_brand","embeddable":true,"href":"https:\/\/staging.nbg.eu\/cs\/wp-json\/wp\/v2\/product_brand?post=535274"},{"taxonomy":"product_cat","embeddable":true,"href":"https:\/\/staging.nbg.eu\/cs\/wp-json\/wp\/v2\/product_cat?post=535274"},{"taxonomy":"product_tag","embeddable":true,"href":"https:\/\/staging.nbg.eu\/cs\/wp-json\/wp\/v2\/product_tag?post=535274"}],"curies":[{"name":"wp","href":"https:\/\/api.w.org\/{rel}","templated":true}]}}