{"id":535057,"date":"2025-09-04T20:17:18","date_gmt":"2025-09-04T17:17:18","guid":{"rendered":"https:\/\/staging.nbg.eu\/product\/sprinco-usa-308-m4-extension-tube-cs-xp-buffer-spring-in-hard-tube-25762-orange\/"},"modified":"2025-09-29T15:16:07","modified_gmt":"2025-09-29T12:16:07","slug":"sprinco-usa-308-m4-prodluzovaci-trubka-cs-xp-pruzina-bufferu-v-tvrde-trubici-25762-oranzova","status":"publish","type":"product","link":"https:\/\/staging.nbg.eu\/cs\/produkt\/sprinco-usa-308-m4-prodluzovaci-trubka-cs-xp-pruzina-bufferu-v-tvrde-trubici-25762-oranzova\/","title":{"rendered":"SPRINCO USA 308 M4 prodlu\u017eovac\u00ed trubka CS XP pru\u017eina bufferu v tvrd\u00e9 trubici (25762) Oran\u017eov\u00e1"},"content":{"rendered":"<div class=\"product-description\">\n<h2>SPRINCO USA 308 M4 prodlu\u017eovac\u00ed trubka CS XP pru\u017eina n\u00e1razn\u00edku v tvrd\u00e9 trubce (25762) Oran\u017eov\u00e1<\/h2>\n<p>Pru\u017eina n\u00e1razn\u00edku pro velkor\u00e1mov\u00e9 karabiny, tento produkt Sprinco USA je navr\u017een pro pou\u017eit\u00ed v r\u016fzn\u00fdch konfigurac\u00edch:<\/p>\n<ul>\n<li>DPMS vzor .308 \/ 6.5 CM se standardn\u00ed 7&#8243; M4 trubkou n\u00e1razn\u00edku a 2.5&#8243; kr\u00e1tk\u00fdm n\u00e1razn\u00edkem<\/li>\n<li>SR-25 \/ Armalite vzor st\u0159edn\u011b dlouh\u00e9 karabiny s 3.25&#8243; n\u00e1razn\u00edky<\/li>\n<li>Standardn\u00ed 7&#8243; M4 trubky v p\u0159eplynovan\u00fdch karabin\u00e1ch (5.56, 6.8 SPC, 6.5 Grendel, atd.)<\/li>\n<\/ul>\n<p>Pru\u017eina n\u00e1razn\u00edku pro zbran\u011b. Baleno v tvrd\u00e9 trubce pro ochranu b\u011bhem p\u0159epravy a skladov\u00e1n\u00ed.<\/p>\n<\/div>\n","protected":false},"excerpt":{"rendered":"<p>Univerz\u00e1ln\u00ed pru\u017eina tlumi\u010de pro karabiny r\u00e1\u017ee .308\/6,5 CM a p\u0159epln\u011bn\u00e9 pu\u0161ky.<\/p>\n","protected":false},"featured_media":495539,"template":"","meta":{"_acf_changed":false},"product_brand":[],"product_cat":[12720,12709,12658],"product_tag":[],"class_list":{"0":"post-535057","1":"product","2":"type-product","3":"status-publish","4":"has-post-thumbnail","6":"product_cat-pruziny","7":"product_cat-puska","8":"product_cat-rifle-tuning","10":"first","11":"instock","12":"taxable","13":"shipping-taxable","14":"purchasable","15":"product-type-simple"},"acf":[],"_links":{"self":[{"href":"https:\/\/staging.nbg.eu\/cs\/wp-json\/wp\/v2\/product\/535057","targetHints":{"allow":["GET"]}}],"collection":[{"href":"https:\/\/staging.nbg.eu\/cs\/wp-json\/wp\/v2\/product"}],"about":[{"href":"https:\/\/staging.nbg.eu\/cs\/wp-json\/wp\/v2\/types\/product"}],"wp:featuredmedia":[{"embeddable":true,"href":"https:\/\/staging.nbg.eu\/cs\/wp-json\/wp\/v2\/media\/495539"}],"wp:attachment":[{"href":"https:\/\/staging.nbg.eu\/cs\/wp-json\/wp\/v2\/media?parent=535057"}],"wp:term":[{"taxonomy":"product_brand","embeddable":true,"href":"https:\/\/staging.nbg.eu\/cs\/wp-json\/wp\/v2\/product_brand?post=535057"},{"taxonomy":"product_cat","embeddable":true,"href":"https:\/\/staging.nbg.eu\/cs\/wp-json\/wp\/v2\/product_cat?post=535057"},{"taxonomy":"product_tag","embeddable":true,"href":"https:\/\/staging.nbg.eu\/cs\/wp-json\/wp\/v2\/product_tag?post=535057"}],"curies":[{"name":"wp","href":"https:\/\/api.w.org\/{rel}","templated":true}]}}