{"id":534943,"date":"2025-09-04T20:17:18","date_gmt":"2025-09-04T17:17:18","guid":{"rendered":"https:\/\/staging.nbg.eu\/product\/sprinco-usa-ar-308-buferna-pruzhina-25004-cherveno\/"},"modified":"2025-09-29T14:58:33","modified_gmt":"2025-09-29T11:58:33","slug":"sprinco-usa-ar-308-pruzina-bufferu-25004-cervena","status":"publish","type":"product","link":"https:\/\/staging.nbg.eu\/cs\/produkt\/sprinco-usa-ar-308-pruzina-bufferu-25004-cervena\/","title":{"rendered":"SPRINCO USA AR .308 pru\u017eina bufferu (25004) \u010cerven\u00e1"},"content":{"rendered":"<div class=\"product-description\">\n<h2>SPRINCO USA AR .308 Pru\u017eina z\u00e1sobn\u00edku (25004) \u010cerven\u00e1<\/h2>\n<p>SPRINCO USA AR .308 Pru\u017eina z\u00e1sobn\u00edku (25004) \u010cerven\u00e1 pro st\u0159eln\u00e9 zbran\u011b platformy AR. Tato pru\u017eina z chromovan\u00e9ho k\u0159em\u00edku nab\u00edz\u00ed:<\/p>\n<ul>\n<li>Vy\u0161\u0161\u00ed odolnost a \u017eivotnost ve srovn\u00e1n\u00ed se standardn\u00edmi pru\u017einami<\/li>\n<li>Zlep\u0161en\u00e1 spolehlivost a cyklov\u00e1n\u00ed, zejm\u00e9na v syst\u00e9mech s nadm\u011brn\u00fdm tlakem plynu<\/li>\n<li>Sn\u00ed\u017een\u00fd odraz z\u00e1v\u011bru pro plynulej\u0161\u00ed funkci<\/li>\n<li>Lep\u0161\u00ed ovl\u00e1d\u00e1n\u00ed zp\u011btn\u00e9ho r\u00e1zu<\/li>\n<li>Kompatibilita se zbran\u011bmi s tlumi\u010dem<\/li>\n<\/ul>\n<p>Navr\u017eeno speci\u00e1ln\u011b pro z\u00e1sobn\u00edkov\u00e9 syst\u00e9my M4 a CAR-15, tato pru\u017eina m\u00e1 \u010dervenou barvu pro snadnou identifikaci. Baleno v ochrann\u00e9 tvrd\u00e9 trubici, je vhodn\u00e1 pro st\u0159elce pou\u017e\u00edvaj\u00edc\u00ed karabiny platformy AR-15.<\/p>\n<\/div>\n","protected":false},"excerpt":{"rendered":"<p>Vysoce v\u00fdkonn\u00e1 pru\u017eina tlumi\u010de AR .308. \u010cerven\u00e1 barva, zvy\u0161uje spolehlivost.<\/p>\n","protected":false},"featured_media":495516,"template":"","meta":{"_acf_changed":false},"product_brand":[],"product_cat":[12720,12658],"product_tag":[],"class_list":{"0":"post-534943","1":"product","2":"type-product","3":"status-publish","4":"has-post-thumbnail","6":"product_cat-pruziny","7":"product_cat-rifle-tuning","9":"first","10":"instock","11":"taxable","12":"shipping-taxable","13":"purchasable","14":"product-type-simple"},"acf":[],"_links":{"self":[{"href":"https:\/\/staging.nbg.eu\/cs\/wp-json\/wp\/v2\/product\/534943","targetHints":{"allow":["GET"]}}],"collection":[{"href":"https:\/\/staging.nbg.eu\/cs\/wp-json\/wp\/v2\/product"}],"about":[{"href":"https:\/\/staging.nbg.eu\/cs\/wp-json\/wp\/v2\/types\/product"}],"wp:featuredmedia":[{"embeddable":true,"href":"https:\/\/staging.nbg.eu\/cs\/wp-json\/wp\/v2\/media\/495516"}],"wp:attachment":[{"href":"https:\/\/staging.nbg.eu\/cs\/wp-json\/wp\/v2\/media?parent=534943"}],"wp:term":[{"taxonomy":"product_brand","embeddable":true,"href":"https:\/\/staging.nbg.eu\/cs\/wp-json\/wp\/v2\/product_brand?post=534943"},{"taxonomy":"product_cat","embeddable":true,"href":"https:\/\/staging.nbg.eu\/cs\/wp-json\/wp\/v2\/product_cat?post=534943"},{"taxonomy":"product_tag","embeddable":true,"href":"https:\/\/staging.nbg.eu\/cs\/wp-json\/wp\/v2\/product_tag?post=534943"}],"curies":[{"name":"wp","href":"https:\/\/api.w.org\/{rel}","templated":true}]}}