{"id":534838,"date":"2025-09-04T20:17:18","date_gmt":"2025-09-04T17:17:18","guid":{"rendered":"https:\/\/staging.nbg.eu\/product\/sprinco-usa-enhanced-4-coil-bolt-carrier-extractor-cs-spring-3-pak-25435-red\/"},"modified":"2025-09-29T14:49:34","modified_gmt":"2025-09-29T11:49:34","slug":"sprinco-usa-vylepsena-4-zavitova-vytahovaci-pruzina-zaveru-cs-3-baleni-25435-cervena","status":"publish","type":"product","link":"https:\/\/staging.nbg.eu\/cs\/produkt\/sprinco-usa-vylepsena-4-zavitova-vytahovaci-pruzina-zaveru-cs-3-baleni-25435-cervena\/","title":{"rendered":"SPRINCO USA vylep\u0161en\u00e1 4-z\u00e1vitov\u00e1 vytahovac\u00ed pru\u017eina z\u00e1v\u011bru CS 3-balen\u00ed (25435) \u010cerven\u00e1"},"content":{"rendered":"<div class=\"product-description\">\n<h2>SPRINCO USA 4-VINUT\u00c1 PRU\u017dINA VYTAHOVA\u010cE PRO NOSI\u010c Z\u00c1V\u011aRU CS 3-BALEN\u00cd (25435) \u010cerven\u00e1<\/h2>\n<p>Pru\u017einy Sprinco USA pro vytahova\u010d nosi\u010de z\u00e1v\u011bru, 3-balen\u00ed. Vyrobeno z tepeln\u011b zpracovan\u00e9ho, odoln\u00e9ho chromsiliciov\u00e9ho dr\u00e1tu, kryogenn\u011b zpracov\u00e1no a pota\u017eeno molybden disulfidem pro zv\u00fd\u0161enou odolnost.<\/p>\n<ul>\n<li>Udr\u017euje prodlou\u017een\u00fd pracovn\u00ed cyklus nov\u00e9 vojensk\u00e9 pru\u017einy<\/li>\n<li>Vhodn\u00e9 pro hlavn\u011b d\u00e9lky 18&#8243;+ a sb\u011br n\u00e1bojnic<\/li>\n<li>Odoln\u00e9 v\u016f\u010di teplot\u00e1m do 398\u00b0C<\/li>\n<li>Pro extr\u00e9mn\u00ed pracovn\u00ed cykly s konzistentn\u00edm v\u00fdkonem<\/li>\n<li>Dlouhodob\u00e9 \u0159e\u0161en\u00ed &#8222;plug &amp; play&#8220;<\/li>\n<\/ul>\n<p>Pru\u017einy Sprinco pro vylep\u0161en\u00ed funkce a \u017eivotnosti vytahova\u010de ve skupin\u011b nosi\u010de z\u00e1v\u011bru.<\/p>\n<\/div>\n","protected":false},"excerpt":{"rendered":"<p>Odoln\u00e9 4-c\u00edvkov\u00e9 extrak\u010dn\u00ed pru\u017einy pro prodlou\u017een\u00e9 pracovn\u00ed cykly. Vyrobeno v USA.<\/p>\n","protected":false},"featured_media":495490,"template":"","meta":{"_acf_changed":false},"product_brand":[],"product_cat":[12725],"product_tag":[],"class_list":{"0":"post-534838","1":"product","2":"type-product","3":"status-publish","4":"has-post-thumbnail","6":"product_cat-nezarazeno","8":"first","9":"instock","10":"taxable","11":"shipping-taxable","12":"purchasable","13":"product-type-simple"},"acf":[],"_links":{"self":[{"href":"https:\/\/staging.nbg.eu\/cs\/wp-json\/wp\/v2\/product\/534838","targetHints":{"allow":["GET"]}}],"collection":[{"href":"https:\/\/staging.nbg.eu\/cs\/wp-json\/wp\/v2\/product"}],"about":[{"href":"https:\/\/staging.nbg.eu\/cs\/wp-json\/wp\/v2\/types\/product"}],"wp:featuredmedia":[{"embeddable":true,"href":"https:\/\/staging.nbg.eu\/cs\/wp-json\/wp\/v2\/media\/495490"}],"wp:attachment":[{"href":"https:\/\/staging.nbg.eu\/cs\/wp-json\/wp\/v2\/media?parent=534838"}],"wp:term":[{"taxonomy":"product_brand","embeddable":true,"href":"https:\/\/staging.nbg.eu\/cs\/wp-json\/wp\/v2\/product_brand?post=534838"},{"taxonomy":"product_cat","embeddable":true,"href":"https:\/\/staging.nbg.eu\/cs\/wp-json\/wp\/v2\/product_cat?post=534838"},{"taxonomy":"product_tag","embeddable":true,"href":"https:\/\/staging.nbg.eu\/cs\/wp-json\/wp\/v2\/product_tag?post=534838"}],"curies":[{"name":"wp","href":"https:\/\/api.w.org\/{rel}","templated":true}]}}