{"id":534721,"date":"2025-09-04T20:17:18","date_gmt":"2025-09-04T17:17:18","guid":{"rendered":"https:\/\/staging.nbg.eu\/product\/law-tactical-llc-ar-15-m16-gen3-m-folding-stock-adapter-fde-99313\/"},"modified":"2025-09-29T13:45:55","modified_gmt":"2025-09-29T10:45:55","slug":"law-tactical-llc-ar-15m16-gen3-m-adapter-skladaci-pazby-fde-99313","status":"publish","type":"product","link":"https:\/\/staging.nbg.eu\/cs\/produkt\/law-tactical-llc-ar-15m16-gen3-m-adapter-skladaci-pazby-fde-99313\/","title":{"rendered":"LAW TACTICAL LLC AR-15\/M16 Gen3-M adapt\u00e9r skl\u00e1dac\u00ed pa\u017eby FDE (99313)"},"content":{"rendered":"<div class=\"product-description\">\n<h2>LAW TACTICAL LLC AR-15\/M16 Gen3-M Adapt\u00e9r pro sklopnou pa\u017ebu FDE (99313)<\/h2>\n<p>Adapt\u00e9r LAW TACTICAL Gen3-M pro sklopnou pa\u017ebu vyroben\u00fd v USA. Tento ocelov\u00fd adapt\u00e9r umo\u017e\u0148uje instalaci sklopn\u00e9 pa\u017eby, \u010d\u00edm\u017e vytv\u00e1\u0159\u00ed kompaktn\u00ed pu\u0161ku.<\/p>\n<ul>\n<li>Kompatibiln\u00ed se standardn\u00edmi syst\u00e9my plynov\u00e9ho impulzu a plynov\u00e9ho p\u00edstu<\/li>\n<li>P\u0159ij\u00edm\u00e1 A2, mil-spec M4 a komer\u010dn\u00ed trubky prodlou\u017een\u00ed pouzdra z\u00e1v\u011bru<\/li>\n<li>Funguje se standardn\u00edmi nosi\u010di z\u00e1v\u011bru, v\u010detn\u011b pln\u011b automatick\u00fdch a velikosti .308<\/li>\n<li>Ovl\u00e1d\u00e1n\u00ed jedn\u00edm tla\u010d\u00edtkem pro rychl\u00e9 sklopen\u00ed a rozlo\u017een\u00ed<\/li>\n<li>Nastaviteln\u00e9 nap\u011bt\u00ed z\u00e1v\u011bsu<\/li>\n<li>DLC povlak<\/li>\n<li>P\u0159id\u00e1v\u00e1 1,3&#8243; k d\u00e9lce zdvihu<\/li>\n<li>Hmotnost: 8,5 oz<\/li>\n<\/ul>\n<p><strong>Pozn\u00e1mka:<\/strong> Nest\u0159\u00edlejte z pu\u0161ky se sklopenou pa\u017ebou. Kompatibiln\u00ed pouze s nosi\u010di Centerfire a Mil-Spec nebo kompatibiln\u00edmi z\u00e1v\u011bry AR 9mm.<\/p>\n<\/div>\n","protected":false},"excerpt":{"rendered":"<p>Kompaktn\u00ed skl\u00e1dac\u00ed adapt\u00e9r pa\u017eby pro AR-15 pro snadnou p\u0159epravu a skladov\u00e1n\u00ed.<\/p>\n","protected":false},"featured_media":495375,"template":"","meta":{"_acf_changed":false},"product_brand":[],"product_cat":[12669,12709,12658],"product_tag":[],"class_list":{"0":"post-534721","1":"product","2":"type-product","3":"status-publish","4":"has-post-thumbnail","6":"product_cat-pazby","7":"product_cat-puska","8":"product_cat-rifle-tuning","10":"first","11":"instock","12":"taxable","13":"shipping-taxable","14":"purchasable","15":"product-type-simple"},"acf":[],"_links":{"self":[{"href":"https:\/\/staging.nbg.eu\/cs\/wp-json\/wp\/v2\/product\/534721","targetHints":{"allow":["GET"]}}],"collection":[{"href":"https:\/\/staging.nbg.eu\/cs\/wp-json\/wp\/v2\/product"}],"about":[{"href":"https:\/\/staging.nbg.eu\/cs\/wp-json\/wp\/v2\/types\/product"}],"wp:featuredmedia":[{"embeddable":true,"href":"https:\/\/staging.nbg.eu\/cs\/wp-json\/wp\/v2\/media\/495375"}],"wp:attachment":[{"href":"https:\/\/staging.nbg.eu\/cs\/wp-json\/wp\/v2\/media?parent=534721"}],"wp:term":[{"taxonomy":"product_brand","embeddable":true,"href":"https:\/\/staging.nbg.eu\/cs\/wp-json\/wp\/v2\/product_brand?post=534721"},{"taxonomy":"product_cat","embeddable":true,"href":"https:\/\/staging.nbg.eu\/cs\/wp-json\/wp\/v2\/product_cat?post=534721"},{"taxonomy":"product_tag","embeddable":true,"href":"https:\/\/staging.nbg.eu\/cs\/wp-json\/wp\/v2\/product_tag?post=534721"}],"curies":[{"name":"wp","href":"https:\/\/api.w.org\/{rel}","templated":true}]}}