{"id":533843,"date":"2025-09-04T18:48:24","date_gmt":"2025-09-04T15:48:24","guid":{"rendered":"https:\/\/staging.nbg.eu\/product\/utg-h2-hard-coat-heavy-recoil-buffer-ar-15-m4-m16-rb-t6bfh2\/"},"modified":"2025-09-29T11:12:16","modified_gmt":"2025-09-29T08:12:16","slug":"utg-h2-tezky-buffer-proti-zpetnemu-razu-s-tvrdou-povrchovou-upravou-ar-15-m4-m16-rb-t6bfh2","status":"publish","type":"product","link":"https:\/\/staging.nbg.eu\/cs\/produkt\/utg-h2-tezky-buffer-proti-zpetnemu-razu-s-tvrdou-povrchovou-upravou-ar-15-m4-m16-rb-t6bfh2\/","title":{"rendered":"UTG &#8211; H2 t\u011b\u017ek\u00fd buffer proti zp\u011btn\u00e9mu r\u00e1zu s tvrdou povrchovou \u00fapravou &#8211; AR-15 \/ M4 \/ M16 &#8211; RB-T6BFH2"},"content":{"rendered":"<div class=\"product-description\">\n<h2>UTG &#8211; H2 tvrd\u011b pota\u017een\u00fd tlumi\u010d zp\u011btn\u00e9ho r\u00e1zu &#8211; AR-15 \/ M4 \/ M16<\/h2>\n<p>Tlumi\u010d zp\u011btn\u00e9ho r\u00e1zu UTG H2 pro platformu AR-15 obsahuje:<\/p>\n<ul>\n<li>2 t\u011b\u017ek\u00e1 wolframov\u00e1 z\u00e1va\u017e\u00ed a 1 ocelov\u00e9 z\u00e1va\u017e\u00ed pro plynulej\u0161\u00ed cyklus a lep\u0161\u00ed spolehlivost<\/li>\n<li>Zes\u00edlen\u00e9 t\u011blo tlumi\u010de s tvrd\u00fdm eloxov\u00e1n\u00edm pro odolnost<\/li>\n<li>T\u011bsn\u011b p\u0159il\u00e9haj\u00edc\u00ed n\u00e1razn\u00edk tlumi\u010de pro optim\u00e1ln\u00ed v\u00fdkon<\/li>\n<li>Celkov\u00e1 hmotnost: 4.6 unc\u00ed<\/li>\n<\/ul>\n<p>Kompatibiln\u00ed s modely AR-15, M4 a M16, tento matn\u011b \u010dern\u00fd tlumi\u010d je navr\u017een pro sn\u00ed\u017een\u00ed zp\u011btn\u00e9ho r\u00e1zu. Kombinace wolframu, oceli a hlin\u00edku zaji\u0161\u0165uje dlouhou \u017eivotnost a konzistentn\u00ed v\u00fdkon.<\/p>\n<\/div>\n","protected":false},"excerpt":{"rendered":"<p>UTG H2 t\u011b\u017ek\u00fd tlumi\u010d zp\u011btn\u00e9ho r\u00e1zu: Plynulej\u0161\u00ed cyklus pro karabiny AR-15.<\/p>\n","protected":false},"featured_media":494359,"template":"","meta":{"_acf_changed":false},"product_brand":[],"product_cat":[12658],"product_tag":[],"class_list":{"0":"post-533843","1":"product","2":"type-product","3":"status-publish","4":"has-post-thumbnail","6":"product_cat-rifle-tuning","8":"first","9":"instock","10":"taxable","11":"shipping-taxable","12":"purchasable","13":"product-type-simple"},"acf":[],"_links":{"self":[{"href":"https:\/\/staging.nbg.eu\/cs\/wp-json\/wp\/v2\/product\/533843","targetHints":{"allow":["GET"]}}],"collection":[{"href":"https:\/\/staging.nbg.eu\/cs\/wp-json\/wp\/v2\/product"}],"about":[{"href":"https:\/\/staging.nbg.eu\/cs\/wp-json\/wp\/v2\/types\/product"}],"wp:featuredmedia":[{"embeddable":true,"href":"https:\/\/staging.nbg.eu\/cs\/wp-json\/wp\/v2\/media\/494359"}],"wp:attachment":[{"href":"https:\/\/staging.nbg.eu\/cs\/wp-json\/wp\/v2\/media?parent=533843"}],"wp:term":[{"taxonomy":"product_brand","embeddable":true,"href":"https:\/\/staging.nbg.eu\/cs\/wp-json\/wp\/v2\/product_brand?post=533843"},{"taxonomy":"product_cat","embeddable":true,"href":"https:\/\/staging.nbg.eu\/cs\/wp-json\/wp\/v2\/product_cat?post=533843"},{"taxonomy":"product_tag","embeddable":true,"href":"https:\/\/staging.nbg.eu\/cs\/wp-json\/wp\/v2\/product_tag?post=533843"}],"curies":[{"name":"wp","href":"https:\/\/api.w.org\/{rel}","templated":true}]}}