{"id":533731,"date":"2025-09-04T18:48:23","date_gmt":"2025-09-04T15:48:23","guid":{"rendered":"https:\/\/staging.nbg.eu\/product\/utg-h3-carbine-buffer-ar15-m4-rb-t6bfh3\/"},"modified":"2025-09-29T11:03:27","modified_gmt":"2025-09-29T08:03:27","slug":"utg-h3-carbine-buffer-ar15-m4-rb-t6bfh3","status":"publish","type":"product","link":"https:\/\/staging.nbg.eu\/cs\/produkt\/utg-h3-carbine-buffer-ar15-m4-rb-t6bfh3\/","title":{"rendered":"UTG &#8211; H3 Carbine buffer &#8211; AR15 \/ M4 &#8211; RB-T6BFH3"},"content":{"rendered":"<div class=\"product-description\">\n<h2>UTG &#8211; H3 Karbinov\u00e1 zar\u00e1\u017eka &#8211; AR15 \/ M4 &#8211; RB-T6BFH3<\/h2>\n<p>Zar\u00e1\u017eka Leapers UTG H3 pro AR15 obsahuje:<\/p>\n<ul>\n<li>3 t\u011b\u017ek\u00e1 wolframov\u00e1 z\u00e1va\u017e\u00ed<\/li>\n<li>Zes\u00edlen\u00e9 t\u011blo z hlin\u00edku 6061-T6 s tvrdou anodizovanou povrchovou \u00fapravou<\/li>\n<li>Pevn\u011b uchycen\u00fd koncov\u00fd n\u00e1razn\u00edk<\/li>\n<li>Prodlu\u017euje dobu setrv\u00e1n\u00ed a usnad\u0148uje extrakci<\/li>\n<li>Sni\u017euje zp\u011btn\u00fd r\u00e1z<\/li>\n<li>M\u016f\u017ee zlep\u0161it p\u0159esnost u t\u011b\u017e\u0161\u00edch r\u00e1\u017e\u00ed<\/li>\n<\/ul>\n<p>Tato zar\u00e1\u017eka v\u00e1\u017e\u00ed 5,4 unc\u00ed a je navr\u017eena pro platformu AR. M\u016f\u017ee zlep\u0161it v\u00fdkon a sn\u00ed\u017eit zp\u011btn\u00fd r\u00e1z.<\/p>\n","protected":false},"excerpt":{"rendered":"<p>UTG H3 Pu\u0161ka Buffer: Sni\u017euje zp\u011btn\u00fd r\u00e1z, zlep\u0161uje pohodl\u00ed pro AR15\/M4.<\/p>\n","protected":false},"featured_media":494311,"template":"","meta":{"_acf_changed":false},"product_brand":[],"product_cat":[12658],"product_tag":[],"class_list":{"0":"post-533731","1":"product","2":"type-product","3":"status-publish","4":"has-post-thumbnail","6":"product_cat-rifle-tuning","8":"first","9":"instock","10":"taxable","11":"shipping-taxable","12":"purchasable","13":"product-type-simple"},"acf":[],"_links":{"self":[{"href":"https:\/\/staging.nbg.eu\/cs\/wp-json\/wp\/v2\/product\/533731","targetHints":{"allow":["GET"]}}],"collection":[{"href":"https:\/\/staging.nbg.eu\/cs\/wp-json\/wp\/v2\/product"}],"about":[{"href":"https:\/\/staging.nbg.eu\/cs\/wp-json\/wp\/v2\/types\/product"}],"wp:featuredmedia":[{"embeddable":true,"href":"https:\/\/staging.nbg.eu\/cs\/wp-json\/wp\/v2\/media\/494311"}],"wp:attachment":[{"href":"https:\/\/staging.nbg.eu\/cs\/wp-json\/wp\/v2\/media?parent=533731"}],"wp:term":[{"taxonomy":"product_brand","embeddable":true,"href":"https:\/\/staging.nbg.eu\/cs\/wp-json\/wp\/v2\/product_brand?post=533731"},{"taxonomy":"product_cat","embeddable":true,"href":"https:\/\/staging.nbg.eu\/cs\/wp-json\/wp\/v2\/product_cat?post=533731"},{"taxonomy":"product_tag","embeddable":true,"href":"https:\/\/staging.nbg.eu\/cs\/wp-json\/wp\/v2\/product_tag?post=533731"}],"curies":[{"name":"wp","href":"https:\/\/api.w.org\/{rel}","templated":true}]}}