{"id":532996,"date":"2025-09-04T18:25:08","date_gmt":"2025-09-04T15:25:08","guid":{"rendered":"https:\/\/staging.nbg.eu\/product\/ftcs-gas-tube-cover-oblong-holes-ak-cerakote-black-nr-30\/"},"modified":"2025-09-29T10:10:07","modified_gmt":"2025-09-29T07:10:07","slug":"ftcs-kryt-plynove-trubice-podlouhle-otvory-ak-cerakote-cerny-c-30","status":"publish","type":"product","link":"https:\/\/staging.nbg.eu\/cs\/produkt\/ftcs-kryt-plynove-trubice-podlouhle-otvory-ak-cerakote-cerny-c-30\/","title":{"rendered":"FTCS &#8211; Kryt plynov\u00e9 trubice &#8211; Podlouhl\u00e9 otvory &#8211; AK &#8211; Cerakote &#8211; \u010cern\u00fd &#8211; \u010d. 30"},"content":{"rendered":"<div class=\"product-description\">\n<h2>FTCS Kryt plynov\u00e9 trubice &#8211; Podlouhl\u00e9 otvory &#8211; AK &#8211; Cerakote \u010cern\u00e1 &#8211; \u010c. 30<\/h2>\n<p>FTCS Kryt plynov\u00e9 trubice pro AK. Tento dopln\u011bk m\u00e1 n\u00e1sleduj\u00edc\u00ed vlastnosti:<\/p>\n<ul>\n<li>Cerakote \u010cern\u00e1 povrchov\u00e1 \u00faprava pro odolnost proti korozi<\/li>\n<li>Design s podlouhl\u00fdmi otvory pro odvod tepla<\/li>\n<li>Kompatibiln\u00ed s v\u011bt\u0161inou pu\u0161ek typu AK<\/li>\n<li>Snadn\u00e1 instalace bez pot\u0159eby \u00faprav zbran\u011b<\/li>\n<li>Sni\u017euje p\u0159enos tepla p\u0159i del\u0161\u00edm st\u0159\u00edlen\u00ed<\/li>\n<li>Modern\u00ed vzhled vhodn\u00fd pro taktick\u00e9 sestavy<\/li>\n<\/ul>\n<p>FTCS Kryt plynov\u00e9 trubice \u010d. 30 pro AK nab\u00edz\u00ed zlep\u0161enou funk\u010dnost a upraven\u00fd vzhled.<\/p>\n<\/div>\n","protected":false},"excerpt":{"rendered":"<p>Kryt plynov\u00e9 trubice AK s podlouhl\u00fdmi otvory. Povrchov\u00e1 \u00faprava Cerakote \u010dern\u00e1. #30.<\/p>\n","protected":false},"featured_media":494051,"template":"","meta":{"_acf_changed":false},"product_brand":[11310],"product_cat":[12643,12709,12658],"product_tag":[],"class_list":{"0":"post-532996","1":"product","2":"type-product","3":"status-publish","4":"has-post-thumbnail","6":"product_brand-ftcs","7":"product_cat-ak-tuning","8":"product_cat-puska","9":"product_cat-rifle-tuning","11":"first","12":"instock","13":"taxable","14":"shipping-taxable","15":"purchasable","16":"product-type-simple"},"acf":[],"_links":{"self":[{"href":"https:\/\/staging.nbg.eu\/cs\/wp-json\/wp\/v2\/product\/532996","targetHints":{"allow":["GET"]}}],"collection":[{"href":"https:\/\/staging.nbg.eu\/cs\/wp-json\/wp\/v2\/product"}],"about":[{"href":"https:\/\/staging.nbg.eu\/cs\/wp-json\/wp\/v2\/types\/product"}],"wp:featuredmedia":[{"embeddable":true,"href":"https:\/\/staging.nbg.eu\/cs\/wp-json\/wp\/v2\/media\/494051"}],"wp:attachment":[{"href":"https:\/\/staging.nbg.eu\/cs\/wp-json\/wp\/v2\/media?parent=532996"}],"wp:term":[{"taxonomy":"product_brand","embeddable":true,"href":"https:\/\/staging.nbg.eu\/cs\/wp-json\/wp\/v2\/product_brand?post=532996"},{"taxonomy":"product_cat","embeddable":true,"href":"https:\/\/staging.nbg.eu\/cs\/wp-json\/wp\/v2\/product_cat?post=532996"},{"taxonomy":"product_tag","embeddable":true,"href":"https:\/\/staging.nbg.eu\/cs\/wp-json\/wp\/v2\/product_tag?post=532996"}],"curies":[{"name":"wp","href":"https:\/\/api.w.org\/{rel}","templated":true}]}}