{"id":532724,"date":"2025-09-04T17:51:31","date_gmt":"2025-09-04T14:51:31","guid":{"rendered":"https:\/\/staging.nbg.eu\/product\/strike-industries-mass-driver-comp-for-glock-17-gen4\/"},"modified":"2025-09-29T09:49:27","modified_gmt":"2025-09-29T06:49:27","slug":"strike-industries-mass-driver-comp-pro-glock-17-gen4","status":"publish","type":"product","link":"https:\/\/staging.nbg.eu\/cs\/produkt\/strike-industries-mass-driver-comp-pro-glock-17-gen4\/","title":{"rendered":"Strike Industries &#8211; Mass Driver Comp pro Glock 17 Gen4"},"content":{"rendered":"<h2>Strike Industries &#8211; Kompenz\u00e1tor Mass Driver pro Glock 17 Gen4<\/h2>\n<p>Kompenz\u00e1tor Mass Driver (MDC) od Strike Industries pro Glock 17 Gen4 je nov\u00fd design kompenz\u00e1toru. Inspirov\u00e1n teoretick\u00fdmi motory hmotov\u00e9ho pohonu v kosmick\u00e9m cestov\u00e1n\u00ed, tento kompenz\u00e1tor sni\u017euje mechanick\u00fd zp\u011btn\u00fd r\u00e1z bez ovlivn\u011bn\u00ed spolehlivosti cyklov\u00e1n\u00ed.<\/p>\n<h2>Hlavn\u00ed vlastnosti:<\/h2>\n<ul>\n<li>Odd\u011bluje se od opera\u010dn\u00edch sou\u010d\u00e1st\u00ed po v\u00fdst\u0159elu<\/li>\n<li>Udr\u017euje rychlost cyklov\u00e1n\u00ed bl\u00edzkou p\u016fvodn\u00ed<\/li>\n<li>Sni\u017euje recipro\u010dn\u00ed hmotu<\/li>\n<li>Roz\u0161\u00ed\u0159en\u00fd v\u00fdvrt pro minimalizaci n\u00e1raz\u016f do p\u0159ep\u00e1\u017eek a nestability st\u0159ely<\/li>\n<li>2,5mm odleh\u010dovac\u00ed \u0159ez pro prevenci po\u0161kozen\u00ed z\u00e1v\u011bru<\/li>\n<li>Kompatibiln\u00ed s v\u011bt\u0161inou z\u00e1vitov\u00fdch hlavn\u00ed t\u0159et\u00edch stran<\/li>\n<li>Vhodn\u00fd pro z\u00e1v\u011bry GLOCK\u2122 GEN3, GEN4 a GEN5 G17<\/li>\n<li>Funguje s v\u011bt\u0161inou otev\u0159en\u00fdch pouzder<\/li>\n<\/ul>\n<p><strong>Pozn\u00e1mka:<\/strong> Doporu\u010den\u00fd utahovac\u00ed moment pro matici vod\u00edc\u00ed ty\u010de: 25 lbs\/in. Pou\u017eit\u00ed munice +P a +P+ m\u016f\u017ee zp\u016fsobit p\u0159ed\u010dasn\u00e9 opot\u0159eben\u00ed.<\/p>\n","protected":false},"excerpt":{"rendered":"<p>Revolu\u010dn\u00ed design kompenz\u00e1toru pro sn\u00ed\u017een\u00ed zp\u011btn\u00e9ho r\u00e1zu a rychlej\u0161\u00ed cyklus.<\/p>\n","protected":false},"featured_media":493828,"template":"","meta":{"_acf_changed":false},"product_brand":[],"product_cat":[12710,12666],"product_tag":[],"class_list":{"0":"post-532724","1":"product","2":"type-product","3":"status-publish","4":"has-post-thumbnail","6":"product_cat-dily-na-pistole","7":"product_cat-pistole","9":"first","10":"instock","11":"taxable","12":"shipping-taxable","13":"purchasable","14":"product-type-simple"},"acf":[],"_links":{"self":[{"href":"https:\/\/staging.nbg.eu\/cs\/wp-json\/wp\/v2\/product\/532724","targetHints":{"allow":["GET"]}}],"collection":[{"href":"https:\/\/staging.nbg.eu\/cs\/wp-json\/wp\/v2\/product"}],"about":[{"href":"https:\/\/staging.nbg.eu\/cs\/wp-json\/wp\/v2\/types\/product"}],"wp:featuredmedia":[{"embeddable":true,"href":"https:\/\/staging.nbg.eu\/cs\/wp-json\/wp\/v2\/media\/493828"}],"wp:attachment":[{"href":"https:\/\/staging.nbg.eu\/cs\/wp-json\/wp\/v2\/media?parent=532724"}],"wp:term":[{"taxonomy":"product_brand","embeddable":true,"href":"https:\/\/staging.nbg.eu\/cs\/wp-json\/wp\/v2\/product_brand?post=532724"},{"taxonomy":"product_cat","embeddable":true,"href":"https:\/\/staging.nbg.eu\/cs\/wp-json\/wp\/v2\/product_cat?post=532724"},{"taxonomy":"product_tag","embeddable":true,"href":"https:\/\/staging.nbg.eu\/cs\/wp-json\/wp\/v2\/product_tag?post=532724"}],"curies":[{"name":"wp","href":"https:\/\/api.w.org\/{rel}","templated":true}]}}