{"id":532614,"date":"2025-09-04T17:51:31","date_gmt":"2025-09-04T14:51:31","guid":{"rendered":"https:\/\/staging.nbg.eu\/product\/strike-industries-mass-driver-comp-for-glock-17-gen5-black-si-g5-mdcomp-s\/"},"modified":"2025-09-29T09:41:02","modified_gmt":"2025-09-29T06:41:02","slug":"strike-industries-mass-driver-comp-pro-glock-17-gen5-cerna-si-g5-mdcomp-s","status":"publish","type":"product","link":"https:\/\/staging.nbg.eu\/cs\/produkt\/strike-industries-mass-driver-comp-pro-glock-17-gen5-cerna-si-g5-mdcomp-s\/","title":{"rendered":"Strike Industries &#8211; Mass Driver Comp pro Glock 17 Gen5 &#8211; \u010cern\u00e1 &#8211; SI-G5-MDCOMP-S"},"content":{"rendered":"<h2>Strike Industries Mass Driver Comp pro Glock 17 Gen5 &#8211; \u010cern\u00fd<\/h2>\n<p>Strike Industries Mass Driver Compensator (MDC) pro Glock 17 Gen5. Tento design je inspirov\u00e1n teoretick\u00fdmi motory s hmotnostn\u00edm pohonem ve vesm\u00edrn\u00e9m cestov\u00e1n\u00ed.<\/p>\n<ul>\n<li>Sni\u017euje mechanick\u00fd zp\u011btn\u00fd r\u00e1z bez ovlivn\u011bn\u00ed rychlosti cyklu<\/li>\n<li>Sni\u017euje recipro\u010dn\u00ed hmotnost pro lep\u0161\u00ed v\u00fdkon<\/li>\n<li>Roz\u0161\u00ed\u0159en\u00fd v\u00fdvrt pro prevenci z\u00e1sah\u016f p\u0159ep\u00e1\u017eek a kl\u00ed\u010dov\u00fdch otvor\u016f<\/li>\n<li>2,5mm \u00falevov\u00fd \u0159ez pro ochranu z\u00e1v\u011bru pistole<\/li>\n<li>Kompatibiln\u00ed s v\u011bt\u0161inou aftermarketov\u00fdch z\u00e1vitov\u00fdch hlavn\u00ed<\/li>\n<li>Pasuje na z\u00e1v\u011bry GLOCK\u2122 GEN3, GEN4 a GEN5 G19 a G17<\/li>\n<li>Funguje s v\u011bt\u0161inou otev\u0159en\u00fdch pouzder pro kompenz\u00e1tory<\/li>\n<\/ul>\n<p><strong>Pozn\u00e1mka:<\/strong> Doporu\u010den\u00fd kroutic\u00ed moment pro matici vod\u00edc\u00ed ty\u010de: 25 lbs\/in. Pou\u017eit\u00ed s munic\u00ed +P a +P+ m\u016f\u017ee zp\u016fsobit p\u0159ed\u010dasn\u00e9 opot\u0159eben\u00ed.<\/p>\n","protected":false},"excerpt":{"rendered":"<p>Strike Industries MDC: Revolu\u010dn\u00ed sn\u00ed\u017een\u00ed zp\u011btn\u00e9ho r\u00e1zu pro Glock 17 Gen5.<\/p>\n","protected":false},"featured_media":493782,"template":"","meta":{"_acf_changed":false},"product_brand":[],"product_cat":[12710,12666],"product_tag":[],"class_list":{"0":"post-532614","1":"product","2":"type-product","3":"status-publish","4":"has-post-thumbnail","6":"product_cat-dily-na-pistole","7":"product_cat-pistole","9":"first","10":"instock","11":"taxable","12":"shipping-taxable","13":"purchasable","14":"product-type-simple"},"acf":[],"_links":{"self":[{"href":"https:\/\/staging.nbg.eu\/cs\/wp-json\/wp\/v2\/product\/532614","targetHints":{"allow":["GET"]}}],"collection":[{"href":"https:\/\/staging.nbg.eu\/cs\/wp-json\/wp\/v2\/product"}],"about":[{"href":"https:\/\/staging.nbg.eu\/cs\/wp-json\/wp\/v2\/types\/product"}],"wp:featuredmedia":[{"embeddable":true,"href":"https:\/\/staging.nbg.eu\/cs\/wp-json\/wp\/v2\/media\/493782"}],"wp:attachment":[{"href":"https:\/\/staging.nbg.eu\/cs\/wp-json\/wp\/v2\/media?parent=532614"}],"wp:term":[{"taxonomy":"product_brand","embeddable":true,"href":"https:\/\/staging.nbg.eu\/cs\/wp-json\/wp\/v2\/product_brand?post=532614"},{"taxonomy":"product_cat","embeddable":true,"href":"https:\/\/staging.nbg.eu\/cs\/wp-json\/wp\/v2\/product_cat?post=532614"},{"taxonomy":"product_tag","embeddable":true,"href":"https:\/\/staging.nbg.eu\/cs\/wp-json\/wp\/v2\/product_tag?post=532614"}],"curies":[{"name":"wp","href":"https:\/\/api.w.org\/{rel}","templated":true}]}}