{"id":53174,"date":"2024-03-04T08:51:50","date_gmt":"2024-09-13T12:49:30","guid":{"rendered":"https:\/\/staging.nbg.eu\/product\/bore-tech-proof-positive-bore-stix-multiple-calibers\/"},"modified":"2024-09-13T12:50:28","modified_gmt":"2024-09-13T12:50:28","slug":"bore-tech-proof-positive-bore-stix-vice-razi","status":"publish","type":"product","link":"https:\/\/staging.nbg.eu\/cs\/produkt\/bore-tech-proof-positive-bore-stix-vice-razi\/","title":{"rendered":"Bore Tech Proof-Positive Bore Stix (V\u00edce r\u00e1\u017e\u00ed)"},"content":{"rendered":"<p>\n<strong>Bore Tech Proof-Positive Bore Stix (V\u00edce kalibr\u016f)<\/strong><br \/>\n\u010cistic\u00ed ty\u010dky Bore Tech Proof-Positive Bore Stix\u2122 nab\u00edzej\u00ed:<\/p>\n<ul>\n<li>Rukojeti s kuli\u010dkov\u00fdmi lo\u017eisky pro snadn\u00fd pohyb<\/li>\n<li>Plovouc\u00ed design pro p\u0159esn\u00e9 sledov\u00e1n\u00ed v\u00fdvrtu<\/li>\n<li>Barevn\u011b ozna\u010den\u00e9 protiskluzov\u00e9 gumov\u00e9 \u00fachyty<\/li>\n<li>Vym\u011bniteln\u00fd, bezpe\u010dn\u00fd hrot, kter\u00fd nen\u00ed z mosazi<\/li>\n<li>Zes\u00edlen\u00e9 ocelov\u00e9 j\u00e1dro pro vy\u0161\u0161\u00ed tuhost<\/li>\n<li>Speci\u00e1ln\u00ed n\u00edzko-frik\u010dn\u00ed povlak<\/li>\n<li>Syst\u00e9m pro identifikaci stoup\u00e1n\u00ed v\u00fdvrtu hlavn\u011b<\/li>\n<\/ul>\n<p>Vyberte si Bore Tech Proof-Positive Bore Stix.<\/p>\n","protected":false},"excerpt":{"rendered":"<p>P\u0159esn\u00e9 \u010distic\u00ed ty\u010de s kuli\u010dkov\u00fdmi rukoje\u0165mi a vym\u011bniteln\u00fdmi hroty.<\/p>\n","protected":false},"featured_media":53175,"template":"","meta":{"_acf_changed":false},"product_brand":[11146],"product_cat":[12690,12649],"product_tag":[],"class_list":{"0":"post-53174","1":"product","2":"type-product","3":"status-publish","4":"has-post-thumbnail","6":"product_brand-boretech","7":"product_cat-cisteni-zbrani","8":"product_cat-cistici-tyce","10":"first","11":"instock","12":"taxable","13":"shipping-taxable","14":"purchasable","15":"product-type-variable","16":"wvs-archive-product-wrapper"},"acf":[],"_links":{"self":[{"href":"https:\/\/staging.nbg.eu\/cs\/wp-json\/wp\/v2\/product\/53174","targetHints":{"allow":["GET"]}}],"collection":[{"href":"https:\/\/staging.nbg.eu\/cs\/wp-json\/wp\/v2\/product"}],"about":[{"href":"https:\/\/staging.nbg.eu\/cs\/wp-json\/wp\/v2\/types\/product"}],"wp:featuredmedia":[{"embeddable":true,"href":"https:\/\/staging.nbg.eu\/cs\/wp-json\/wp\/v2\/media\/53175"}],"wp:attachment":[{"href":"https:\/\/staging.nbg.eu\/cs\/wp-json\/wp\/v2\/media?parent=53174"}],"wp:term":[{"taxonomy":"product_brand","embeddable":true,"href":"https:\/\/staging.nbg.eu\/cs\/wp-json\/wp\/v2\/product_brand?post=53174"},{"taxonomy":"product_cat","embeddable":true,"href":"https:\/\/staging.nbg.eu\/cs\/wp-json\/wp\/v2\/product_cat?post=53174"},{"taxonomy":"product_tag","embeddable":true,"href":"https:\/\/staging.nbg.eu\/cs\/wp-json\/wp\/v2\/product_tag?post=53174"}],"curies":[{"name":"wp","href":"https:\/\/api.w.org\/{rel}","templated":true}]}}