{"id":531275,"date":"2025-09-04T17:51:30","date_gmt":"2025-09-04T14:51:30","guid":{"rendered":"https:\/\/staging.nbg.eu\/product\/strike-industries-mass-driver-comp-for-glock-19-gen4\/"},"modified":"2025-09-26T17:55:03","modified_gmt":"2025-09-26T14:55:03","slug":"strike-industries-mass-driver-comp-pro-glock-19-gen4","status":"publish","type":"product","link":"https:\/\/staging.nbg.eu\/cs\/produkt\/strike-industries-mass-driver-comp-pro-glock-19-gen4\/","title":{"rendered":"Strike Industries &#8211; Mass Driver Comp pro Glock 19 Gen4"},"content":{"rendered":"<h2>Kompenz\u00e1tor Strike Industries Mass Driver pro Glock 19 Gen4<\/h2>\n<p>Kompenz\u00e1tor Strike Industries Mass Driver (MDC) pro Glock 19 Gen4 nab\u00edz\u00ed:<\/p>\n<ul>\n<li>Sn\u00ed\u017een\u00ed mechanick\u00e9ho zp\u011btn\u00e9ho r\u00e1zu pomoc\u00ed syst\u00e9mu protiz\u00e1va\u017e\u00ed<\/li>\n<li>Rychlost cyklu bl\u00edzk\u00e1 standardn\u00ed pro spolehliv\u00fd v\u00fdkon<\/li>\n<li>Roz\u0161\u00ed\u0159en\u00fd v\u00fdvrt pro prevenci n\u00e1raz\u016f na p\u0159ep\u00e1\u017eky a kl\u00ed\u010dov\u00e1n\u00ed<\/li>\n<li>2,5mm odleh\u010dovac\u00ed \u0159ez pro ochranu \u010dela z\u00e1v\u011bru<\/li>\n<li>Kompatibilita s v\u011bt\u0161inou aftermarketov\u00fdch z\u00e1vitov\u00fdch hlavn\u00ed<\/li>\n<li>Vhodn\u00fd pro z\u00e1v\u011bry Gen3, Gen4 a Gen5 G19 a G17<\/li>\n<li>Funguje s otev\u0159en\u00fdmi pouzdry uzp\u016fsoben\u00fdmi pro kompenz\u00e1tory<\/li>\n<\/ul>\n<p>Pozn\u00e1mka: Doporu\u010den\u00fd to\u010div\u00fd moment pro matici vod\u00edc\u00ed ty\u010de je 25 lbs\/in. Pou\u017eit\u00ed munice +P a +P+ m\u016f\u017ee zp\u016fsobit p\u0159ed\u010dasn\u00e9 opot\u0159eben\u00ed.<\/p>\n","protected":false},"excerpt":{"rendered":"<p>Revolu\u010dn\u00ed kompenz\u00e1tor pro Glock 19 Gen4. Sni\u017euje zp\u011btn\u00fd r\u00e1z a zdvih hlavn\u011b.<\/p>\n","protected":false},"featured_media":493666,"template":"","meta":{"_acf_changed":false},"product_brand":[],"product_cat":[12725],"product_tag":[],"class_list":{"0":"post-531275","1":"product","2":"type-product","3":"status-publish","4":"has-post-thumbnail","6":"product_cat-nezarazeno","8":"first","9":"instock","10":"taxable","11":"shipping-taxable","12":"purchasable","13":"product-type-simple"},"acf":[],"_links":{"self":[{"href":"https:\/\/staging.nbg.eu\/cs\/wp-json\/wp\/v2\/product\/531275","targetHints":{"allow":["GET"]}}],"collection":[{"href":"https:\/\/staging.nbg.eu\/cs\/wp-json\/wp\/v2\/product"}],"about":[{"href":"https:\/\/staging.nbg.eu\/cs\/wp-json\/wp\/v2\/types\/product"}],"wp:featuredmedia":[{"embeddable":true,"href":"https:\/\/staging.nbg.eu\/cs\/wp-json\/wp\/v2\/media\/493666"}],"wp:attachment":[{"href":"https:\/\/staging.nbg.eu\/cs\/wp-json\/wp\/v2\/media?parent=531275"}],"wp:term":[{"taxonomy":"product_brand","embeddable":true,"href":"https:\/\/staging.nbg.eu\/cs\/wp-json\/wp\/v2\/product_brand?post=531275"},{"taxonomy":"product_cat","embeddable":true,"href":"https:\/\/staging.nbg.eu\/cs\/wp-json\/wp\/v2\/product_cat?post=531275"},{"taxonomy":"product_tag","embeddable":true,"href":"https:\/\/staging.nbg.eu\/cs\/wp-json\/wp\/v2\/product_tag?post=531275"}],"curies":[{"name":"wp","href":"https:\/\/api.w.org\/{rel}","templated":true}]}}