{"id":530931,"date":"2025-09-04T17:49:03","date_gmt":"2025-09-04T14:49:03","guid":{"rendered":"https:\/\/staging.nbg.eu\/product\/magpul-moe-sl-ak-grip-for-ak47-ak74-fde-mag682-fde\/"},"modified":"2025-09-26T16:15:46","modified_gmt":"2025-09-26T13:15:46","slug":"magpul-moe-sl-ak-rukojet-pro-ak47ak74-fde-mag682-fde","status":"publish","type":"product","link":"https:\/\/staging.nbg.eu\/cs\/produkt\/magpul-moe-sl-ak-rukojet-pro-ak47ak74-fde-mag682-fde\/","title":{"rendered":"Magpul &#8211; MOE SL AK rukoje\u0165 pro AK47\/AK74 &#8211; FDE &#8211; MAG682-FDE"},"content":{"rendered":"<div class=\"product-description\">\n<h2>Magpul MOE SL AK Grip pro AK47\/AK74 &#8211; FDE (MAG682-FDE)<\/h2>\n<p>Rukoje\u0165 Magpul MOE SL AK v barv\u011b Flat Dark Earth pro AK47\/AK74. Tato rukoje\u0165 m\u00e1 vertik\u00e1ln\u011bj\u0161\u00ed \u00fahel a je optimalizov\u00e1na pro zbran\u011b s krat\u0161\u00ed d\u00e9lkou z\u00e1v\u011bru.<\/p>\n<ul>\n<li>Vyrobeno z polymeru s texturovan\u00fdm povrchem<\/li>\n<li>Vhodn\u00e9 pro fr\u00e9zovan\u00e9 i lisovan\u00e9 receivery, v\u010detn\u011b t\u011bch s v\u00fdztu\u017en\u00fdmi deskami<\/li>\n<li>Obsahuje TSP (Trapezoidal Surface Projections) texturu<\/li>\n<li>\u00dahel rukojeti 20 stup\u0148\u016f<\/li>\n<li>U\u017e\u0161\u00ed profil ve srovn\u00e1n\u00ed s plnorozm\u011brov\u00fdmi rukoje\u0165mi<\/li>\n<li>Rozm\u011bry: 10,9 cm v\u00fd\u0161ka x 2,8 cm tlou\u0161\u0165ka, hmotnost 73,7 g<\/li>\n<li>Vyrobeno v USA &#8211; po\u010d\u00edt\u00e1 se jako jedna sou\u010d\u00e1st pro 922r compliance<\/li>\n<\/ul>\n<p>Rukoje\u0165 Magpul MOE SL AK je navr\u017eena pro pou\u017eit\u00ed v r\u016fzn\u00fdch prost\u0159ed\u00edch.<\/p>\n<\/div>\n","protected":false},"excerpt":{"rendered":"<p>Magpul MOE SL AK Grip: \u0160t\u00edhl\u00e1, texturovan\u00e1 modernizace pro AK47\/74 \u2013 p\u00edskov\u011b hn\u011bd\u00e1 (FDE)<\/p>\n","protected":false},"featured_media":493573,"template":"","meta":{"_acf_changed":false},"product_brand":[],"product_cat":[12725],"product_tag":[],"class_list":{"0":"post-530931","1":"product","2":"type-product","3":"status-publish","4":"has-post-thumbnail","6":"product_cat-nezarazeno","8":"first","9":"instock","10":"taxable","11":"shipping-taxable","12":"purchasable","13":"product-type-simple"},"acf":[],"_links":{"self":[{"href":"https:\/\/staging.nbg.eu\/cs\/wp-json\/wp\/v2\/product\/530931","targetHints":{"allow":["GET"]}}],"collection":[{"href":"https:\/\/staging.nbg.eu\/cs\/wp-json\/wp\/v2\/product"}],"about":[{"href":"https:\/\/staging.nbg.eu\/cs\/wp-json\/wp\/v2\/types\/product"}],"wp:featuredmedia":[{"embeddable":true,"href":"https:\/\/staging.nbg.eu\/cs\/wp-json\/wp\/v2\/media\/493573"}],"wp:attachment":[{"href":"https:\/\/staging.nbg.eu\/cs\/wp-json\/wp\/v2\/media?parent=530931"}],"wp:term":[{"taxonomy":"product_brand","embeddable":true,"href":"https:\/\/staging.nbg.eu\/cs\/wp-json\/wp\/v2\/product_brand?post=530931"},{"taxonomy":"product_cat","embeddable":true,"href":"https:\/\/staging.nbg.eu\/cs\/wp-json\/wp\/v2\/product_cat?post=530931"},{"taxonomy":"product_tag","embeddable":true,"href":"https:\/\/staging.nbg.eu\/cs\/wp-json\/wp\/v2\/product_tag?post=530931"}],"curies":[{"name":"wp","href":"https:\/\/api.w.org\/{rel}","templated":true}]}}