{"id":530739,"date":"2025-09-04T17:31:53","date_gmt":"2025-09-04T14:31:53","guid":{"rendered":"https:\/\/staging.nbg.eu\/product\/pistoletna-drzhka-magpul-moe-k2-za-ak-fde-mag683-fde\/"},"modified":"2025-09-26T16:05:01","modified_gmt":"2025-09-26T13:05:01","slug":"pistolova-rukojet-magpul-moe-k2-pro-ak-fde-mag683-fde","status":"publish","type":"product","link":"https:\/\/staging.nbg.eu\/cs\/produkt\/pistolova-rukojet-magpul-moe-k2-pro-ak-fde-mag683-fde\/","title":{"rendered":"Pistolov\u00e1 rukoje\u0165 Magpul MOE-K2 pro AK FDE MAG683-FDE"},"content":{"rendered":"<div class=\"product-description\">\n<h2>Magpul MOE-K2 AK Pistolov\u00e1 rukoje\u0165 &#8211; FDE (MAG683-FDE)<\/h2>\n<p>Pistolov\u00e1 rukoje\u0165 pro pu\u0161ky AK47\/AK74 v barv\u011b Flat Dark Earth. Tato rukoje\u0165 nab\u00edz\u00ed:<\/p>\n<ul>\n<li>Zlep\u0161enou ergonomii a ovl\u00e1d\u00e1n\u00ed<\/li>\n<li>Odolnou polymerovou konstrukci s texturou<\/li>\n<li>Neklouzav\u00fd povrch<\/li>\n<li>Strm\u011bj\u0161\u00ed \u00fahel \u00fachopu pro modern\u00ed st\u0159eleck\u00e9 postoje<\/li>\n<li>Sn\u00ed\u017een\u00ed \u00fanavy z\u00e1p\u011bst\u00ed p\u0159i dlouhodob\u00e9m pou\u017e\u00edv\u00e1n\u00ed<\/li>\n<\/ul>\n<p>Navr\u017eeno spole\u010dnost\u00ed Magpul. Tato rukoje\u0165 v barv\u011b FDE se hod\u00ed k r\u016fzn\u00fdm povrch\u016fm AK.<\/p>\n<p><strong>\u010c\u00edslo d\u00edlu v\u00fdrobce:<\/strong> MAG683-FDE<\/p>\n<p><strong>UPC:<\/strong> 840815117117<\/p>\n<\/div>\n","protected":false},"excerpt":{"rendered":"<p>Magpul MOE-K2 AK pa\u017eba: Ergonomick\u00e1, protiskluzov\u00e1, se strm\u011bj\u0161\u00edm \u00fahlem pro pohodl\u00ed.<\/p>\n","protected":false},"featured_media":0,"template":"","meta":{"_acf_changed":false},"product_brand":[],"product_cat":[],"product_tag":[],"class_list":{"0":"post-530739","1":"product","2":"type-product","3":"status-publish","6":"first","7":"instock","8":"taxable","9":"shipping-taxable","10":"purchasable","11":"product-type-simple"},"acf":[],"_links":{"self":[{"href":"https:\/\/staging.nbg.eu\/cs\/wp-json\/wp\/v2\/product\/530739","targetHints":{"allow":["GET"]}}],"collection":[{"href":"https:\/\/staging.nbg.eu\/cs\/wp-json\/wp\/v2\/product"}],"about":[{"href":"https:\/\/staging.nbg.eu\/cs\/wp-json\/wp\/v2\/types\/product"}],"wp:attachment":[{"href":"https:\/\/staging.nbg.eu\/cs\/wp-json\/wp\/v2\/media?parent=530739"}],"wp:term":[{"taxonomy":"product_brand","embeddable":true,"href":"https:\/\/staging.nbg.eu\/cs\/wp-json\/wp\/v2\/product_brand?post=530739"},{"taxonomy":"product_cat","embeddable":true,"href":"https:\/\/staging.nbg.eu\/cs\/wp-json\/wp\/v2\/product_cat?post=530739"},{"taxonomy":"product_tag","embeddable":true,"href":"https:\/\/staging.nbg.eu\/cs\/wp-json\/wp\/v2\/product_tag?post=530739"}],"curies":[{"name":"wp","href":"https:\/\/api.w.org\/{rel}","templated":true}]}}