{"id":529939,"date":"2025-09-02T20:30:44","date_gmt":"2025-09-02T17:30:44","guid":{"rendered":"https:\/\/staging.nbg.eu\/product\/predna-drzhka-magpul-zhukov-za-ak-47-ak-74-lilava-mag586-plm\/"},"modified":"2025-09-26T15:05:51","modified_gmt":"2025-09-26T12:05:51","slug":"predni-drzka-magpul-zhukov-pro-ak-47ak-74-fialova-mag586-plm","status":"publish","type":"product","link":"https:\/\/staging.nbg.eu\/cs\/produkt\/predni-drzka-magpul-zhukov-pro-ak-47ak-74-fialova-mag586-plm\/","title":{"rendered":"Predni drzka Magpul ZHUKOV pro AK-47\/AK-74 fialova MAG586 PLM"},"content":{"rendered":"<div class=\"product-description\">\n<h2>Magpul ZHUKOV p\u0159edpa\u017eb\u00ed pro AK-47\/AK-74 &#8211; Fialov\u00e9 (MAG586-PLM)<\/h2>\n<p>P\u0159edpa\u017eb\u00ed Magpul ZHUKOV pro AK-47 nebo AK-74 ve fialov\u00e9m proveden\u00ed. Toto prodlou\u017een\u00e9 p\u0159edpa\u017eb\u00ed nab\u00edz\u00ed velkou plochu pro \u00fachop a dal\u0161\u00ed mo\u017enosti mont\u00e1\u017ee p\u0159\u00edslu\u0161enstv\u00ed.<\/p>\n<ul>\n<li>Kompatibiln\u00ed s v\u011bt\u0161inou pu\u0161ek AK-47\/AKM\/AK-74 (pr\u016fm\u011br hlavn\u011b 16,75-18,25 mm, d\u00e9lka &gt;13&#8243;)<\/li>\n<li>Celokovov\u00fd hlin\u00edkov\u00fd r\u00e1m s tvrdou anodizac\u00ed pro pevnou mont\u00e1\u017e a tepelnou izolaci<\/li>\n<li>Odoln\u00fd polymerov\u00fd vn\u011bj\u0161\u00ed kryt s otvory pro p\u0159\u00edslu\u0161enstv\u00ed M-LOK<\/li>\n<li>Obsahuje n\u00e1hradn\u00ed polymerov\u00fd horn\u00ed kryt<\/li>\n<li>Kompatibiln\u00ed s UltiMAK mont\u00e1\u017e\u00ed optiky<\/li>\n<li>D\u00e9lka: 11,7 palc\u016f<\/li>\n<\/ul>\n<p>Toto p\u0159edpa\u017eb\u00ed je vhodn\u00e9 pro lovce a st\u0159elce.<\/p>\n<\/div>\n","protected":false},"excerpt":{"rendered":"<p>Prodlou\u017een\u00e9 p\u0159edpa\u017eb\u00ed Magpul ZHUKOV pro AK-47\/AK-74, \u0161vestkov\u00e1 barva, kompatibiln\u00ed s M-LOK.<\/p>\n","protected":false},"featured_media":0,"template":"","meta":{"_acf_changed":false},"product_brand":[],"product_cat":[],"product_tag":[],"class_list":{"0":"post-529939","1":"product","2":"type-product","3":"status-publish","6":"first","7":"instock","8":"taxable","9":"shipping-taxable","10":"purchasable","11":"product-type-simple"},"acf":[],"_links":{"self":[{"href":"https:\/\/staging.nbg.eu\/cs\/wp-json\/wp\/v2\/product\/529939","targetHints":{"allow":["GET"]}}],"collection":[{"href":"https:\/\/staging.nbg.eu\/cs\/wp-json\/wp\/v2\/product"}],"about":[{"href":"https:\/\/staging.nbg.eu\/cs\/wp-json\/wp\/v2\/types\/product"}],"wp:attachment":[{"href":"https:\/\/staging.nbg.eu\/cs\/wp-json\/wp\/v2\/media?parent=529939"}],"wp:term":[{"taxonomy":"product_brand","embeddable":true,"href":"https:\/\/staging.nbg.eu\/cs\/wp-json\/wp\/v2\/product_brand?post=529939"},{"taxonomy":"product_cat","embeddable":true,"href":"https:\/\/staging.nbg.eu\/cs\/wp-json\/wp\/v2\/product_cat?post=529939"},{"taxonomy":"product_tag","embeddable":true,"href":"https:\/\/staging.nbg.eu\/cs\/wp-json\/wp\/v2\/product_tag?post=529939"}],"curies":[{"name":"wp","href":"https:\/\/api.w.org\/{rel}","templated":true}]}}