{"id":52989,"date":"2024-03-08T06:59:20","date_gmt":"2024-09-13T12:46:15","guid":{"rendered":"https:\/\/staging.nbg.eu\/product\/bore-tech-shotgun-blend\/"},"modified":"2024-09-13T12:47:01","modified_gmt":"2024-09-13T12:47:01","slug":"bore-tech-shotgun-blend","status":"publish","type":"product","link":"https:\/\/staging.nbg.eu\/cs\/produkt\/bore-tech-shotgun-blend\/","title":{"rendered":"Bore Tech Shotgun Blend"},"content":{"rendered":"<p>\nBore Tech Shotgun Blend je \u010distic\u00ed prost\u0159edek na hlavn\u011b bez obsahu amoniaku. Tato biologicky rozlo\u017eiteln\u00e1 sm\u011bs odstra\u0148uje olovo, zbytky st\u0159eln\u00e9ho prachu a plastov\u00e9 ucp\u00e1vky z hlavn\u00ed, p\u0159echodov\u00fdch ku\u017eel\u016f a v\u00fdm\u011bnn\u00fdch zahrdlen\u00ed. Je bezpe\u010dn\u00fd, bez z\u00e1pachu a snadno se pou\u017e\u00edv\u00e1. \u010cist\u00ed \u00fa\u010dinn\u011b, co\u017e je patrn\u00e9 na pou\u017eit\u00fdch \u010distic\u00edch z\u00e1plat\u00e1ch.<\/p>\n","protected":false},"excerpt":{"rendered":"<p>\u00da\u010dinn\u00fd \u010disti\u010d v\u00fdvrtu bezpe\u010dn\u011b odstra\u0148uje olovo, karbonov\u00e9 a plastov\u00e9 zne\u010di\u0161t\u011bn\u00ed.<\/p>\n","protected":false},"featured_media":52990,"template":"","meta":{"_acf_changed":false},"product_brand":[11146],"product_cat":[12690,12704],"product_tag":[],"class_list":{"0":"post-52989","1":"product","2":"type-product","3":"status-publish","4":"has-post-thumbnail","6":"product_brand-boretech","7":"product_cat-cisteni-zbrani","8":"product_cat-cistici-prostredky","10":"first","11":"instock","12":"taxable","13":"shipping-taxable","14":"purchasable","15":"product-type-variable","16":"wvs-archive-product-wrapper"},"acf":[],"_links":{"self":[{"href":"https:\/\/staging.nbg.eu\/cs\/wp-json\/wp\/v2\/product\/52989","targetHints":{"allow":["GET"]}}],"collection":[{"href":"https:\/\/staging.nbg.eu\/cs\/wp-json\/wp\/v2\/product"}],"about":[{"href":"https:\/\/staging.nbg.eu\/cs\/wp-json\/wp\/v2\/types\/product"}],"wp:featuredmedia":[{"embeddable":true,"href":"https:\/\/staging.nbg.eu\/cs\/wp-json\/wp\/v2\/media\/52990"}],"wp:attachment":[{"href":"https:\/\/staging.nbg.eu\/cs\/wp-json\/wp\/v2\/media?parent=52989"}],"wp:term":[{"taxonomy":"product_brand","embeddable":true,"href":"https:\/\/staging.nbg.eu\/cs\/wp-json\/wp\/v2\/product_brand?post=52989"},{"taxonomy":"product_cat","embeddable":true,"href":"https:\/\/staging.nbg.eu\/cs\/wp-json\/wp\/v2\/product_cat?post=52989"},{"taxonomy":"product_tag","embeddable":true,"href":"https:\/\/staging.nbg.eu\/cs\/wp-json\/wp\/v2\/product_tag?post=52989"}],"curies":[{"name":"wp","href":"https:\/\/api.w.org\/{rel}","templated":true}]}}