{"id":529395,"date":"2025-09-02T20:23:55","date_gmt":"2025-09-02T17:23:55","guid":{"rendered":"https:\/\/staging.nbg.eu\/product\/magpul-zhukov-s-stock-for-ak-47-ak-74-mag585\/"},"modified":"2025-09-26T12:41:45","modified_gmt":"2025-09-26T09:41:45","slug":"magpul-zhukov-s-paze-pro-ak-47-ak-74-mag585","status":"publish","type":"product","link":"https:\/\/staging.nbg.eu\/cs\/produkt\/magpul-zhukov-s-paze-pro-ak-47-ak-74-mag585\/","title":{"rendered":"Magpul &#8211; ZHUKOV-S paze pro AK-47 \/ AK-74 &#8211; MAG585"},"content":{"rendered":"<div class=\"product-description\">\n<h2>Magpul ZHUKOV-S\u00ae pa\u017eba pro AK-47 \/ AK-74 &#8211; MAG585<\/h2>\n<p>Magpul ZHUKOV-S\u00ae skl\u00e1dac\u00ed pa\u017eba pro AK47\/AKM\/AK74 karabiny nab\u00edz\u00ed:<\/p>\n<ul>\n<li>5 poloh nastaven\u00ed pro r\u016fzn\u00e9 d\u00e9lky pa\u017ee<\/li>\n<li>Skl\u00e1dac\u00ed mechanismus na prav\u00e9 stran\u011b kompatibiln\u00ed s optikou na rybinov\u00e9 li\u0161t\u011b<\/li>\n<li>Mo\u017enost st\u0159\u00edlet a p\u0159eb\u00edjet se slo\u017eenou pa\u017ebou<\/li>\n<li>N\u00edzk\u00fd profil<\/li>\n<li>Gumov\u00e1 botka absorbuj\u00edc\u00ed zp\u011btn\u00fd r\u00e1z<\/li>\n<li>Otvor pro popruh 1,25&#8243; a kompatibilita s QD portem<\/li>\n<\/ul>\n<p>V\u00e1ha 425 g a d\u00e9lka 223,5-289,5 mm. Vyrobeno v USA. Pozn\u00e1mka: Nen\u00ed kompatibiln\u00ed s jugosl\u00e1vsk\u00fdmi AK, Norinco Type 56S\/MAK-90 nebo fr\u00e9zovan\u00fdmi receivery.<\/p>\n<\/div>\n","protected":false},"excerpt":{"rendered":"<p>Magpul ZHUKOV-S: Skl\u00e1dac\u00ed, nastaviteln\u00e1 pa\u017eba pro AK s porty pro rychl\u00e9 odpojen\u00ed.<\/p>\n","protected":false},"featured_media":491483,"template":"","meta":{"_acf_changed":false},"product_brand":[11538],"product_cat":[12643,12669,12709,12658],"product_tag":[],"class_list":{"0":"post-529395","1":"product","2":"type-product","3":"status-publish","4":"has-post-thumbnail","6":"product_brand-magpul","7":"product_cat-ak-tuning","8":"product_cat-pazby","9":"product_cat-puska","10":"product_cat-rifle-tuning","12":"first","13":"instock","14":"taxable","15":"shipping-taxable","16":"purchasable","17":"product-type-variable","18":"wvs-archive-product-wrapper"},"acf":[],"_links":{"self":[{"href":"https:\/\/staging.nbg.eu\/cs\/wp-json\/wp\/v2\/product\/529395","targetHints":{"allow":["GET"]}}],"collection":[{"href":"https:\/\/staging.nbg.eu\/cs\/wp-json\/wp\/v2\/product"}],"about":[{"href":"https:\/\/staging.nbg.eu\/cs\/wp-json\/wp\/v2\/types\/product"}],"wp:featuredmedia":[{"embeddable":true,"href":"https:\/\/staging.nbg.eu\/cs\/wp-json\/wp\/v2\/media\/491483"}],"wp:attachment":[{"href":"https:\/\/staging.nbg.eu\/cs\/wp-json\/wp\/v2\/media?parent=529395"}],"wp:term":[{"taxonomy":"product_brand","embeddable":true,"href":"https:\/\/staging.nbg.eu\/cs\/wp-json\/wp\/v2\/product_brand?post=529395"},{"taxonomy":"product_cat","embeddable":true,"href":"https:\/\/staging.nbg.eu\/cs\/wp-json\/wp\/v2\/product_cat?post=529395"},{"taxonomy":"product_tag","embeddable":true,"href":"https:\/\/staging.nbg.eu\/cs\/wp-json\/wp\/v2\/product_tag?post=529395"}],"curies":[{"name":"wp","href":"https:\/\/api.w.org\/{rel}","templated":true}]}}