{"id":529275,"date":"2025-09-02T20:21:32","date_gmt":"2025-09-02T17:21:32","guid":{"rendered":"https:\/\/staging.nbg.eu\/product\/magpul-gl-enhanced-magazine-well-for-glock-19-gen-4-mag950\/"},"modified":"2025-09-26T12:31:39","modified_gmt":"2025-09-26T09:31:39","slug":"magpul-gl-rozsirena-sachta-zasobniku-pro-glock-19-gen-4-mag950","status":"publish","type":"product","link":"https:\/\/staging.nbg.eu\/cs\/produkt\/magpul-gl-rozsirena-sachta-zasobniku-pro-glock-19-gen-4-mag950\/","title":{"rendered":"Magpul &#8211; GL rozsirena sachta zasobniku pro GLOCK 19 GEN 4 &#8211; MAG950"},"content":{"rendered":"<h2>Magpul GL roz\u0161\u00ed\u0159en\u00e9 \u00fast\u00ed z\u00e1sobn\u00edku pro GLOCK\u00ae 19 Gen4 &#8211; MAG950<\/h2>\n<p>Magpul nab\u00edz\u00ed z\u00e1sobn\u00edkovou \u0161achtu pro GLOCK 19 Gen4. Je navr\u017eena pro snadn\u00e9 vkl\u00e1d\u00e1n\u00ed a vyj\u00edm\u00e1n\u00ed z\u00e1sobn\u00edku. Hlavn\u00ed vlastnosti zahrnuj\u00ed:<\/p>\n<ul>\n<li>Design pro snadn\u00e9 skryt\u00ed<\/li>\n<li>Optimalizov\u00e1no pro standardn\u00ed z\u00e1sobn\u00edky GLOCK a Magpul GL9\u00ae PMAGs\u00ae<\/li>\n<li>Hladk\u00e1 rampa a geometrie hran pro manipulaci se z\u00e1sobn\u00edkem<\/li>\n<li>Vyrobeno v USA<\/li>\n<\/ul>\n<p><strong>Pozn\u00e1mka:<\/strong> Nen\u00ed kompatibiln\u00ed s modul\u00e1rn\u00edmi zadn\u00edmi \u010d\u00e1stmi rukojeti GLOCK nebo n\u011bkter\u00fdmi z\u00e1sobn\u00edky se sn\u00ed\u017eenou kapacitou. Doporu\u010duje se odborn\u00e1 instalace v p\u0159\u00edpad\u011b t\u011bsn\u00e9ho usazen\u00ed.<\/p>\n","protected":false},"excerpt":{"rendered":"<p>Vylep\u0161ete vkl\u00e1d\u00e1n\u00ed z\u00e1sobn\u00edku do GLOCK 19 Gen4 pomoc\u00ed elegantn\u00edho n\u00e1stavce z\u00e1sobn\u00edkov\u00e9 \u0161achty od Magpulu.<\/p>\n","protected":false},"featured_media":491114,"template":"","meta":{"_acf_changed":false},"product_brand":[11400,11538],"product_cat":[12710,12666],"product_tag":[],"class_list":{"0":"post-529275","1":"product","2":"type-product","3":"status-publish","4":"has-post-thumbnail","6":"product_brand-glock","7":"product_brand-magpul","8":"product_cat-dily-na-pistole","9":"product_cat-pistole","11":"first","12":"instock","13":"taxable","14":"shipping-taxable","15":"purchasable","16":"product-type-simple"},"acf":[],"_links":{"self":[{"href":"https:\/\/staging.nbg.eu\/cs\/wp-json\/wp\/v2\/product\/529275","targetHints":{"allow":["GET"]}}],"collection":[{"href":"https:\/\/staging.nbg.eu\/cs\/wp-json\/wp\/v2\/product"}],"about":[{"href":"https:\/\/staging.nbg.eu\/cs\/wp-json\/wp\/v2\/types\/product"}],"wp:featuredmedia":[{"embeddable":true,"href":"https:\/\/staging.nbg.eu\/cs\/wp-json\/wp\/v2\/media\/491114"}],"wp:attachment":[{"href":"https:\/\/staging.nbg.eu\/cs\/wp-json\/wp\/v2\/media?parent=529275"}],"wp:term":[{"taxonomy":"product_brand","embeddable":true,"href":"https:\/\/staging.nbg.eu\/cs\/wp-json\/wp\/v2\/product_brand?post=529275"},{"taxonomy":"product_cat","embeddable":true,"href":"https:\/\/staging.nbg.eu\/cs\/wp-json\/wp\/v2\/product_cat?post=529275"},{"taxonomy":"product_tag","embeddable":true,"href":"https:\/\/staging.nbg.eu\/cs\/wp-json\/wp\/v2\/product_tag?post=529275"}],"curies":[{"name":"wp","href":"https:\/\/api.w.org\/{rel}","templated":true}]}}