{"id":52884,"date":"2024-03-08T09:51:57","date_gmt":"2024-03-08T09:51:57","guid":{"rendered":"https:\/\/staging.nbg.eu\/product\/bronze-spiral-shotgun-brush\/"},"modified":"2024-09-13T12:44:41","modified_gmt":"2024-09-13T12:44:41","slug":"bronzovy-spiralovy-kartac-na-brokovnici","status":"publish","type":"product","link":"https:\/\/staging.nbg.eu\/cs\/produkt\/bronzovy-spiralovy-kartac-na-brokovnici\/","title":{"rendered":"Bronzov\u00fd spir\u00e1lov\u00fd kart\u00e1\u010d na brokovnici"},"content":{"rendered":"<p>Bronzov\u00fd spir\u00e1lov\u00fd kart\u00e1\u010d na brokovnici od Bore Tech m\u00e1 smy\u010dkov\u00e9 \u0161t\u011btiny. Je vyroben z fosforem obohacen\u00e9ho bronzu bezpe\u010dn\u00e9ho pro hlave\u0148 a \u00fa\u010dinn\u011b odstra\u0148uje plastov\u00e9 ne\u010distoty. Vydr\u017e\u00ed d\u00e9le ne\u017e standardn\u00ed kart\u00e1\u010de s dr\u00e1t\u011bn\u00fdmi \u0161t\u011btinami. K dispozici pro r\u00e1\u017ee 10 a\u017e .410, pasuje na standardn\u00ed ty\u010dky se z\u00e1vitem 5\/16-27.<\/p>\n","protected":false},"excerpt":{"rendered":"<p>Inovativn\u00ed spir\u00e1lov\u00fd kart\u00e1\u010d pro d\u016fkladn\u00e9 a bezpe\u010dn\u00e9 \u010di\u0161t\u011bn\u00ed hlavn\u011b brokovnice.<\/p>\n","protected":false},"featured_media":52885,"template":"","meta":{"_acf_changed":false},"product_brand":[11146],"product_cat":[12690,12717],"product_tag":[],"class_list":{"0":"post-52884","1":"product","2":"type-product","3":"status-publish","4":"has-post-thumbnail","6":"product_brand-boretech","7":"product_cat-cisteni-zbrani","8":"product_cat-kartace","10":"first","11":"outofstock","12":"taxable","13":"shipping-taxable","14":"purchasable","15":"product-type-simple"},"acf":[],"_links":{"self":[{"href":"https:\/\/staging.nbg.eu\/cs\/wp-json\/wp\/v2\/product\/52884","targetHints":{"allow":["GET"]}}],"collection":[{"href":"https:\/\/staging.nbg.eu\/cs\/wp-json\/wp\/v2\/product"}],"about":[{"href":"https:\/\/staging.nbg.eu\/cs\/wp-json\/wp\/v2\/types\/product"}],"wp:featuredmedia":[{"embeddable":true,"href":"https:\/\/staging.nbg.eu\/cs\/wp-json\/wp\/v2\/media\/52885"}],"wp:attachment":[{"href":"https:\/\/staging.nbg.eu\/cs\/wp-json\/wp\/v2\/media?parent=52884"}],"wp:term":[{"taxonomy":"product_brand","embeddable":true,"href":"https:\/\/staging.nbg.eu\/cs\/wp-json\/wp\/v2\/product_brand?post=52884"},{"taxonomy":"product_cat","embeddable":true,"href":"https:\/\/staging.nbg.eu\/cs\/wp-json\/wp\/v2\/product_cat?post=52884"},{"taxonomy":"product_tag","embeddable":true,"href":"https:\/\/staging.nbg.eu\/cs\/wp-json\/wp\/v2\/product_tag?post=52884"}],"curies":[{"name":"wp","href":"https:\/\/api.w.org\/{rel}","templated":true}]}}