{"id":52781,"date":"2024-03-11T05:07:53","date_gmt":"2024-03-11T05:07:53","guid":{"rendered":"https:\/\/staging.nbg.eu\/product\/bore-tech-alloy-shotgun-stix-36\/"},"modified":"2024-09-13T11:36:17","modified_gmt":"2024-09-13T11:36:17","slug":"bore-tech-alloy-shotgun-stix-36","status":"publish","type":"product","link":"https:\/\/staging.nbg.eu\/cs\/produkt\/bore-tech-alloy-shotgun-stix-36\/","title":{"rendered":"Bore Tech Alloy Shotgun Stix 36&#8243;"},"content":{"rendered":"<p>\nBore Tech Alloy Shotgun Stix 36&#8243; obsahuje:<\/p>\n<ul>\n<li>Ergonomickou rukoje\u0165 s ty\u010d\u00ed z leteck\u00e9 slitiny bezpe\u010dnou pro hlave\u0148<\/li>\n<li>Vysokou tuhost pro brokovnice r\u00e1\u017ee 410-10<\/li>\n<li>36&#8243; pracovn\u00ed d\u00e9lku (jednod\u00edln\u00e1 konfigurace)<\/li>\n<li>Zakon\u010den\u00ed se standardn\u00edm z\u00e1vitem 5\/16-27<\/li>\n<li>Kompatibilitu s n\u00e1stavci pro \u010di\u0161t\u011bn\u00ed brokovnic a bronzov\u00fdmi kart\u00e1\u010di<\/li>\n<\/ul>\n<p>Tento odoln\u00fd a v\u00edce\u00fa\u010delov\u00fd \u010distic\u00ed n\u00e1stroj zaji\u0161\u0165uje \u00fa\u010dinn\u00e9 \u010di\u0161t\u011bn\u00ed.<\/p>\n","protected":false},"excerpt":{"rendered":"<p>Pevn\u00e1 91cm slitinov\u00e1 ty\u010d pro brokovnice r\u00e1\u017ee 410-10. Ergonomick\u00e1 rukoje\u0165.<\/p>\n","protected":false},"featured_media":52782,"template":"","meta":{"_acf_changed":false},"product_brand":[],"product_cat":[12690,12649,12715],"product_tag":[],"class_list":{"0":"post-52781","1":"product","2":"type-product","3":"status-publish","4":"has-post-thumbnail","6":"product_cat-cisteni-zbrani","7":"product_cat-cistici-tyce","8":"product_cat-jehly-na-cisteni","10":"first","11":"outofstock","12":"taxable","13":"shipping-taxable","14":"purchasable","15":"product-type-simple"},"acf":[],"_links":{"self":[{"href":"https:\/\/staging.nbg.eu\/cs\/wp-json\/wp\/v2\/product\/52781","targetHints":{"allow":["GET"]}}],"collection":[{"href":"https:\/\/staging.nbg.eu\/cs\/wp-json\/wp\/v2\/product"}],"about":[{"href":"https:\/\/staging.nbg.eu\/cs\/wp-json\/wp\/v2\/types\/product"}],"wp:featuredmedia":[{"embeddable":true,"href":"https:\/\/staging.nbg.eu\/cs\/wp-json\/wp\/v2\/media\/52782"}],"wp:attachment":[{"href":"https:\/\/staging.nbg.eu\/cs\/wp-json\/wp\/v2\/media?parent=52781"}],"wp:term":[{"taxonomy":"product_brand","embeddable":true,"href":"https:\/\/staging.nbg.eu\/cs\/wp-json\/wp\/v2\/product_brand?post=52781"},{"taxonomy":"product_cat","embeddable":true,"href":"https:\/\/staging.nbg.eu\/cs\/wp-json\/wp\/v2\/product_cat?post=52781"},{"taxonomy":"product_tag","embeddable":true,"href":"https:\/\/staging.nbg.eu\/cs\/wp-json\/wp\/v2\/product_tag?post=52781"}],"curies":[{"name":"wp","href":"https:\/\/api.w.org\/{rel}","templated":true}]}}