{"id":527805,"date":"2025-09-02T20:21:10","date_gmt":"2025-09-02T17:21:10","guid":{"rendered":"https:\/\/staging.nbg.eu\/product\/strike-industries-g5-magwell-for-glock-17-22-31-34-35-45-gen5-si-g5-magwell-17\/"},"modified":"2025-09-25T22:34:15","modified_gmt":"2025-09-25T19:34:15","slug":"strike-industries-g5-magwell-pro-glock-172231343545-gen5-si-g5-magwell-17","status":"publish","type":"product","link":"https:\/\/staging.nbg.eu\/cs\/produkt\/strike-industries-g5-magwell-pro-glock-172231343545-gen5-si-g5-magwell-17\/","title":{"rendered":"Strike Industries &#8211; G5 MagWell pro Glock 17\/22\/31\/34\/35\/45 Gen5 &#8211; SI-G5-MAGWELL-17"},"content":{"rendered":"<div class=\"product-description\">\n<h2>Strike Industries G5 MagWell pro Glock 17\/22\/31\/34\/35\/45 Gen5<\/h2>\n<p>Strike Industries G5 MagWell pro Glock Gen5 usnad\u0148uje v\u00fdm\u011bnu z\u00e1sobn\u00edku. Tento dopln\u011bk nem\u011bn\u00ed \u0161t\u00edhlou rukoje\u0165 pistole.<\/p>\n<ul>\n<li>Kompatibiln\u00ed s modely Glock G17\/G22\/G31\/G34\/G35\/G45 Gen5<\/li>\n<li>Roz\u0161\u00ed\u0159en\u00fd design pro snadn\u011bj\u0161\u00ed vlo\u017een\u00ed z\u00e1sobn\u00edku<\/li>\n<li>Lehk\u00e1 (11,3 g) a odoln\u00e1 konstrukce z vysoce pevn\u00e9ho polymeru<\/li>\n<li>Snadn\u00e1 instalace pomoc\u00ed p\u0159ilo\u017een\u00e9ho \u0161roubu M4 a 2,5mm imbusov\u00e9ho kl\u00ed\u010de<\/li>\n<li>Rozm\u011bry: 61,72 mm (D) x 37,34 mm (\u0160) x 23,11 mm (V)<\/li>\n<\/ul>\n<p>Zlep\u0161uje rychlost a konzistenci p\u0159eb\u00edjen\u00ed. Kompatibiln\u00ed s v\u011bt\u0161inou z\u00e1kladen a n\u00e1stavc\u016f z\u00e1sobn\u00edk\u016f t\u0159et\u00edch stran. Vhodn\u00fd dopln\u011bk ke Strike EMP.<\/p>\n<p><strong>Pozn\u00e1mka:<\/strong> P\u0159i instalaci neutahujte \u0161roub p\u0159\u00edli\u0161, aby nedo\u0161lo k po\u0161kozen\u00ed nebo vych\u00fdlen\u00ed.<\/p>\n<\/div>\n","protected":false},"excerpt":{"rendered":"<p>Vylep\u0161ete p\u0159eb\u00edjen\u00ed Glock Gen5 s elegantn\u00edm n\u00e1stavcem z\u00e1sobn\u00edkov\u00e9 \u0161achty od Strike Industries.<\/p>\n","protected":false},"featured_media":490768,"template":"","meta":{"_acf_changed":false},"product_brand":[11400,11538],"product_cat":[12710,12666],"product_tag":[],"class_list":{"0":"post-527805","1":"product","2":"type-product","3":"status-publish","4":"has-post-thumbnail","6":"product_brand-glock","7":"product_brand-magpul","8":"product_cat-dily-na-pistole","9":"product_cat-pistole","11":"first","12":"instock","13":"taxable","14":"shipping-taxable","15":"purchasable","16":"product-type-simple"},"acf":[],"_links":{"self":[{"href":"https:\/\/staging.nbg.eu\/cs\/wp-json\/wp\/v2\/product\/527805","targetHints":{"allow":["GET"]}}],"collection":[{"href":"https:\/\/staging.nbg.eu\/cs\/wp-json\/wp\/v2\/product"}],"about":[{"href":"https:\/\/staging.nbg.eu\/cs\/wp-json\/wp\/v2\/types\/product"}],"wp:featuredmedia":[{"embeddable":true,"href":"https:\/\/staging.nbg.eu\/cs\/wp-json\/wp\/v2\/media\/490768"}],"wp:attachment":[{"href":"https:\/\/staging.nbg.eu\/cs\/wp-json\/wp\/v2\/media?parent=527805"}],"wp:term":[{"taxonomy":"product_brand","embeddable":true,"href":"https:\/\/staging.nbg.eu\/cs\/wp-json\/wp\/v2\/product_brand?post=527805"},{"taxonomy":"product_cat","embeddable":true,"href":"https:\/\/staging.nbg.eu\/cs\/wp-json\/wp\/v2\/product_cat?post=527805"},{"taxonomy":"product_tag","embeddable":true,"href":"https:\/\/staging.nbg.eu\/cs\/wp-json\/wp\/v2\/product_tag?post=527805"}],"curies":[{"name":"wp","href":"https:\/\/api.w.org\/{rel}","templated":true}]}}