{"id":526989,"date":"2025-08-25T00:18:45","date_gmt":"2025-08-24T21:18:45","guid":{"rendered":"https:\/\/staging.nbg.eu\/product\/ftcs-enlarged-magazine-catch-with-shelf-ak-platform-no-16\/"},"modified":"2025-09-25T22:05:25","modified_gmt":"2025-09-25T19:05:25","slug":"ftcs-zvetseny-zachyt-zasobniku-s-polickou-platforma-ak-c16","status":"publish","type":"product","link":"https:\/\/staging.nbg.eu\/cs\/produkt\/ftcs-zvetseny-zachyt-zasobniku-s-polickou-platforma-ak-c16\/","title":{"rendered":"FTCS &#8211; Zvetseny zachyt zasobniku s polickou &#8211; platforma AK &#8211; c.16"},"content":{"rendered":"<div class=\"product-description\">\n<h2>FTCS &#8211; Zv\u011bt\u0161en\u00e1 z\u00e1chytka z\u00e1sobn\u00edku s polic\u00ed &#8211; platforma AK &#8211; \u010d. 16<\/h2>\n<p>Zv\u011bt\u0161en\u00e1 z\u00e1chytka z\u00e1sobn\u00edku s polic\u00ed pro uvoln\u011bn\u00ed z\u00e1sobn\u00edku ukazov\u00e1\u010dkem pro karabiny platformy AK. Vyrobeno z oceli s povrchovou \u00fapravou Cerakote Graphite Black H-146.<\/p>\n<h2>Hlavn\u00ed vlastnosti:<\/h2>\n<ul>\n<li>Kompatibiln\u00ed s v\u011bt\u0161inou zbran\u00ed typu AK\/AKM\/AK-74<\/li>\n<li>Ocelov\u00e1 konstrukce<\/li>\n<li>Zv\u011bt\u0161en\u00fd design<\/li>\n<li>Dodate\u010dn\u00e1 police pro uvoln\u011bn\u00ed z\u00e1sobn\u00edku ukazov\u00e1\u010dkem<\/li>\n<\/ul>\n<h2>Technick\u00e9 specifikace:<\/h2>\n<ul>\n<li>Rozm\u011bry: 55 x 52 x 21 mm<\/li>\n<li>Hmotnost: 20 g<\/li>\n<li>Povrchov\u00e1 \u00faprava: Cerakote Graphite Black H-146<\/li>\n<\/ul>\n<p>FTCS Zv\u011bt\u0161en\u00e1 z\u00e1chytka z\u00e1sobn\u00edku s polic\u00ed &#8211; \u010d. 16 pro karabiny platformy AK.<\/p>\n<\/div>\n","protected":false},"excerpt":{"rendered":"<p>Vylep\u0161en\u00e9 uvol\u0148ov\u00e1n\u00ed z\u00e1sobn\u00edku pro platformu AK s op\u011brkou pro prst. Ocel, \u010dern\u00e1.<\/p>\n","protected":false},"featured_media":481336,"template":"","meta":{"_acf_changed":false},"product_brand":[11310],"product_cat":[12643,12709,12658],"product_tag":[],"class_list":{"0":"post-526989","1":"product","2":"type-product","3":"status-publish","4":"has-post-thumbnail","6":"product_brand-ftcs","7":"product_cat-ak-tuning","8":"product_cat-puska","9":"product_cat-rifle-tuning","11":"first","12":"instock","13":"taxable","14":"shipping-taxable","15":"purchasable","16":"product-type-simple"},"acf":[],"_links":{"self":[{"href":"https:\/\/staging.nbg.eu\/cs\/wp-json\/wp\/v2\/product\/526989","targetHints":{"allow":["GET"]}}],"collection":[{"href":"https:\/\/staging.nbg.eu\/cs\/wp-json\/wp\/v2\/product"}],"about":[{"href":"https:\/\/staging.nbg.eu\/cs\/wp-json\/wp\/v2\/types\/product"}],"wp:featuredmedia":[{"embeddable":true,"href":"https:\/\/staging.nbg.eu\/cs\/wp-json\/wp\/v2\/media\/481336"}],"wp:attachment":[{"href":"https:\/\/staging.nbg.eu\/cs\/wp-json\/wp\/v2\/media?parent=526989"}],"wp:term":[{"taxonomy":"product_brand","embeddable":true,"href":"https:\/\/staging.nbg.eu\/cs\/wp-json\/wp\/v2\/product_brand?post=526989"},{"taxonomy":"product_cat","embeddable":true,"href":"https:\/\/staging.nbg.eu\/cs\/wp-json\/wp\/v2\/product_cat?post=526989"},{"taxonomy":"product_tag","embeddable":true,"href":"https:\/\/staging.nbg.eu\/cs\/wp-json\/wp\/v2\/product_tag?post=526989"}],"curies":[{"name":"wp","href":"https:\/\/api.w.org\/{rel}","templated":true}]}}