{"id":52266,"date":"2024-03-12T18:05:32","date_gmt":"2024-09-13T11:32:45","guid":{"rendered":"https:\/\/staging.nbg.eu\/product\/bore-tech-x-count-patches-multiple-sizes\/"},"modified":"2024-09-13T11:33:56","modified_gmt":"2024-09-13T11:33:56","slug":"bore-tech-x-count-cistici-naplasti-vice-velikosti","status":"publish","type":"product","link":"https:\/\/staging.nbg.eu\/cs\/produkt\/bore-tech-x-count-cistici-naplasti-vice-velikosti\/","title":{"rendered":"Bore Tech X-Count \u010cist\u00edc\u00ed n\u00e1plasti (V\u00edce velikost\u00ed)"},"content":{"rendered":"<p>\u010cistic\u00ed z\u00e1platy Bore Tech X-Count\u2122: Vlastnosti:<\/p>\n<ul>\n<li>100% bavln\u011bn\u00fd flanel<\/li>\n<li>Oboustrann\u011b \u010desan\u00fd materi\u00e1l, kter\u00fd se net\u0159ep\u00ed<\/li>\n<li>\u00da\u010dinn\u00e9 \u010di\u0161t\u011bn\u00ed<\/li>\n<li>Dobr\u00e1 absorpce rozpou\u0161t\u011bdla<\/li>\n<li>Vyrobeno v USA<\/li>\n<li>Vhodn\u00e9 pro r\u016fzn\u00e9 typy zbran\u00ed a r\u00e1\u017ee<\/li>\n<li>Dod\u00e1v\u00e1no v uzav\u00edrateln\u00e9m balen\u00ed s o\u010dkem pro zav\u011b\u0161en\u00ed<\/li>\n<\/ul>\n","protected":false},"excerpt":{"rendered":"<p>Pr\u00e9miov\u00e9 bavln\u011bn\u00e9 \u010distic\u00ed had\u0159\u00edky na zbran\u011b, r\u016fzn\u00e9 velikosti. Vyrobeno v USA.<\/p>\n","protected":false},"featured_media":52267,"template":"","meta":{"_acf_changed":false},"product_brand":[11146],"product_cat":[12690,12716],"product_tag":[],"class_list":{"0":"post-52266","1":"product","2":"type-product","3":"status-publish","4":"has-post-thumbnail","6":"product_brand-boretech","7":"product_cat-cisteni-zbrani","8":"product_cat-cistici-naplasti","10":"first","11":"instock","12":"taxable","13":"shipping-taxable","14":"purchasable","15":"product-type-variable","16":"wvs-archive-product-wrapper"},"acf":[],"_links":{"self":[{"href":"https:\/\/staging.nbg.eu\/cs\/wp-json\/wp\/v2\/product\/52266","targetHints":{"allow":["GET"]}}],"collection":[{"href":"https:\/\/staging.nbg.eu\/cs\/wp-json\/wp\/v2\/product"}],"about":[{"href":"https:\/\/staging.nbg.eu\/cs\/wp-json\/wp\/v2\/types\/product"}],"wp:featuredmedia":[{"embeddable":true,"href":"https:\/\/staging.nbg.eu\/cs\/wp-json\/wp\/v2\/media\/52267"}],"wp:attachment":[{"href":"https:\/\/staging.nbg.eu\/cs\/wp-json\/wp\/v2\/media?parent=52266"}],"wp:term":[{"taxonomy":"product_brand","embeddable":true,"href":"https:\/\/staging.nbg.eu\/cs\/wp-json\/wp\/v2\/product_brand?post=52266"},{"taxonomy":"product_cat","embeddable":true,"href":"https:\/\/staging.nbg.eu\/cs\/wp-json\/wp\/v2\/product_cat?post=52266"},{"taxonomy":"product_tag","embeddable":true,"href":"https:\/\/staging.nbg.eu\/cs\/wp-json\/wp\/v2\/product_tag?post=52266"}],"curies":[{"name":"wp","href":"https:\/\/api.w.org\/{rel}","templated":true}]}}