{"id":52069,"date":"2024-03-12T19:00:56","date_gmt":"2024-09-13T11:29:40","guid":{"rendered":"https:\/\/staging.nbg.eu\/product\/bore-tech-rimfire-blend\/"},"modified":"2024-09-13T11:30:25","modified_gmt":"2024-09-13T11:30:25","slug":"bore-tech-rimfire-blend","status":"publish","type":"product","link":"https:\/\/staging.nbg.eu\/cs\/produkt\/bore-tech-rimfire-blend\/","title":{"rendered":"Bore Tech Rimfire Blend"},"content":{"rendered":"<div class=\"product-description\">\n<h2>Bore Tech \u010disti\u010d hlavn\u00ed pro malor\u00e1\u017eky<\/h2>\n<p>Tento \u010disti\u010d je ur\u010den pro st\u0159elce z malor\u00e1\u017eek. Odstra\u0148uje olovo, zbytky st\u0159eln\u00e9ho prachu a vosk z kulek. Pou\u017e\u00edvaj\u00ed ho sout\u011b\u017en\u00ed st\u0159elci a v\u00fdrobci pu\u0161ek.<\/p>\n<ul>\n<li>Bez obsahu amoniaku a bez z\u00e1pachu<\/li>\n<li>100% biologicky rozlo\u017eiteln\u00fd<\/li>\n<li>Odstra\u0148uje vrstvy olova, vosku a uhl\u00edku<\/li>\n<li>Vy\u017eaduje minim\u00e1ln\u00ed kart\u00e1\u010dov\u00e1n\u00ed<\/li>\n<li>Bezpe\u010dn\u00fd pro v\u0161echny typy hlavn\u00ed<\/li>\n<\/ul>\n<p>Vyzkou\u0161ejte \u010distic\u00ed prost\u0159edek Bore Tech.<\/p>\n<\/div>\n","protected":false},"excerpt":{"rendered":"<p>\u00da\u010dinn\u00fd \u010disti\u010d pro malor\u00e1\u017eky odstra\u0148uje olovo, vosk a uhl\u00edk. Neobsahuje amoniak.<\/p>\n","protected":false},"featured_media":52070,"template":"","meta":{"_acf_changed":false},"product_brand":[11146],"product_cat":[12690,12704],"product_tag":[],"class_list":{"0":"post-52069","1":"product","2":"type-product","3":"status-publish","4":"has-post-thumbnail","6":"product_brand-boretech","7":"product_cat-cisteni-zbrani","8":"product_cat-cistici-prostredky","10":"first","11":"instock","12":"taxable","13":"shipping-taxable","14":"purchasable","15":"product-type-variable","16":"wvs-archive-product-wrapper"},"acf":[],"_links":{"self":[{"href":"https:\/\/staging.nbg.eu\/cs\/wp-json\/wp\/v2\/product\/52069","targetHints":{"allow":["GET"]}}],"collection":[{"href":"https:\/\/staging.nbg.eu\/cs\/wp-json\/wp\/v2\/product"}],"about":[{"href":"https:\/\/staging.nbg.eu\/cs\/wp-json\/wp\/v2\/types\/product"}],"wp:featuredmedia":[{"embeddable":true,"href":"https:\/\/staging.nbg.eu\/cs\/wp-json\/wp\/v2\/media\/52070"}],"wp:attachment":[{"href":"https:\/\/staging.nbg.eu\/cs\/wp-json\/wp\/v2\/media?parent=52069"}],"wp:term":[{"taxonomy":"product_brand","embeddable":true,"href":"https:\/\/staging.nbg.eu\/cs\/wp-json\/wp\/v2\/product_brand?post=52069"},{"taxonomy":"product_cat","embeddable":true,"href":"https:\/\/staging.nbg.eu\/cs\/wp-json\/wp\/v2\/product_cat?post=52069"},{"taxonomy":"product_tag","embeddable":true,"href":"https:\/\/staging.nbg.eu\/cs\/wp-json\/wp\/v2\/product_tag?post=52069"}],"curies":[{"name":"wp","href":"https:\/\/api.w.org\/{rel}","templated":true}]}}