{"id":51883,"date":"2024-03-12T19:14:59","date_gmt":"2024-09-13T11:27:08","guid":{"rendered":"https:\/\/staging.nbg.eu\/product\/bore-tech-cu2-copper-remover\/"},"modified":"2024-09-13T11:27:53","modified_gmt":"2024-09-13T11:27:53","slug":"bore-tech-cu2-odstranovac-medi","status":"publish","type":"product","link":"https:\/\/staging.nbg.eu\/cs\/produkt\/bore-tech-cu2-odstranovac-medi\/","title":{"rendered":"Bore Tech CU+2 Odstra\u0148ova\u010d m\u011bdi"},"content":{"rendered":"<div class=\"product-description\">\n<h2>Bore Tech CU+2 Odstra\u0148ova\u010d m\u011bdi<\/h2>\n<p>Patentovan\u00fd Cu+2 Copper Remover\u2122 odstra\u0148uje m\u011bd\u011bn\u00e9 zne\u010di\u0161t\u011bn\u00ed. Tento roztok p\u0159ekon\u00e1v\u00e1 tradi\u010dn\u00ed rozpou\u0161t\u011bdla na b\u00e1zi petrolejov\u00e9 amoniaku a nab\u00edz\u00ed:<\/p>\n<ul>\n<li>100% bezpe\u010dn\u00fd pro hlave\u0148 a bez obsahu amoniaku<\/li>\n<li>Bez z\u00e1pachu a biologicky rozlo\u017eiteln\u00fd<\/li>\n<li>Rychl\u00e9 a \u00fapln\u00e9 odstran\u011bn\u00ed m\u011bdi<\/li>\n<li>Dvoustup\u0148ov\u00fd proces pro d\u016fkladn\u00e9 \u010di\u0161t\u011bn\u00ed<\/li>\n<li>Kr\u00e1tkodob\u00e1 prevence proti rzi<\/li>\n<\/ul>\n<p>Tento u\u017eivatelsky p\u0159\u00edv\u011btiv\u00fd, nehazardn\u00ed odstra\u0148ova\u010d m\u011bdi je ur\u010den pro \u00fadr\u017ebu st\u0159eln\u00fdch zbran\u00ed.<\/p>\n<\/div>\n","protected":false},"excerpt":{"rendered":"<p>Patentovan\u00fd odstra\u0148ova\u010d m\u011bdi bez obsahu amoniaku. Rychle p\u016fsob\u00edc\u00ed, bezpe\u010dn\u00fd pro hlave\u0148 a bez z\u00e1pachu.<\/p>\n","protected":false},"featured_media":51884,"template":"","meta":{"_acf_changed":false},"product_brand":[11146],"product_cat":[12690,12704],"product_tag":[],"class_list":{"0":"post-51883","1":"product","2":"type-product","3":"status-publish","4":"has-post-thumbnail","6":"product_brand-boretech","7":"product_cat-cisteni-zbrani","8":"product_cat-cistici-prostredky","10":"first","11":"instock","12":"taxable","13":"shipping-taxable","14":"purchasable","15":"product-type-variable","16":"wvs-archive-product-wrapper"},"acf":[],"_links":{"self":[{"href":"https:\/\/staging.nbg.eu\/cs\/wp-json\/wp\/v2\/product\/51883","targetHints":{"allow":["GET"]}}],"collection":[{"href":"https:\/\/staging.nbg.eu\/cs\/wp-json\/wp\/v2\/product"}],"about":[{"href":"https:\/\/staging.nbg.eu\/cs\/wp-json\/wp\/v2\/types\/product"}],"wp:featuredmedia":[{"embeddable":true,"href":"https:\/\/staging.nbg.eu\/cs\/wp-json\/wp\/v2\/media\/51884"}],"wp:attachment":[{"href":"https:\/\/staging.nbg.eu\/cs\/wp-json\/wp\/v2\/media?parent=51883"}],"wp:term":[{"taxonomy":"product_brand","embeddable":true,"href":"https:\/\/staging.nbg.eu\/cs\/wp-json\/wp\/v2\/product_brand?post=51883"},{"taxonomy":"product_cat","embeddable":true,"href":"https:\/\/staging.nbg.eu\/cs\/wp-json\/wp\/v2\/product_cat?post=51883"},{"taxonomy":"product_tag","embeddable":true,"href":"https:\/\/staging.nbg.eu\/cs\/wp-json\/wp\/v2\/product_tag?post=51883"}],"curies":[{"name":"wp","href":"https:\/\/api.w.org\/{rel}","templated":true}]}}