{"id":51771,"date":"2024-03-13T05:48:23","date_gmt":"2024-03-13T05:48:23","guid":{"rendered":"https:\/\/staging.nbg.eu\/product\/bore-tech-c4-carbon-remover-4-oz\/"},"modified":"2024-09-13T10:07:18","modified_gmt":"2024-09-13T10:07:18","slug":"bore-tech-c4-odstranovac-uhliku-4-oz","status":"publish","type":"product","link":"https:\/\/staging.nbg.eu\/cs\/produkt\/bore-tech-c4-odstranovac-uhliku-4-oz\/","title":{"rendered":"Bore Tech C4 Odstra\u0148ova\u010d uhl\u00edku &#8211; 4 Oz"},"content":{"rendered":"<div class=\"product-description\">\n<h2>Bore Tech C4 odstra\u0148ova\u010d uhl\u00edku &#8211; 118 ml<\/h2>\n<p>Bore Tech C4 odstra\u0148ova\u010d uhl\u00edku \u00fa\u010dinn\u011b odstra\u0148uje siln\u00e9 zne\u010di\u0161t\u011bn\u00ed uhl\u00edkem bez nebezpe\u010d\u00ed, toxicity nebo z\u00e1pachu, kter\u00e9 se vyskytuj\u00ed u jin\u00fdch \u010distic\u00edch prost\u0159edk\u016f. Je 100% bezpe\u010dn\u00fd pro hlavn\u011b, nen\u00ed nebezpe\u010dn\u00fd a neobsahuje amoniak. Je vhodn\u00fd pro \u010di\u0161t\u011bn\u00ed hlavn\u00ed, nosi\u010d\u016f z\u00e1v\u011br\u016f a dal\u0161\u00edch sou\u010d\u00e1st\u00ed.<\/p>\n<\/div>\n","protected":false},"excerpt":{"rendered":"<p>Siln\u00fd a bezpe\u010dn\u00fd odstra\u0148ova\u010d karbonu pro st\u0159eln\u00e9 zbran\u011b. Rychl\u00fd a \u00fa\u010dinn\u00fd.<\/p>\n","protected":false},"featured_media":51772,"template":"","meta":{"_acf_changed":false},"product_brand":[11146],"product_cat":[12690,12704],"product_tag":[],"class_list":{"0":"post-51771","1":"product","2":"type-product","3":"status-publish","4":"has-post-thumbnail","6":"product_brand-boretech","7":"product_cat-cisteni-zbrani","8":"product_cat-cistici-prostredky","10":"first","11":"instock","12":"taxable","13":"shipping-taxable","14":"purchasable","15":"product-type-variable","16":"wvs-archive-product-wrapper"},"acf":[],"_links":{"self":[{"href":"https:\/\/staging.nbg.eu\/cs\/wp-json\/wp\/v2\/product\/51771","targetHints":{"allow":["GET"]}}],"collection":[{"href":"https:\/\/staging.nbg.eu\/cs\/wp-json\/wp\/v2\/product"}],"about":[{"href":"https:\/\/staging.nbg.eu\/cs\/wp-json\/wp\/v2\/types\/product"}],"wp:featuredmedia":[{"embeddable":true,"href":"https:\/\/staging.nbg.eu\/cs\/wp-json\/wp\/v2\/media\/51772"}],"wp:attachment":[{"href":"https:\/\/staging.nbg.eu\/cs\/wp-json\/wp\/v2\/media?parent=51771"}],"wp:term":[{"taxonomy":"product_brand","embeddable":true,"href":"https:\/\/staging.nbg.eu\/cs\/wp-json\/wp\/v2\/product_brand?post=51771"},{"taxonomy":"product_cat","embeddable":true,"href":"https:\/\/staging.nbg.eu\/cs\/wp-json\/wp\/v2\/product_cat?post=51771"},{"taxonomy":"product_tag","embeddable":true,"href":"https:\/\/staging.nbg.eu\/cs\/wp-json\/wp\/v2\/product_tag?post=51771"}],"curies":[{"name":"wp","href":"https:\/\/api.w.org\/{rel}","templated":true}]}}