{"id":51629,"date":"2024-03-14T09:15:35","date_gmt":"2024-09-13T10:04:49","guid":{"rendered":"https:\/\/staging.nbg.eu\/product\/boretech-nylon-chamber-brush-multiple-calibers\/"},"modified":"2024-09-13T10:05:31","modified_gmt":"2024-09-13T10:05:31","slug":"boretech-nylonovy-kartac-na-komoru-vice-razi","status":"publish","type":"product","link":"https:\/\/staging.nbg.eu\/cs\/produkt\/boretech-nylonovy-kartac-na-komoru-vice-razi\/","title":{"rendered":"BoreTech Nylonov\u00fd kart\u00e1\u010d na komoru (V\u00edce r\u00e1\u017e\u00ed)"},"content":{"rendered":"<div class=\"product-description\">\n<h2>BoreTech nylonov\u00fd kart\u00e1\u010d na komoru (r\u016fzn\u00e9 kalibry)<\/h2>\n<p>Nylonov\u00e9 kart\u00e1\u010de na komoru Bore Tech jsou navr\u017eeny pro bezpe\u010dnost a \u00fa\u010dinnost. Tyto kart\u00e1\u010de bezpe\u010dn\u00e9 pro komoru maj\u00ed n\u00e1sleduj\u00edc\u00ed vlastnosti:<\/p>\n<ul>\n<li>Kompatibilita s rychle p\u016fsob\u00edc\u00edmi \u010disti\u010di m\u011bdi<\/li>\n<li>Zdvojen\u00e1 \u010dist\u00edc\u00ed akce d\u00edky extra r\u00fdhovan\u00fdm nylonov\u00fdm \u0161t\u011btin\u00e1m<\/li>\n<li>P\u0159izp\u016fsoben\u00e9 pr\u016fm\u011bry \u0161t\u011btin pro ka\u017ed\u00fd kalibr<\/li>\n<li>Nej\u00e1dro kart\u00e1\u010de bez mosazi, dvojit\u011b vinut\u00e9 s uzav\u0159en\u00fdm koncem<\/li>\n<li>Hlin\u00edkov\u00e9 \u010depy leteck\u00e9 kvality pro odolnost<\/li>\n<\/ul>\n<p>Eliminuj\u00ed fale\u0161n\u00e9 indikace zne\u010di\u0161t\u011bn\u00ed m\u011bd\u00ed a modr\u00e9 skvrny spojen\u00e9 s fosfor-bronzov\u00fdmi kart\u00e1\u010di. Dostupn\u00e9 v jednotliv\u00fdch balen\u00edch pro .223\/5.56mm AR-15 a .308\/7.62mm AR-10.<\/p>\n<p>Bore Tech nab\u00edz\u00ed rychlej\u0161\u00ed a \u00fa\u010dinn\u011bj\u0161\u00ed \u010di\u0161t\u011bn\u00ed komory bez ohro\u017een\u00ed integrity va\u0161\u00ed zbran\u011b.<\/p>\n<\/div>\n","protected":false},"excerpt":{"rendered":"<p>Bezpe\u010dn\u00fd, odoln\u00fd nylonov\u00fd kart\u00e1\u010d na komoru pro efektivn\u00ed \u010di\u0161t\u011bn\u00ed st\u0159eln\u00fdch zbran\u00ed.<\/p>\n","protected":false},"featured_media":51630,"template":"","meta":{"_acf_changed":false},"product_brand":[11146],"product_cat":[12690,12717],"product_tag":[],"class_list":{"0":"post-51629","1":"product","2":"type-product","3":"status-publish","4":"has-post-thumbnail","6":"product_brand-boretech","7":"product_cat-cisteni-zbrani","8":"product_cat-kartace","9":"pa_model-ar-10-cs","10":"pa_model-ar-15-cs","12":"first","13":"instock","14":"taxable","15":"shipping-taxable","16":"purchasable","17":"product-type-variable","18":"wvs-archive-product-wrapper"},"acf":[],"_links":{"self":[{"href":"https:\/\/staging.nbg.eu\/cs\/wp-json\/wp\/v2\/product\/51629","targetHints":{"allow":["GET"]}}],"collection":[{"href":"https:\/\/staging.nbg.eu\/cs\/wp-json\/wp\/v2\/product"}],"about":[{"href":"https:\/\/staging.nbg.eu\/cs\/wp-json\/wp\/v2\/types\/product"}],"wp:featuredmedia":[{"embeddable":true,"href":"https:\/\/staging.nbg.eu\/cs\/wp-json\/wp\/v2\/media\/51630"}],"wp:attachment":[{"href":"https:\/\/staging.nbg.eu\/cs\/wp-json\/wp\/v2\/media?parent=51629"}],"wp:term":[{"taxonomy":"product_brand","embeddable":true,"href":"https:\/\/staging.nbg.eu\/cs\/wp-json\/wp\/v2\/product_brand?post=51629"},{"taxonomy":"product_cat","embeddable":true,"href":"https:\/\/staging.nbg.eu\/cs\/wp-json\/wp\/v2\/product_cat?post=51629"},{"taxonomy":"product_tag","embeddable":true,"href":"https:\/\/staging.nbg.eu\/cs\/wp-json\/wp\/v2\/product_tag?post=51629"}],"curies":[{"name":"wp","href":"https:\/\/api.w.org\/{rel}","templated":true}]}}