{"id":51502,"date":"2024-03-15T05:39:44","date_gmt":"2024-09-13T09:59:07","guid":{"rendered":"https:\/\/staging.nbg.eu\/product\/bore-tech-bullet-knock-out-set\/"},"modified":"2024-09-13T09:59:47","modified_gmt":"2024-09-13T09:59:47","slug":"bore-tech-sada-pro-vyrazeni-strel","status":"publish","type":"product","link":"https:\/\/staging.nbg.eu\/cs\/produkt\/bore-tech-sada-pro-vyrazeni-strel\/","title":{"rendered":"Bore Tech Sada pro vyra\u017een\u00ed st\u0159el"},"content":{"rendered":"<p><strong>Sada Bore Tech na vyra\u017een\u00ed st\u0159el<\/strong> je n\u00e1stroj pro st\u0159elce. Tato sada obsahuje 4 obr\u00e1b\u011bn\u00e9 mosazn\u00e9 hroty, ur\u010den\u00e9 k bezpe\u010dn\u00e9mu odstran\u011bn\u00ed uv\u00edzl\u00fdch st\u0159el nebo n\u00e1bojnic bez po\u0161kozen\u00ed \u010distic\u00ed ty\u010de. Je kompatibiln\u00ed s pu\u0161kami a pistolemi od r\u00e1\u017ee .17 do .50 a je vhodn\u00e1 pro pou\u017eit\u00ed na st\u0159elnici.<\/p>\n","protected":false},"excerpt":{"rendered":"<p>Nezbytn\u00fd n\u00e1stroj pro vyjmut\u00ed zaseknut\u00fdch st\u0159el. 4 mosazn\u00e9 hroty, r\u00e1\u017ee .17-.50.<\/p>\n","protected":false},"featured_media":51503,"template":"","meta":{"_acf_changed":false},"product_brand":[11146],"product_cat":[12690,12717],"product_tag":[],"class_list":{"0":"post-51502","1":"product","2":"type-product","3":"status-publish","4":"has-post-thumbnail","6":"product_brand-boretech","7":"product_cat-cisteni-zbrani","8":"product_cat-kartace","10":"first","11":"instock","12":"taxable","13":"shipping-taxable","14":"purchasable","15":"product-type-simple"},"acf":[],"_links":{"self":[{"href":"https:\/\/staging.nbg.eu\/cs\/wp-json\/wp\/v2\/product\/51502","targetHints":{"allow":["GET"]}}],"collection":[{"href":"https:\/\/staging.nbg.eu\/cs\/wp-json\/wp\/v2\/product"}],"about":[{"href":"https:\/\/staging.nbg.eu\/cs\/wp-json\/wp\/v2\/types\/product"}],"wp:featuredmedia":[{"embeddable":true,"href":"https:\/\/staging.nbg.eu\/cs\/wp-json\/wp\/v2\/media\/51503"}],"wp:attachment":[{"href":"https:\/\/staging.nbg.eu\/cs\/wp-json\/wp\/v2\/media?parent=51502"}],"wp:term":[{"taxonomy":"product_brand","embeddable":true,"href":"https:\/\/staging.nbg.eu\/cs\/wp-json\/wp\/v2\/product_brand?post=51502"},{"taxonomy":"product_cat","embeddable":true,"href":"https:\/\/staging.nbg.eu\/cs\/wp-json\/wp\/v2\/product_cat?post=51502"},{"taxonomy":"product_tag","embeddable":true,"href":"https:\/\/staging.nbg.eu\/cs\/wp-json\/wp\/v2\/product_tag?post=51502"}],"curies":[{"name":"wp","href":"https:\/\/api.w.org\/{rel}","templated":true}]}}